{"id":12260,"date":"2025-09-22T18:43:41","date_gmt":"2025-09-22T18:43:41","guid":{"rendered":"https:\/\/eltiosam.com.mx\/?post_type=product&#038;p=12260"},"modified":"2025-09-22T18:43:41","modified_gmt":"2025-09-22T18:43:41","slug":"horno-de-gas-60cmmabehm6027gwai0","status":"publish","type":"product","link":"https:\/\/eltiosam.com.mx\/index.php\/product\/horno-de-gas-60cmmabehm6027gwai0\/","title":{"rendered":"HORNO DE GAS 60CM\tMABE\tHM6027GWAI0"},"content":{"rendered":"<p>Cocina con m\u00e1s estilo, dise\u00f1o e innovaci\u00f3n para lucirte al cocinar. Tecnolog\u00eda Ultimate Cooking mejor distribuci\u00f3n de calor para una cocci\u00f3n envolvente, Ultimate Cleaning sistema de limpieza Easy CleanPRO y m\u00faltiples funciones: Timer, Gu\u00eda de Cocci\u00f3n en perilla, Asar, Gratinar, precalentar, sensor de cocci\u00f3n, encendido autom\u00e1tico y con el toque final perfecto gracias al Gratinador El\u00e9ctrico.<\/p>\n","protected":false},"excerpt":{"rendered":"<p>Cocina con m\u00e1s estilo, dise\u00f1o e innovaci\u00f3n para lucirte al cocinar. Tecnolog\u00eda Ultimate Cooking mejor distribuci\u00f3n de calor para una cocci\u00f3n envolvente, Ultimate Cleaning sistema de limpieza Easy CleanPRO y m\u00faltiples funciones: Timer, Gu\u00eda de Cocci\u00f3n en perilla, Asar, Gratinar, precalentar, sensor de cocci\u00f3n, encendido autom\u00e1tico y con el toque final perfecto gracias al Gratinador El\u00e9ctrico.<\/p>\n","protected":false},"featured_media":12263,"template":"","meta":{"_joinchat":[]},"product_brand":[],"product_cat":[69],"product_tag":[21],"class_list":{"0":"post-12260","1":"product","2":"type-product","3":"status-publish","4":"has-post-thumbnail","6":"product_cat-horno","7":"product_tag-mabe","9":"first","10":"instock","11":"shipping-taxable","12":"product-type-simple"},"_links":{"self":[{"href":"https:\/\/eltiosam.com.mx\/index.php\/wp-json\/wp\/v2\/product\/12260","targetHints":{"allow":["GET"]}}],"collection":[{"href":"https:\/\/eltiosam.com.mx\/index.php\/wp-json\/wp\/v2\/product"}],"about":[{"href":"https:\/\/eltiosam.com.mx\/index.php\/wp-json\/wp\/v2\/types\/product"}],"wp:featuredmedia":[{"embeddable":true,"href":"https:\/\/eltiosam.com.mx\/index.php\/wp-json\/wp\/v2\/media\/12263"}],"wp:attachment":[{"href":"https:\/\/eltiosam.com.mx\/index.php\/wp-json\/wp\/v2\/media?parent=12260"}],"wp:term":[{"taxonomy":"product_brand","embeddable":true,"href":"https:\/\/eltiosam.com.mx\/index.php\/wp-json\/wp\/v2\/product_brand?post=12260"},{"taxonomy":"product_cat","embeddable":true,"href":"https:\/\/eltiosam.com.mx\/index.php\/wp-json\/wp\/v2\/product_cat?post=12260"},{"taxonomy":"product_tag","embeddable":true,"href":"https:\/\/eltiosam.com.mx\/index.php\/wp-json\/wp\/v2\/product_tag?post=12260"}],"curies":[{"name":"wp","href":"https:\/\/api.w.org\/{rel}","templated":true}]}}