{"id":12256,"date":"2025-09-22T18:42:18","date_gmt":"2025-09-22T18:42:18","guid":{"rendered":"https:\/\/eltiosam.com.mx\/?post_type=product&#038;p=12256"},"modified":"2025-09-22T18:42:19","modified_gmt":"2025-09-22T18:42:19","slug":"estufa-empotrable-30mabemaoc80400ci","status":"publish","type":"product","link":"https:\/\/eltiosam.com.mx\/index.php\/product\/estufa-empotrable-30mabemaoc80400ci\/","title":{"rendered":"ESTUFA EMPOTRABLE 30&#8243;\tMABE\tMAOC80400CI"},"content":{"rendered":"<p>Estufa Empotrable Mabe MAOC80400CI &#8211; 80 cm Descubre la combinaci\u00f3n perfecta de estilo y funcionalidad con la Estufa Empotrable Mabe MAOC80400CI de 80 cm. Su dise\u00f1o moderno, realzado por un elegante capelo de cristal templado, se adapta a cualquier cocina, convirti\u00e9ndola en un elemento central tanto est\u00e9tico como pr\u00e1ctico. Caracter\u00edsticas Importantes: Parrillas de Fundici\u00f3n: Dise\u00f1adas con un enfoque robusto e innovador, estas parrillas ofrecen una estabilidad excepcional, permitiendo mover tus ollas con facilidad y seguridad. Perfect Cook: Gracias a su piso circular, esta estufa proporciona una mejor distribuci\u00f3n del calor, asegurando un horneado m\u00e1s uniforme para tus platillos favoritos. Recubrimiento Interior Easy Clean Pro: La limpieza es r\u00e1pida y sencilla, ya que su recubrimiento interior permite una limpieza tan f\u00e1cil como un vidrio, manteniendo tu estufa siempre impecable. Potencia Superior: Las estufas Mabe son hasta un 67% m\u00e1s potentes, lo que significa que podr\u00e1s cocinar m\u00e1s r\u00e1pido y eficientemente. Con la Estufa Mabe MAOC80400CI, disfrutar\u00e1s de una experiencia culinaria excepcional, dise\u00f1ada para inspirar a chefs de todos los niveles.<\/p>\n","protected":false},"excerpt":{"rendered":"<p>Estufa Empotrable Mabe MAOC80400CI &#8211; 80 cm Descubre la combinaci\u00f3n perfecta de estilo y funcionalidad con la Estufa Empotrable Mabe MAOC80400CI de 80 cm. Su dise\u00f1o moderno, realzado por un elegante capelo de cristal templado, se adapta a cualquier cocina, convirti\u00e9ndola en un elemento central tanto est\u00e9tico como pr\u00e1ctico.<\/p>\n","protected":false},"featured_media":12259,"template":"","meta":{"_joinchat":[]},"product_brand":[],"product_cat":[171],"product_tag":[21],"class_list":{"0":"post-12256","1":"product","2":"type-product","3":"status-publish","4":"has-post-thumbnail","6":"product_cat-estufas-de-empotre","7":"product_tag-mabe","9":"first","10":"instock","11":"shipping-taxable","12":"product-type-simple"},"_links":{"self":[{"href":"https:\/\/eltiosam.com.mx\/index.php\/wp-json\/wp\/v2\/product\/12256","targetHints":{"allow":["GET"]}}],"collection":[{"href":"https:\/\/eltiosam.com.mx\/index.php\/wp-json\/wp\/v2\/product"}],"about":[{"href":"https:\/\/eltiosam.com.mx\/index.php\/wp-json\/wp\/v2\/types\/product"}],"wp:featuredmedia":[{"embeddable":true,"href":"https:\/\/eltiosam.com.mx\/index.php\/wp-json\/wp\/v2\/media\/12259"}],"wp:attachment":[{"href":"https:\/\/eltiosam.com.mx\/index.php\/wp-json\/wp\/v2\/media?parent=12256"}],"wp:term":[{"taxonomy":"product_brand","embeddable":true,"href":"https:\/\/eltiosam.com.mx\/index.php\/wp-json\/wp\/v2\/product_brand?post=12256"},{"taxonomy":"product_cat","embeddable":true,"href":"https:\/\/eltiosam.com.mx\/index.php\/wp-json\/wp\/v2\/product_cat?post=12256"},{"taxonomy":"product_tag","embeddable":true,"href":"https:\/\/eltiosam.com.mx\/index.php\/wp-json\/wp\/v2\/product_tag?post=12256"}],"curies":[{"name":"wp","href":"https:\/\/api.w.org\/{rel}","templated":true}]}}