{"id":12220,"date":"2025-09-22T17:56:22","date_gmt":"2025-09-22T17:56:22","guid":{"rendered":"https:\/\/eltiosam.com.mx\/?post_type=product&#038;p=12220"},"modified":"2025-09-22T17:56:23","modified_gmt":"2025-09-22T17:56:23","slug":"horno-electrico-60cmge-profilehgp6065ewai1","status":"publish","type":"product","link":"https:\/\/eltiosam.com.mx\/index.php\/product\/horno-electrico-60cmge-profilehgp6065ewai1\/","title":{"rendered":"HORNO EL\u00c9CTRICO 60CM\tGE PROFILE\tHGP6065EWAI1"},"content":{"rendered":"<p>Convection Oven: eficiencia en tiempo y energ\u00eda, Meat Probe: programa el fin del ciclo de cocci\u00f3n al alcanzar la temperatura indicada, Steam Clean: el poder del vapor hace que la limpieza de tu horno sea m\u00e1s r\u00e1pida, Air Fry, fr\u00ede los alimentos sin la necesidad de utilizar aceite.<\/p>\n","protected":false},"excerpt":{"rendered":"<p>Convection Oven: eficiencia en tiempo y energ\u00eda, Meat Probe: programa el fin del ciclo de cocci\u00f3n al alcanzar la temperatura indicada, Steam Clean: el poder del vapor hace que la limpieza de tu horno sea m\u00e1s r\u00e1pida, Air Fry, fr\u00ede los alimentos sin la necesidad de utilizar aceite.<\/p>\n","protected":false},"featured_media":12215,"template":"","meta":{"_joinchat":[]},"product_brand":[],"product_cat":[69],"product_tag":[117],"class_list":{"0":"post-12220","1":"product","2":"type-product","3":"status-publish","4":"has-post-thumbnail","6":"product_cat-horno","7":"product_tag-ge-profile","9":"first","10":"instock","11":"shipping-taxable","12":"product-type-simple"},"_links":{"self":[{"href":"https:\/\/eltiosam.com.mx\/index.php\/wp-json\/wp\/v2\/product\/12220","targetHints":{"allow":["GET"]}}],"collection":[{"href":"https:\/\/eltiosam.com.mx\/index.php\/wp-json\/wp\/v2\/product"}],"about":[{"href":"https:\/\/eltiosam.com.mx\/index.php\/wp-json\/wp\/v2\/types\/product"}],"wp:featuredmedia":[{"embeddable":true,"href":"https:\/\/eltiosam.com.mx\/index.php\/wp-json\/wp\/v2\/media\/12215"}],"wp:attachment":[{"href":"https:\/\/eltiosam.com.mx\/index.php\/wp-json\/wp\/v2\/media?parent=12220"}],"wp:term":[{"taxonomy":"product_brand","embeddable":true,"href":"https:\/\/eltiosam.com.mx\/index.php\/wp-json\/wp\/v2\/product_brand?post=12220"},{"taxonomy":"product_cat","embeddable":true,"href":"https:\/\/eltiosam.com.mx\/index.php\/wp-json\/wp\/v2\/product_cat?post=12220"},{"taxonomy":"product_tag","embeddable":true,"href":"https:\/\/eltiosam.com.mx\/index.php\/wp-json\/wp\/v2\/product_tag?post=12220"}],"curies":[{"name":"wp","href":"https:\/\/api.w.org\/{rel}","templated":true}]}}