{"id":12212,"date":"2025-09-22T17:53:25","date_gmt":"2025-09-22T17:53:25","guid":{"rendered":"https:\/\/eltiosam.com.mx\/?post_type=product&#038;p=12212"},"modified":"2025-09-22T17:53:26","modified_gmt":"2025-09-22T17:53:26","slug":"horno-de-gas-80cmge-profilehgp8050k1","status":"publish","type":"product","link":"https:\/\/eltiosam.com.mx\/index.php\/product\/horno-de-gas-80cmge-profilehgp8050k1\/","title":{"rendered":"HORNO DE GAS 80CM\tGE PROFILE\tHGP8050K1"},"content":{"rendered":"<p>Convection Oven: logra una cocci\u00f3n uniforme de los alimentos, Meat Probe: programa el fin del ciclo de cocci\u00f3n al alcanzar la temperatura indicada,Steam Clean: limpia con el poder del vapor, Air Fry: fr\u00ede los alimentos a base de aire caliente, sin utilizar aceite.<\/p>\n","protected":false},"excerpt":{"rendered":"<p>Convection Oven: logra una cocci\u00f3n uniforme de los alimentos, Meat Probe: programa el fin del ciclo de cocci\u00f3n al alcanzar la temperatura indicada,Steam Clean: limpia con el poder del vapor, Air Fry: fr\u00ede los alimentos a base de aire caliente, sin utilizar aceite.<\/p>\n","protected":false},"featured_media":12215,"template":"","meta":{"_joinchat":[]},"product_brand":[],"product_cat":[69],"product_tag":[117],"class_list":{"0":"post-12212","1":"product","2":"type-product","3":"status-publish","4":"has-post-thumbnail","6":"product_cat-horno","7":"product_tag-ge-profile","9":"first","10":"instock","11":"shipping-taxable","12":"product-type-simple"},"_links":{"self":[{"href":"https:\/\/eltiosam.com.mx\/index.php\/wp-json\/wp\/v2\/product\/12212","targetHints":{"allow":["GET"]}}],"collection":[{"href":"https:\/\/eltiosam.com.mx\/index.php\/wp-json\/wp\/v2\/product"}],"about":[{"href":"https:\/\/eltiosam.com.mx\/index.php\/wp-json\/wp\/v2\/types\/product"}],"wp:featuredmedia":[{"embeddable":true,"href":"https:\/\/eltiosam.com.mx\/index.php\/wp-json\/wp\/v2\/media\/12215"}],"wp:attachment":[{"href":"https:\/\/eltiosam.com.mx\/index.php\/wp-json\/wp\/v2\/media?parent=12212"}],"wp:term":[{"taxonomy":"product_brand","embeddable":true,"href":"https:\/\/eltiosam.com.mx\/index.php\/wp-json\/wp\/v2\/product_brand?post=12212"},{"taxonomy":"product_cat","embeddable":true,"href":"https:\/\/eltiosam.com.mx\/index.php\/wp-json\/wp\/v2\/product_cat?post=12212"},{"taxonomy":"product_tag","embeddable":true,"href":"https:\/\/eltiosam.com.mx\/index.php\/wp-json\/wp\/v2\/product_tag?post=12212"}],"curies":[{"name":"wp","href":"https:\/\/api.w.org\/{rel}","templated":true}]}}