{"id":12203,"date":"2025-09-22T17:50:34","date_gmt":"2025-09-22T17:50:34","guid":{"rendered":"https:\/\/eltiosam.com.mx\/?post_type=product&#038;p=12203"},"modified":"2025-09-22T17:50:34","modified_gmt":"2025-09-22T17:50:34","slug":"parrilla-de-induccion-de-4-quemadores-80cmge-profilepip8014","status":"publish","type":"product","link":"https:\/\/eltiosam.com.mx\/index.php\/product\/parrilla-de-induccion-de-4-quemadores-80cmge-profilepip8014\/","title":{"rendered":"PARRILLA DE INDUCCI\u00d3N DE 4 QUEMADORES 80CM\tGE PROFILE\tPIP8014"},"content":{"rendered":"<p>Parrilla GE Profile inducci\u00f3n 80cms el\u00e9ctrica, vidrio negro, controles y display digital y 4 zonas de cocci\u00f3n.<\/p>\n","protected":false},"excerpt":{"rendered":"<p>Parrilla GE Profile inducci\u00f3n 80cms el\u00e9ctrica, vidrio negro, controles y display digital y 4 zonas de cocci\u00f3n.<\/p>\n","protected":false},"featured_media":12206,"template":"","meta":{"_joinchat":[]},"product_brand":[],"product_cat":[189],"product_tag":[117],"class_list":{"0":"post-12203","1":"product","2":"type-product","3":"status-publish","4":"has-post-thumbnail","6":"product_cat-parrillas","7":"product_tag-ge-profile","9":"first","10":"instock","11":"shipping-taxable","12":"product-type-simple"},"_links":{"self":[{"href":"https:\/\/eltiosam.com.mx\/index.php\/wp-json\/wp\/v2\/product\/12203","targetHints":{"allow":["GET"]}}],"collection":[{"href":"https:\/\/eltiosam.com.mx\/index.php\/wp-json\/wp\/v2\/product"}],"about":[{"href":"https:\/\/eltiosam.com.mx\/index.php\/wp-json\/wp\/v2\/types\/product"}],"wp:featuredmedia":[{"embeddable":true,"href":"https:\/\/eltiosam.com.mx\/index.php\/wp-json\/wp\/v2\/media\/12206"}],"wp:attachment":[{"href":"https:\/\/eltiosam.com.mx\/index.php\/wp-json\/wp\/v2\/media?parent=12203"}],"wp:term":[{"taxonomy":"product_brand","embeddable":true,"href":"https:\/\/eltiosam.com.mx\/index.php\/wp-json\/wp\/v2\/product_brand?post=12203"},{"taxonomy":"product_cat","embeddable":true,"href":"https:\/\/eltiosam.com.mx\/index.php\/wp-json\/wp\/v2\/product_cat?post=12203"},{"taxonomy":"product_tag","embeddable":true,"href":"https:\/\/eltiosam.com.mx\/index.php\/wp-json\/wp\/v2\/product_tag?post=12203"}],"curies":[{"name":"wp","href":"https:\/\/api.w.org\/{rel}","templated":true}]}}