{"id":12191,"date":"2025-09-22T17:45:00","date_gmt":"2025-09-22T17:45:00","guid":{"rendered":"https:\/\/eltiosam.com.mx\/?post_type=product&#038;p=12191"},"modified":"2025-09-22T17:45:00","modified_gmt":"2025-09-22T17:45:00","slug":"parrilla-de-6-quemadores-90cmge-profilepgp96kmti0","status":"publish","type":"product","link":"https:\/\/eltiosam.com.mx\/index.php\/product\/parrilla-de-6-quemadores-90cmge-profilepgp96kmti0\/","title":{"rendered":"PARRILLA DE 6 QUEMADORES 90CM\tGE PROFILE\tPGP96KMTI0"},"content":{"rendered":"<p>Recubrimiento TEON: Tecnolog\u00eda nano-cer\u00e1mica que evita el amarillamiento del acero inoxidable, manteniendo tu parrilla como nueva por m\u00e1s tiempo. Cuenta con garant\u00eda hasta por 10 a\u00f1os 3 professional ring: enciende de manera independiente un anillo de flama o los tres al mismo tiempo para un calentamiento r\u00e1pido y uniforme. Iluminaci\u00f3n de perillas: seguridad para saber cu\u00e1l quemador est\u00e1 encendido.<\/p>\n","protected":false},"excerpt":{"rendered":"<p>Recubrimiento TEON: Tecnolog\u00eda nano-cer\u00e1mica que evita el amarillamiento del acero inoxidable, manteniendo tu parrilla como nueva por m\u00e1s tiempo. Cuenta con garant\u00eda hasta por 10 a\u00f1os 3 professional ring: enciende de manera independiente un anillo de flama o los tres al mismo tiempo para un calentamiento r\u00e1pido y uniforme. Iluminaci\u00f3n de perillas: seguridad para saber cu\u00e1l quemador est\u00e1 encendido.<\/p>\n","protected":false},"featured_media":12194,"template":"","meta":{"_joinchat":[]},"product_brand":[],"product_cat":[189],"product_tag":[117],"class_list":{"0":"post-12191","1":"product","2":"type-product","3":"status-publish","4":"has-post-thumbnail","6":"product_cat-parrillas","7":"product_tag-ge-profile","9":"first","10":"instock","11":"shipping-taxable","12":"product-type-simple"},"_links":{"self":[{"href":"https:\/\/eltiosam.com.mx\/index.php\/wp-json\/wp\/v2\/product\/12191","targetHints":{"allow":["GET"]}}],"collection":[{"href":"https:\/\/eltiosam.com.mx\/index.php\/wp-json\/wp\/v2\/product"}],"about":[{"href":"https:\/\/eltiosam.com.mx\/index.php\/wp-json\/wp\/v2\/types\/product"}],"wp:featuredmedia":[{"embeddable":true,"href":"https:\/\/eltiosam.com.mx\/index.php\/wp-json\/wp\/v2\/media\/12194"}],"wp:attachment":[{"href":"https:\/\/eltiosam.com.mx\/index.php\/wp-json\/wp\/v2\/media?parent=12191"}],"wp:term":[{"taxonomy":"product_brand","embeddable":true,"href":"https:\/\/eltiosam.com.mx\/index.php\/wp-json\/wp\/v2\/product_brand?post=12191"},{"taxonomy":"product_cat","embeddable":true,"href":"https:\/\/eltiosam.com.mx\/index.php\/wp-json\/wp\/v2\/product_cat?post=12191"},{"taxonomy":"product_tag","embeddable":true,"href":"https:\/\/eltiosam.com.mx\/index.php\/wp-json\/wp\/v2\/product_tag?post=12191"}],"curies":[{"name":"wp","href":"https:\/\/api.w.org\/{rel}","templated":true}]}}