{"id":12187,"date":"2025-09-22T17:43:18","date_gmt":"2025-09-22T17:43:18","guid":{"rendered":"https:\/\/eltiosam.com.mx\/?post_type=product&#038;p=12187"},"modified":"2025-09-22T17:43:19","modified_gmt":"2025-09-22T17:43:19","slug":"parrilla-de-5-quemadores-76cmge-profilepgp75kmti0","status":"publish","type":"product","link":"https:\/\/eltiosam.com.mx\/index.php\/product\/parrilla-de-5-quemadores-76cmge-profilepgp75kmti0\/","title":{"rendered":"PARRILLA DE 5 QUEMADORES 76CM\tGE PROFILE\tPGP75KMTI0"},"content":{"rendered":"<p>Recubrimiento TEON: tecnolog\u00eda nano-cer\u00e1mica que evita el amarillamiento del acero manteniendo la parrilla como nueva, Master ring: quemador multinivel con dos flamas, Iluminaci\u00f3n en perillas: seguridad para saber cu\u00e1l quemador est\u00e1 encendido.<\/p>\n","protected":false},"excerpt":{"rendered":"<p>Recubrimiento TEON: tecnolog\u00eda nano-cer\u00e1mica que evita el amarillamiento del acero manteniendo la parrilla como nueva, Master ring: quemador multinivel con dos flamas, Iluminaci\u00f3n en perillas: seguridad para saber cu\u00e1l quemador est\u00e1 encendido.<\/p>\n","protected":false},"featured_media":12190,"template":"","meta":{"_joinchat":[]},"product_brand":[],"product_cat":[189],"product_tag":[117],"class_list":{"0":"post-12187","1":"product","2":"type-product","3":"status-publish","4":"has-post-thumbnail","6":"product_cat-parrillas","7":"product_tag-ge-profile","9":"first","10":"instock","11":"shipping-taxable","12":"product-type-simple"},"_links":{"self":[{"href":"https:\/\/eltiosam.com.mx\/index.php\/wp-json\/wp\/v2\/product\/12187","targetHints":{"allow":["GET"]}}],"collection":[{"href":"https:\/\/eltiosam.com.mx\/index.php\/wp-json\/wp\/v2\/product"}],"about":[{"href":"https:\/\/eltiosam.com.mx\/index.php\/wp-json\/wp\/v2\/types\/product"}],"wp:featuredmedia":[{"embeddable":true,"href":"https:\/\/eltiosam.com.mx\/index.php\/wp-json\/wp\/v2\/media\/12190"}],"wp:attachment":[{"href":"https:\/\/eltiosam.com.mx\/index.php\/wp-json\/wp\/v2\/media?parent=12187"}],"wp:term":[{"taxonomy":"product_brand","embeddable":true,"href":"https:\/\/eltiosam.com.mx\/index.php\/wp-json\/wp\/v2\/product_brand?post=12187"},{"taxonomy":"product_cat","embeddable":true,"href":"https:\/\/eltiosam.com.mx\/index.php\/wp-json\/wp\/v2\/product_cat?post=12187"},{"taxonomy":"product_tag","embeddable":true,"href":"https:\/\/eltiosam.com.mx\/index.php\/wp-json\/wp\/v2\/product_tag?post=12187"}],"curies":[{"name":"wp","href":"https:\/\/api.w.org\/{rel}","templated":true}]}}