{"id":12156,"date":"2025-09-22T17:27:35","date_gmt":"2025-09-22T17:27:35","guid":{"rendered":"https:\/\/eltiosam.com.mx\/?post_type=product&#038;p=12156"},"modified":"2025-09-22T17:27:35","modified_gmt":"2025-09-22T17:27:35","slug":"horno-electrico-30monogramzts90dssnss","status":"publish","type":"product","link":"https:\/\/eltiosam.com.mx\/index.php\/product\/horno-electrico-30monogramzts90dssnss\/","title":{"rendered":"HORNO EL\u00c9CTRICO 30&#8243;\tMONOGRAM\tZTS90DSSNSS"},"content":{"rendered":"<p class=\"short-desc tm-tcell col-50 valign-top\">Horno el\u00e9ctrico empotrado de pared simple inteligente de 30 pulgadas con 5 cu.\u00a0Pie.\u00a0Capacidad, conexi\u00f3n WiFi, escaneo para cocinar, verdadera convecci\u00f3n europea, sonda de temperatura, autolimpieza, horneado retardado, control t\u00e1ctil, modo sab\u00e1tico y 2 hornos interiores hal\u00f3genos.<\/p>\n<p>Caracter\u00edsticas:<\/p>\n<ul>\n<li><span class=\"bold black-0\">Microondas:\u00a0<\/span>No<\/li>\n<li><span class=\"bold black-0\">Horno r\u00e1pido:\u00a0<\/span>No<\/li>\n<li><span class=\"bold black-0\">Horno de vapor:\u00a0<\/span>No<\/li>\n<li><span class=\"bold black-0\">Resistente a huellas dactilares:\u00a0<\/span>No<\/li>\n<li><span class=\"bold black-0\">Caj\u00f3n:\u00a0<\/span>Ninguno<\/li>\n<li><span class=\"bold black-0\">Ancho de corte:\u00a0<\/span>28 5\/8 pulgadas<\/li>\n<li><span class=\"bold black-0\">Profundidad de corte:\u00a0<\/span>23 1\/2 pulgadas<\/li>\n<li><span class=\"bold black-0\">Altura de corte:\u00a0<\/span>27 5\/16 pulgadas<\/li>\n<li><span class=\"bold black-0\">Capacidad:\u00a0<\/span>5 Cu.\u00a0Pie.<\/li>\n<li><span class=\"bold black-0\">Precalentamiento r\u00e1pido:\u00a0<\/span>s\u00ed<\/li>\n<li><span class=\"bold black-0\">Tipo de convecci\u00f3n:\u00a0<\/span>verdadero europeo<\/li>\n<li><span class=\"bold black-0\">Modo de prueba:\u00a0<\/span>s\u00ed<\/li>\n<li><span class=\"bold black-0\">Autolimpieza:\u00a0<\/span>S\u00ed<\/li>\n<li><span class=\"bold black-0\">Steam Clean:\u00a0<\/span>S\u00ed<\/li>\n<li><span class=\"bold black-0\">Soporte deslizante (s):\u00a0<\/span>S\u00ed<\/li>\n<li><span class=\"bold black-0\">Sonda de temperatura:\u00a0<\/span>s\u00ed<\/li>\n<li><span class=\"bold black-0\">Instalable debajo del mostrador:\u00a0<\/span>S\u00ed<\/li>\n<\/ul>\n","protected":false},"excerpt":{"rendered":"<p>Horno el\u00e9ctrico empotrado de pared simple inteligente de 30 pulgadas con 5 cu.\u00a0Pie.\u00a0Capacidad, conexi\u00f3n WiFi, escaneo para cocinar, verdadera convecci\u00f3n europea, sonda de temperatura, autolimpieza, horneado retardado, control t\u00e1ctil, modo sab\u00e1tico y 2 hornos interiores hal\u00f3genos.<\/p>\n","protected":false},"featured_media":12158,"template":"","meta":{"_joinchat":[]},"product_brand":[],"product_cat":[178],"product_tag":[79],"class_list":{"0":"post-12156","1":"product","2":"type-product","3":"status-publish","4":"has-post-thumbnail","6":"product_cat-hornos-electricos","7":"product_tag-monogram","9":"first","10":"instock","11":"shipping-taxable","12":"product-type-simple"},"_links":{"self":[{"href":"https:\/\/eltiosam.com.mx\/index.php\/wp-json\/wp\/v2\/product\/12156","targetHints":{"allow":["GET"]}}],"collection":[{"href":"https:\/\/eltiosam.com.mx\/index.php\/wp-json\/wp\/v2\/product"}],"about":[{"href":"https:\/\/eltiosam.com.mx\/index.php\/wp-json\/wp\/v2\/types\/product"}],"wp:featuredmedia":[{"embeddable":true,"href":"https:\/\/eltiosam.com.mx\/index.php\/wp-json\/wp\/v2\/media\/12158"}],"wp:attachment":[{"href":"https:\/\/eltiosam.com.mx\/index.php\/wp-json\/wp\/v2\/media?parent=12156"}],"wp:term":[{"taxonomy":"product_brand","embeddable":true,"href":"https:\/\/eltiosam.com.mx\/index.php\/wp-json\/wp\/v2\/product_brand?post=12156"},{"taxonomy":"product_cat","embeddable":true,"href":"https:\/\/eltiosam.com.mx\/index.php\/wp-json\/wp\/v2\/product_cat?post=12156"},{"taxonomy":"product_tag","embeddable":true,"href":"https:\/\/eltiosam.com.mx\/index.php\/wp-json\/wp\/v2\/product_tag?post=12156"}],"curies":[{"name":"wp","href":"https:\/\/api.w.org\/{rel}","templated":true}]}}