{"id":12141,"date":"2025-09-22T17:07:59","date_gmt":"2025-09-22T17:07:59","guid":{"rendered":"https:\/\/eltiosam.com.mx\/?post_type=product&#038;p=12141"},"modified":"2025-09-22T17:08:00","modified_gmt":"2025-09-22T17:08:00","slug":"microondas-7p3mideammdr07s2mg","status":"publish","type":"product","link":"https:\/\/eltiosam.com.mx\/index.php\/product\/microondas-7p3mideammdr07s2mg\/","title":{"rendered":"MICROONDAS 7P3\tMIDEA\tMMDR07S2MG"},"content":{"rendered":"<p>El horno de microondas Midea MMDF07S2MG es un electrodom\u00e9stico de dise\u00f1o moderno y funcional, ideal para el uso en la cocina. Con una capacidad interior de 20 litros, este microondas combinado permite calentar y cocinar una variedad de alimentos de manera eficiente. Su color plata aporta un toque elegante y contempor\u00e1neo, adapt\u00e1ndose a diferentes estilos de decoraci\u00f3n.<\/p>\n<p>Este modelo cuenta con un temporizador digital que facilita el control del tiempo de cocci\u00f3n, asegurando resultados precisos. Adem\u00e1s, incluye una funci\u00f3n de mantener caliente, que permite conservar la temperatura de los alimentos una vez que han sido cocinados. La funci\u00f3n de descongelar es otra caracter\u00edstica destacada, permitiendo descongelar alimentos de manera r\u00e1pida y segura.<\/p>\n","protected":false},"excerpt":{"rendered":"<p>El horno de microondas Midea MMDF07S2MG es un electrodom\u00e9stico de dise\u00f1o moderno y funcional, ideal para el uso en la cocina. Con una capacidad interior de 20 litros, este microondas combinado permite calentar y cocinar una variedad de alimentos de manera eficiente. Su color plata aporta un toque elegante y contempor\u00e1neo, adapt\u00e1ndose a diferentes estilos de decoraci\u00f3n.<\/p>\n<p>Este modelo cuenta con un temporizador digital que facilita el control del tiempo de cocci\u00f3n, asegurando resultados precisos. Adem\u00e1s, incluye una funci\u00f3n de mantener caliente, que permite conservar la temperatura de los alimentos una vez que han sido cocinados. La funci\u00f3n de descongelar es otra caracter\u00edstica destacada, permitiendo descongelar alimentos de manera r\u00e1pida y segura.<\/p>\n","protected":false},"featured_media":12144,"template":"","meta":{"_joinchat":[]},"product_brand":[],"product_cat":[184],"product_tag":[212],"class_list":{"0":"post-12141","1":"product","2":"type-product","3":"status-publish","4":"has-post-thumbnail","6":"product_cat-microondas","7":"product_tag-midea","9":"first","10":"instock","11":"shipping-taxable","12":"product-type-simple"},"_links":{"self":[{"href":"https:\/\/eltiosam.com.mx\/index.php\/wp-json\/wp\/v2\/product\/12141","targetHints":{"allow":["GET"]}}],"collection":[{"href":"https:\/\/eltiosam.com.mx\/index.php\/wp-json\/wp\/v2\/product"}],"about":[{"href":"https:\/\/eltiosam.com.mx\/index.php\/wp-json\/wp\/v2\/types\/product"}],"wp:featuredmedia":[{"embeddable":true,"href":"https:\/\/eltiosam.com.mx\/index.php\/wp-json\/wp\/v2\/media\/12144"}],"wp:attachment":[{"href":"https:\/\/eltiosam.com.mx\/index.php\/wp-json\/wp\/v2\/media?parent=12141"}],"wp:term":[{"taxonomy":"product_brand","embeddable":true,"href":"https:\/\/eltiosam.com.mx\/index.php\/wp-json\/wp\/v2\/product_brand?post=12141"},{"taxonomy":"product_cat","embeddable":true,"href":"https:\/\/eltiosam.com.mx\/index.php\/wp-json\/wp\/v2\/product_cat?post=12141"},{"taxonomy":"product_tag","embeddable":true,"href":"https:\/\/eltiosam.com.mx\/index.php\/wp-json\/wp\/v2\/product_tag?post=12141"}],"curies":[{"name":"wp","href":"https:\/\/api.w.org\/{rel}","templated":true}]}}