{"id":12112,"date":"2025-09-22T16:54:17","date_gmt":"2025-09-22T16:54:17","guid":{"rendered":"https:\/\/eltiosam.com.mx\/?post_type=product&#038;p=12112"},"modified":"2025-09-22T16:54:17","modified_gmt":"2025-09-22T16:54:17","slug":"trim-para-microondasmaytagmtk2230pz","status":"publish","type":"product","link":"https:\/\/eltiosam.com.mx\/index.php\/product\/trim-para-microondasmaytagmtk2230pz\/","title":{"rendered":"TRIM PARA MICROONDAS\tMAYTAG\tMTK2230PZ"},"content":{"rendered":"<p>Kit de recorte de 30 pulg. Kit de recorte para 2.2 Cu. Ft.<\/p>\n<p>Este kit de recorte de 30 pulg. es para un microondas de mostrador de 2.2 pies c\u00fabicos. Ft. y hace que sea f\u00e1cil de refrescar y liberar espacio en su nueva cocina o remodelaci\u00f3n de la cocina mediante la conversi\u00f3n de su microondas encimera est\u00e1ndar en un modelo integrado.<\/p>\n","protected":false},"excerpt":{"rendered":"<p>Kit de recorte de 30 pulg. Kit de recorte para 2.2 Cu. Ft.<\/p>\n<p>Este kit de recorte de 30 pulg. es para un microondas de mostrador de 2.2 pies c\u00fabicos. Ft. y hace que sea f\u00e1cil de refrescar y liberar espacio en su nueva cocina o remodelaci\u00f3n de la cocina mediante la conversi\u00f3n de su microondas encimera est\u00e1ndar en un modelo integrado.<\/p>\n","protected":false},"featured_media":12114,"template":"","meta":{"_joinchat":[]},"product_brand":[],"product_cat":[53],"product_tag":[205],"class_list":{"0":"post-12112","1":"product","2":"type-product","3":"status-publish","4":"has-post-thumbnail","6":"product_cat-trim","7":"product_tag-maytag","9":"first","10":"instock","11":"shipping-taxable","12":"product-type-simple"},"_links":{"self":[{"href":"https:\/\/eltiosam.com.mx\/index.php\/wp-json\/wp\/v2\/product\/12112","targetHints":{"allow":["GET"]}}],"collection":[{"href":"https:\/\/eltiosam.com.mx\/index.php\/wp-json\/wp\/v2\/product"}],"about":[{"href":"https:\/\/eltiosam.com.mx\/index.php\/wp-json\/wp\/v2\/types\/product"}],"wp:featuredmedia":[{"embeddable":true,"href":"https:\/\/eltiosam.com.mx\/index.php\/wp-json\/wp\/v2\/media\/12114"}],"wp:attachment":[{"href":"https:\/\/eltiosam.com.mx\/index.php\/wp-json\/wp\/v2\/media?parent=12112"}],"wp:term":[{"taxonomy":"product_brand","embeddable":true,"href":"https:\/\/eltiosam.com.mx\/index.php\/wp-json\/wp\/v2\/product_brand?post=12112"},{"taxonomy":"product_cat","embeddable":true,"href":"https:\/\/eltiosam.com.mx\/index.php\/wp-json\/wp\/v2\/product_cat?post=12112"},{"taxonomy":"product_tag","embeddable":true,"href":"https:\/\/eltiosam.com.mx\/index.php\/wp-json\/wp\/v2\/product_tag?post=12112"}],"curies":[{"name":"wp","href":"https:\/\/api.w.org\/{rel}","templated":true}]}}