{"id":12086,"date":"2025-09-22T16:42:44","date_gmt":"2025-09-22T16:42:44","guid":{"rendered":"https:\/\/eltiosam.com.mx\/?post_type=product&#038;p=12086"},"modified":"2025-09-22T16:42:45","modified_gmt":"2025-09-22T16:42:45","slug":"campana-de-pared-90cmtecnolampegaso-ac90","status":"publish","type":"product","link":"https:\/\/eltiosam.com.mx\/index.php\/product\/campana-de-pared-90cmtecnolampegaso-ac90\/","title":{"rendered":"CAMPANA DE PARED 90CM\tTECNOLAM\tPEGASO.AC90"},"content":{"rendered":"<p>Campana decorativa pared 90 cm<br \/>\nIluminaci\u00f3n Led 2 * 2 W<br \/>\nPush Botton control<br \/>\nAcero inoxidable AISI 304<br \/>\nFiltros de aluminio lavables<br \/>\nFiltro de Carb\u00f3n<br \/>\nIncluye cable tipo uso rudo 3 x 14<br \/>\nIncluye clavija polarizada<br \/>\nFUNCIONAMIENTO<br \/>\nCapacidad de extracci\u00f3n 800 m3\/hr<br \/>\nFuncionamiento electrico: 110 &#8211; 120 V \/ 60 Hz<br \/>\nMotor \u00fanico 1 x 210 W<\/p>\n","protected":false},"excerpt":{"rendered":"<p>Campana decorativa pared 90 cm Iluminaci\u00f3n Led 2 * 2 W Push Botton control Acero inoxidable AISI 304 Filtros de aluminio lavables Filtro de Carb\u00f3n Incluye cable tipo uso rudo 3 x 14 Incluye clavija polarizada FUNCIONAMIENTO Capacidad de extracci\u00f3n 800 m3\/hr Funcionamiento electrico: 110 &#8211; 120 V \/ 60 Hz Motor \u00fanico 1 x [&hellip;]<\/p>\n","protected":false},"featured_media":12088,"template":"","meta":{"_joinchat":[]},"product_brand":[],"product_cat":[45],"product_tag":[30],"class_list":{"0":"post-12086","1":"product","2":"type-product","3":"status-publish","4":"has-post-thumbnail","6":"product_cat-campanas","7":"product_tag-tecnolam","9":"first","10":"instock","11":"shipping-taxable","12":"product-type-simple"},"_links":{"self":[{"href":"https:\/\/eltiosam.com.mx\/index.php\/wp-json\/wp\/v2\/product\/12086","targetHints":{"allow":["GET"]}}],"collection":[{"href":"https:\/\/eltiosam.com.mx\/index.php\/wp-json\/wp\/v2\/product"}],"about":[{"href":"https:\/\/eltiosam.com.mx\/index.php\/wp-json\/wp\/v2\/types\/product"}],"wp:featuredmedia":[{"embeddable":true,"href":"https:\/\/eltiosam.com.mx\/index.php\/wp-json\/wp\/v2\/media\/12088"}],"wp:attachment":[{"href":"https:\/\/eltiosam.com.mx\/index.php\/wp-json\/wp\/v2\/media?parent=12086"}],"wp:term":[{"taxonomy":"product_brand","embeddable":true,"href":"https:\/\/eltiosam.com.mx\/index.php\/wp-json\/wp\/v2\/product_brand?post=12086"},{"taxonomy":"product_cat","embeddable":true,"href":"https:\/\/eltiosam.com.mx\/index.php\/wp-json\/wp\/v2\/product_cat?post=12086"},{"taxonomy":"product_tag","embeddable":true,"href":"https:\/\/eltiosam.com.mx\/index.php\/wp-json\/wp\/v2\/product_tag?post=12086"}],"curies":[{"name":"wp","href":"https:\/\/api.w.org\/{rel}","templated":true}]}}