{"id":12000,"date":"2025-08-21T18:49:39","date_gmt":"2025-08-21T18:49:39","guid":{"rendered":"https:\/\/eltiosam.com.mx\/?post_type=product&#038;p=12000"},"modified":"2025-08-21T18:49:40","modified_gmt":"2025-08-21T18:49:40","slug":"refrigerador-french-door-22p3lggm22bip","status":"publish","type":"product","link":"https:\/\/eltiosam.com.mx\/index.php\/product\/refrigerador-french-door-22p3lggm22bip\/","title":{"rendered":"REFRIGERADOR FRENCH DOOR 22P3\tLG\tGM22BIP"},"content":{"rendered":"<p class=\"tit\">Caracter\u00edsticas clave<\/p>\n<ul id=\"keyFeatureList\" class=\"c-list c-list--single-column on\" role=\"list\" aria-expanded=\"true\">\n<li class=\"c-list__item\" role=\"listitem\"><span class=\"font-w-normal-16 font-m-normal-14\">Multi Air Flow\u2122 &#8211; Distribuci\u00f3n uniforme de aire fr\u00edo en todas las repisas<\/span><\/li>\n<li class=\"c-list__item\" role=\"listitem\"><span class=\"font-w-normal-16 font-m-normal-14\">Ancho Estrecho de 833mm para espacios reducidos<\/span><\/li>\n<li class=\"c-list__item\" role=\"listitem\"><span class=\"font-w-normal-16 font-m-normal-14\">Dimensiones (An X Al X P) &#8211; 755.6mm x 1739.9mm x 885.8mm<\/span><\/li>\n<li class=\"c-list__item\" role=\"listitem\"><span class=\"font-w-normal-16 font-m-normal-14\">Gran capacidad &#8211; Amplio espacio para almacenar alimentos de manera organizada<\/span><\/li>\n<li class=\"c-list__item\" role=\"listitem\"><span class=\"font-w-normal-16 font-m-normal-14\">Autodiagn\u00f3stico Smart Diagnosis\u2122 &#8211; diagn\u00f3stico inteligente del refrigerador a trav\u00e9s de tu Smartphone<\/span><\/li>\n<li class=\"c-list__item\" role=\"listitem\"><span class=\"font-w-normal-16 font-m-normal-14\">Compresor Smart Inverter con 10 a\u00f1os de Garant\u00eda &#8211; energ\u00e9ticamente eficiente y duradero<\/span><\/li>\n<\/ul>\n","protected":false},"excerpt":{"rendered":"<p class=\"tit\">Caracter\u00edsticas clave<\/p>\n<ul id=\"keyFeatureList\" class=\"c-list c-list--single-column on\" role=\"list\" aria-expanded=\"true\">\n<li class=\"c-list__item\" role=\"listitem\"><span class=\"font-w-normal-16 font-m-normal-14\">Multi Air Flow\u2122 &#8211; Distribuci\u00f3n uniforme de aire fr\u00edo en todas las repisas<\/span><\/li>\n<li class=\"c-list__item\" role=\"listitem\"><span class=\"font-w-normal-16 font-m-normal-14\">Ancho Estrecho de 833mm para espacios reducidos<\/span><\/li>\n<li class=\"c-list__item\" role=\"listitem\"><span class=\"font-w-normal-16 font-m-normal-14\">Dimensiones (An X Al X P) &#8211; 755.6mm x 1739.9mm x 885.8mm<\/span><\/li>\n<li class=\"c-list__item\" role=\"listitem\"><span class=\"font-w-normal-16 font-m-normal-14\">Gran capacidad &#8211; Amplio espacio para almacenar alimentos de manera organizada<\/span><\/li>\n<li class=\"c-list__item\" role=\"listitem\"><span class=\"font-w-normal-16 font-m-normal-14\">Autodiagn\u00f3stico Smart Diagnosis\u2122 &#8211; diagn\u00f3stico inteligente del refrigerador a trav\u00e9s de tu Smartphone<\/span><\/li>\n<li class=\"c-list__item\" role=\"listitem\"><span class=\"font-w-normal-16 font-m-normal-14\">Compresor Smart Inverter con 10 a\u00f1os de Garant\u00eda &#8211; energ\u00e9ticamente eficiente y duradero<\/span><\/li>\n<\/ul>\n","protected":false},"featured_media":12002,"template":"","meta":{"_joinchat":[]},"product_brand":[],"product_cat":[194],"product_tag":[],"class_list":{"0":"post-12000","1":"product","2":"type-product","3":"status-publish","4":"has-post-thumbnail","6":"product_cat-refrigerador-congelador-superior","8":"first","9":"instock","10":"shipping-taxable","11":"product-type-simple"},"_links":{"self":[{"href":"https:\/\/eltiosam.com.mx\/index.php\/wp-json\/wp\/v2\/product\/12000","targetHints":{"allow":["GET"]}}],"collection":[{"href":"https:\/\/eltiosam.com.mx\/index.php\/wp-json\/wp\/v2\/product"}],"about":[{"href":"https:\/\/eltiosam.com.mx\/index.php\/wp-json\/wp\/v2\/types\/product"}],"wp:featuredmedia":[{"embeddable":true,"href":"https:\/\/eltiosam.com.mx\/index.php\/wp-json\/wp\/v2\/media\/12002"}],"wp:attachment":[{"href":"https:\/\/eltiosam.com.mx\/index.php\/wp-json\/wp\/v2\/media?parent=12000"}],"wp:term":[{"taxonomy":"product_brand","embeddable":true,"href":"https:\/\/eltiosam.com.mx\/index.php\/wp-json\/wp\/v2\/product_brand?post=12000"},{"taxonomy":"product_cat","embeddable":true,"href":"https:\/\/eltiosam.com.mx\/index.php\/wp-json\/wp\/v2\/product_cat?post=12000"},{"taxonomy":"product_tag","embeddable":true,"href":"https:\/\/eltiosam.com.mx\/index.php\/wp-json\/wp\/v2\/product_tag?post=12000"}],"curies":[{"name":"wp","href":"https:\/\/api.w.org\/{rel}","templated":true}]}}