{"id":11974,"date":"2025-08-11T22:58:10","date_gmt":"2025-08-11T22:58:10","guid":{"rendered":"https:\/\/eltiosam.com.mx\/?post_type=product&#038;p=11974"},"modified":"2025-08-11T22:58:11","modified_gmt":"2025-08-11T22:58:11","slug":"refrigerador-top-mount-11p3lggt35wp","status":"publish","type":"product","link":"https:\/\/eltiosam.com.mx\/index.php\/product\/refrigerador-top-mount-11p3lggt35wp\/","title":{"rendered":"REFRIGERADOR TOP MOUNT 11P3\tLG\tGT35WP"},"content":{"rendered":"<ul id=\"keyFeatureList\" class=\"c-list c-list--single-column on\" role=\"list\" aria-expanded=\"true\">\n<li class=\"c-list__item\" role=\"listitem\"><span class=\"font-w-normal-16 font-m-normal-14\">LINEARCooling\u2122 &#8211; Control preciso de la temperatura para conservar la frescura de los alimentos hasta por 7 d\u00edas<\/span><\/li>\n<li class=\"c-list__item\" role=\"listitem\"><span class=\"font-w-normal-16 font-m-normal-14\">Dimensiones (An X Al X P) &#8211; 600 x mm 1680 x mm 652 x mm<\/span><\/li>\n<li class=\"c-list__item\" role=\"listitem\"><span class=\"font-w-normal-16 font-m-normal-14\">Caj\u00f3n Moist Balance Crisper\u2122 &#8211; Mantiene el equilibrio adecuado de humedad<\/span><\/li>\n<li class=\"c-list__item\" role=\"listitem\"><span class=\"font-w-normal-16 font-m-normal-14\">Compresor Smart Inverter con 10 a\u00f1os de Garant\u00eda &#8211; energ\u00e9ticamente eficiente y duradero<\/span><\/li>\n<li class=\"c-list__item\" role=\"listitem\"><span class=\"font-w-normal-16 font-m-normal-14\">Multi Air Flow\u2122 &#8211; Distribuci\u00f3n uniforme de aire fr\u00edo en todas las repisas<\/span><\/li>\n<\/ul>\n","protected":false},"excerpt":{"rendered":"<ul id=\"keyFeatureList\" class=\"c-list c-list--single-column on\" role=\"list\" aria-expanded=\"true\">\n<li class=\"c-list__item\" role=\"listitem\"><span class=\"font-w-normal-16 font-m-normal-14\">LINEARCooling\u2122 &#8211; Control preciso de la temperatura para conservar la frescura de los alimentos hasta por 7 d\u00edas<\/span><\/li>\n<li class=\"c-list__item\" role=\"listitem\"><span class=\"font-w-normal-16 font-m-normal-14\">Dimensiones (An X Al X P) &#8211; 600 x mm 1680 x mm 652 x mm<\/span><\/li>\n<li class=\"c-list__item\" role=\"listitem\"><span class=\"font-w-normal-16 font-m-normal-14\">Caj\u00f3n Moist Balance Crisper\u2122 &#8211; Mantiene el equilibrio adecuado de humedad<\/span><\/li>\n<li class=\"c-list__item\" role=\"listitem\"><span class=\"font-w-normal-16 font-m-normal-14\">Compresor Smart Inverter con 10 a\u00f1os de Garant\u00eda &#8211; energ\u00e9ticamente eficiente y duradero<\/span><\/li>\n<li class=\"c-list__item\" role=\"listitem\"><span class=\"font-w-normal-16 font-m-normal-14\">Multi Air Flow\u2122 &#8211; Distribuci\u00f3n uniforme de aire fr\u00edo en todas las repisas<\/span><\/li>\n<\/ul>\n","protected":false},"featured_media":11976,"template":"","meta":{"_joinchat":[]},"product_brand":[],"product_cat":[41],"product_tag":[208],"class_list":{"0":"post-11974","1":"product","2":"type-product","3":"status-publish","4":"has-post-thumbnail","6":"product_cat-refrigeradores","7":"product_tag-lg","9":"first","10":"instock","11":"shipping-taxable","12":"product-type-simple"},"_links":{"self":[{"href":"https:\/\/eltiosam.com.mx\/index.php\/wp-json\/wp\/v2\/product\/11974","targetHints":{"allow":["GET"]}}],"collection":[{"href":"https:\/\/eltiosam.com.mx\/index.php\/wp-json\/wp\/v2\/product"}],"about":[{"href":"https:\/\/eltiosam.com.mx\/index.php\/wp-json\/wp\/v2\/types\/product"}],"wp:featuredmedia":[{"embeddable":true,"href":"https:\/\/eltiosam.com.mx\/index.php\/wp-json\/wp\/v2\/media\/11976"}],"wp:attachment":[{"href":"https:\/\/eltiosam.com.mx\/index.php\/wp-json\/wp\/v2\/media?parent=11974"}],"wp:term":[{"taxonomy":"product_brand","embeddable":true,"href":"https:\/\/eltiosam.com.mx\/index.php\/wp-json\/wp\/v2\/product_brand?post=11974"},{"taxonomy":"product_cat","embeddable":true,"href":"https:\/\/eltiosam.com.mx\/index.php\/wp-json\/wp\/v2\/product_cat?post=11974"},{"taxonomy":"product_tag","embeddable":true,"href":"https:\/\/eltiosam.com.mx\/index.php\/wp-json\/wp\/v2\/product_tag?post=11974"}],"curies":[{"name":"wp","href":"https:\/\/api.w.org\/{rel}","templated":true}]}}