{"id":11964,"date":"2025-08-11T22:52:51","date_gmt":"2025-08-11T22:52:51","guid":{"rendered":"https:\/\/eltiosam.com.mx\/?post_type=product&#038;p=11964"},"modified":"2025-08-11T22:53:43","modified_gmt":"2025-08-11T22:53:43","slug":"estufa-de-piso-76cmio-mabeio940fs0","status":"publish","type":"product","link":"https:\/\/eltiosam.com.mx\/index.php\/product\/estufa-de-piso-76cmio-mabeio940fs0\/","title":{"rendered":"ESTUFA DE PISO 76CM\tIO MABE\tIO940FS0"},"content":{"rendered":"<p>La estufa de piso io mabe ofrece la funci\u00f3n Air Fry para cocinar alimentos m\u00e1s saludables y crujientes. Su encendido electr\u00f3nico y Display Glass Touch facilitan el uso, mientras que la funci\u00f3n Steam &amp; Self Clean asegura una limpieza r\u00e1pida.<\/p>\n","protected":false},"excerpt":{"rendered":"<p>La estufa de piso io mabe ofrece la funci\u00f3n Air Fry para cocinar alimentos m\u00e1s saludables y crujientes. Su encendido electr\u00f3nico y Display Glass Touch facilitan el uso, mientras que la funci\u00f3n Steam &amp; Self Clean asegura una limpieza r\u00e1pida.<\/p>\n","protected":false},"featured_media":11966,"template":"","meta":{"_joinchat":[]},"product_brand":[],"product_cat":[172],"product_tag":[204],"class_list":{"0":"post-11964","1":"product","2":"type-product","3":"status-publish","4":"has-post-thumbnail","6":"product_cat-estufas-de-piso","7":"product_tag-whirlpool","9":"first","10":"instock","11":"shipping-taxable","12":"product-type-simple"},"_links":{"self":[{"href":"https:\/\/eltiosam.com.mx\/index.php\/wp-json\/wp\/v2\/product\/11964","targetHints":{"allow":["GET"]}}],"collection":[{"href":"https:\/\/eltiosam.com.mx\/index.php\/wp-json\/wp\/v2\/product"}],"about":[{"href":"https:\/\/eltiosam.com.mx\/index.php\/wp-json\/wp\/v2\/types\/product"}],"wp:featuredmedia":[{"embeddable":true,"href":"https:\/\/eltiosam.com.mx\/index.php\/wp-json\/wp\/v2\/media\/11966"}],"wp:attachment":[{"href":"https:\/\/eltiosam.com.mx\/index.php\/wp-json\/wp\/v2\/media?parent=11964"}],"wp:term":[{"taxonomy":"product_brand","embeddable":true,"href":"https:\/\/eltiosam.com.mx\/index.php\/wp-json\/wp\/v2\/product_brand?post=11964"},{"taxonomy":"product_cat","embeddable":true,"href":"https:\/\/eltiosam.com.mx\/index.php\/wp-json\/wp\/v2\/product_cat?post=11964"},{"taxonomy":"product_tag","embeddable":true,"href":"https:\/\/eltiosam.com.mx\/index.php\/wp-json\/wp\/v2\/product_tag?post=11964"}],"curies":[{"name":"wp","href":"https:\/\/api.w.org\/{rel}","templated":true}]}}