{"id":11878,"date":"2025-07-17T17:03:11","date_gmt":"2025-07-17T17:03:11","guid":{"rendered":"https:\/\/eltiosam.com.mx\/?post_type=product&#038;p=11878"},"modified":"2025-07-17T17:12:33","modified_gmt":"2025-07-17T17:12:33","slug":"parrilla-induccion-5-quemadores-90cmsupra5q-in","status":"publish","type":"product","link":"https:\/\/eltiosam.com.mx\/index.php\/product\/parrilla-induccion-5-quemadores-90cmsupra5q-in\/","title":{"rendered":"PARRILLA INDUCCI\u00d3N 5 QUEMADORES 90CM\tSUPRA\t5Q-IN"},"content":{"rendered":"<ul class=\"ui-vpp-highlighted-specs__features-list\">\n<li class=\"ui-vpp-highlighted-specs__features-list-item ui-pdp-color--BLACK ui-pdp-size--XSMALL ui-pdp-family--REGULAR\">Parrilla de inducci\u00f3n magen\u00e9tica empotrable de 5 quemadores para 90cm<\/li>\n<li class=\"ui-vpp-highlighted-specs__features-list-item ui-pdp-color--BLACK ui-pdp-size--XSMALL ui-pdp-family--REGULAR\">Calienta hasta un 60 % m\u00e1s r\u00e1pido que una estufa convencional de gas.<\/li>\n<li class=\"ui-vpp-highlighted-specs__features-list-item ui-pdp-color--BLACK ui-pdp-size--XSMALL ui-pdp-family--REGULAR\">Funci\u00f3n apagado autom\u00e1tico que permite ahorrar energ\u00eda.<\/li>\n<li class=\"ui-vpp-highlighted-specs__features-list-item ui-pdp-color--BLACK ui-pdp-size--XSMALL ui-pdp-family--REGULAR\">Posee 9 niveles de potencia, soporta 20 kg.<\/li>\n<li>Funciona eficazmente: tiempo de cocci\u00f3n durante un m\u00e1ximo de 99 minutos<\/li>\n<li>De cristal templado negro con recubrimiento INK-PRINT que da protecci\u00f3n t\u00e9rmica<\/li>\n<li>Pel\u00edcula antiest\u00e1tica de seguridad.<\/li>\n<li>Funci\u00f3n de bloqueo para protecci\u00f3n de ni\u00f1os.<\/li>\n<\/ul>\n","protected":false},"excerpt":{"rendered":"<ul class=\"ui-vpp-highlighted-specs__features-list\">\n<li class=\"ui-vpp-highlighted-specs__features-list-item ui-pdp-color--BLACK ui-pdp-size--XSMALL ui-pdp-family--REGULAR\">Parrilla de inducci\u00f3n magen\u00e9tica empotrable de 5 quemadores para 90cm<\/li>\n<li class=\"ui-vpp-highlighted-specs__features-list-item ui-pdp-color--BLACK ui-pdp-size--XSMALL ui-pdp-family--REGULAR\">Calienta hasta un 60 % m\u00e1s r\u00e1pido que una estufa convencional de gas.<\/li>\n<li class=\"ui-vpp-highlighted-specs__features-list-item ui-pdp-color--BLACK ui-pdp-size--XSMALL ui-pdp-family--REGULAR\">Funci\u00f3n apagado autom\u00e1tico que permite ahorrar energ\u00eda.<\/li>\n<li class=\"ui-vpp-highlighted-specs__features-list-item ui-pdp-color--BLACK ui-pdp-size--XSMALL ui-pdp-family--REGULAR\">Posee 9 niveles de potencia, soporta 20 kg.<\/li>\n<li>Funciona eficazmente: tiempo de cocci\u00f3n durante un m\u00e1ximo de 99 minutos<\/li>\n<li>De cristal templado negro con recubrimiento INK-PRINT que da protecci\u00f3n t\u00e9rmica<\/li>\n<li>Pel\u00edcula antiest\u00e1tica de seguridad.<\/li>\n<li>Funci\u00f3n de bloqueo para protecci\u00f3n de ni\u00f1os.<\/li>\n<\/ul>\n","protected":false},"featured_media":11881,"template":"","meta":{"_joinchat":[]},"product_brand":[],"product_cat":[189,15],"product_tag":[236],"class_list":{"0":"post-11878","1":"product","2":"type-product","3":"status-publish","4":"has-post-thumbnail","6":"product_cat-parrillas","7":"product_cat-uncategorized","8":"product_tag-supra","10":"first","11":"instock","12":"shipping-taxable","13":"product-type-simple"},"_links":{"self":[{"href":"https:\/\/eltiosam.com.mx\/index.php\/wp-json\/wp\/v2\/product\/11878","targetHints":{"allow":["GET"]}}],"collection":[{"href":"https:\/\/eltiosam.com.mx\/index.php\/wp-json\/wp\/v2\/product"}],"about":[{"href":"https:\/\/eltiosam.com.mx\/index.php\/wp-json\/wp\/v2\/types\/product"}],"wp:featuredmedia":[{"embeddable":true,"href":"https:\/\/eltiosam.com.mx\/index.php\/wp-json\/wp\/v2\/media\/11881"}],"wp:attachment":[{"href":"https:\/\/eltiosam.com.mx\/index.php\/wp-json\/wp\/v2\/media?parent=11878"}],"wp:term":[{"taxonomy":"product_brand","embeddable":true,"href":"https:\/\/eltiosam.com.mx\/index.php\/wp-json\/wp\/v2\/product_brand?post=11878"},{"taxonomy":"product_cat","embeddable":true,"href":"https:\/\/eltiosam.com.mx\/index.php\/wp-json\/wp\/v2\/product_cat?post=11878"},{"taxonomy":"product_tag","embeddable":true,"href":"https:\/\/eltiosam.com.mx\/index.php\/wp-json\/wp\/v2\/product_tag?post=11878"}],"curies":[{"name":"wp","href":"https:\/\/api.w.org\/{rel}","templated":true}]}}