{"id":11861,"date":"2025-07-17T06:08:49","date_gmt":"2025-07-17T06:08:49","guid":{"rendered":"https:\/\/eltiosam.com.mx\/?post_type=product&#038;p=11861"},"modified":"2025-07-17T06:08:50","modified_gmt":"2025-07-17T06:08:50","slug":"parrilla-electrica-vitro-4-quemadores-60cm-supra-vitro4","status":"publish","type":"product","link":"https:\/\/eltiosam.com.mx\/index.php\/product\/parrilla-electrica-vitro-4-quemadores-60cm-supra-vitro4\/","title":{"rendered":"PARRILLA EL\u00c9CTRICA VITRO 4 QUEMADORES 60CM SUPRA VITRO4"},"content":{"rendered":"<ul style=\"font-weight: 300;\">\n<li>Parrilla el\u00e9ctrica de vitrocer\u00e1mica de 4 quemadores para empotrar con cubierta de cristal templado color negro.<\/li>\n<li>Soporta 20 kg de peso total en cristal.<\/li>\n<li>Cable de alimentaci\u00f3n 5G 1.5mm\u00b2 450\/750 V sin clavija de alimentaci\u00f3n (para instalaci\u00f3n directa pastilla termomagn\u00e9tica).<\/li>\n<li>Panel de cristal con botones t\u00e1ctiles (touch control).<\/li>\n<li>Parrilla a interruptor de 2 polos a energ\u00eda de 220 \u2013 240 V.<\/li>\n<li>Temporizador de 1 a 99 minutos.<\/li>\n<li>Protecci\u00f3n de apagado autom\u00e1tico despu\u00e9s de 2 horas de funcionamiento cont\u00ednuo.<\/li>\n<li>Se debe conectar la parrilla a una red independiente de su instalaci\u00f3n dom\u00e9stica hasta la caja de conexiones (funciona con dos fases de energ\u00eda a 220-240 V~) con un interruptor termomagn\u00e9tico 2 polos de 30 A (no incluido).<\/li>\n<li>Medidas: Altura: 5 cm x Frente: 59.4 cm x Fondo: 52.4 cm x Peso: 9.28 kg.<\/li>\n<li>Medidas de empotre: Frente: 55.5 cm x Fondo: 48.5 cm.<\/li>\n<\/ul>\n","protected":false},"excerpt":{"rendered":"<ul style=\"font-weight: 300;\">\n<li>Parrilla el\u00e9ctrica de vitrocer\u00e1mica de 4 quemadores para empotrar con cubierta de cristal templado color negro.<\/li>\n<li>Soporta 20 kg de peso total en cristal.<\/li>\n<li>Cable de alimentaci\u00f3n 5G 1.5mm\u00b2 450\/750 V sin clavija de alimentaci\u00f3n (para instalaci\u00f3n directa pastilla termomagn\u00e9tica).<\/li>\n<li>Panel de cristal con botones t\u00e1ctiles (touch control).<\/li>\n<li>Parrilla a interruptor de 2 polos a energ\u00eda de 220 \u2013 240 V.<\/li>\n<li>Temporizador de 1 a 99 minutos.<\/li>\n<li>Protecci\u00f3n de apagado autom\u00e1tico despu\u00e9s de 2 horas de funcionamiento cont\u00ednuo.<\/li>\n<li>Se debe conectar la parrilla a una red independiente de su instalaci\u00f3n dom\u00e9stica hasta la caja de conexiones (funciona con dos fases de energ\u00eda a 220-240 V~) con un interruptor termomagn\u00e9tico 2 polos de 30 A (no incluido).<\/li>\n<li>Medidas: Altura: 5 cm x Frente: 59.4 cm x Fondo: 52.4 cm x Peso: 9.28 kg.<\/li>\n<li>Medidas de empotre: Frente: 55.5 cm x Fondo: 48.5 cm.<\/li>\n<\/ul>\n","protected":false},"featured_media":11864,"template":"","meta":{"_joinchat":[]},"product_brand":[],"product_cat":[189],"product_tag":[236],"class_list":{"0":"post-11861","1":"product","2":"type-product","3":"status-publish","4":"has-post-thumbnail","6":"product_cat-parrillas","7":"product_tag-supra","9":"first","10":"instock","11":"shipping-taxable","12":"product-type-simple"},"_links":{"self":[{"href":"https:\/\/eltiosam.com.mx\/index.php\/wp-json\/wp\/v2\/product\/11861","targetHints":{"allow":["GET"]}}],"collection":[{"href":"https:\/\/eltiosam.com.mx\/index.php\/wp-json\/wp\/v2\/product"}],"about":[{"href":"https:\/\/eltiosam.com.mx\/index.php\/wp-json\/wp\/v2\/types\/product"}],"wp:featuredmedia":[{"embeddable":true,"href":"https:\/\/eltiosam.com.mx\/index.php\/wp-json\/wp\/v2\/media\/11864"}],"wp:attachment":[{"href":"https:\/\/eltiosam.com.mx\/index.php\/wp-json\/wp\/v2\/media?parent=11861"}],"wp:term":[{"taxonomy":"product_brand","embeddable":true,"href":"https:\/\/eltiosam.com.mx\/index.php\/wp-json\/wp\/v2\/product_brand?post=11861"},{"taxonomy":"product_cat","embeddable":true,"href":"https:\/\/eltiosam.com.mx\/index.php\/wp-json\/wp\/v2\/product_cat?post=11861"},{"taxonomy":"product_tag","embeddable":true,"href":"https:\/\/eltiosam.com.mx\/index.php\/wp-json\/wp\/v2\/product_tag?post=11861"}],"curies":[{"name":"wp","href":"https:\/\/api.w.org\/{rel}","templated":true}]}}