{"id":11857,"date":"2025-07-17T06:07:05","date_gmt":"2025-07-17T06:07:05","guid":{"rendered":"https:\/\/eltiosam.com.mx\/?post_type=product&#038;p=11857"},"modified":"2025-07-17T06:07:06","modified_gmt":"2025-07-17T06:07:06","slug":"parrilla-electrica-vitro-2-quemadores-29cm-supra-vitrorosso-v","status":"publish","type":"product","link":"https:\/\/eltiosam.com.mx\/index.php\/product\/parrilla-electrica-vitro-2-quemadores-29cm-supra-vitrorosso-v\/","title":{"rendered":"PARRILLA EL\u00c9CTRICA VITRO 2 QUEMADORES 29CM SUPRA\t VITROROSSO-V"},"content":{"rendered":"<ul style=\"font-weight: 400;\">\n<li>Parrilla el\u00e9ctrica de vitrocer\u00e1mica de 2 quemadores para empotrar con cubierta de cristal templado color negro.<\/li>\n<li>Elegante panel de cristal con botones t\u00e1ctiles (touch control).<\/li>\n<li>9 niveles de potencia.<\/li>\n<li>Temporizador de 1 a 99 minutos.<\/li>\n<li>Cubierta superior en cristal templado.<\/li>\n<li>No incluye clavija (conexi\u00f3n directa a pastilla termomagn\u00e9tica).<\/li>\n<li>Conexi\u00f3n a un recept\u00e1culo (energ\u00eda de 110 V).<\/li>\n<li>Medidas: Altura: 5.5 cm x Frente: 73 cm x Fondo: 43 cm x Peso: 7.97 kg.<\/li>\n<li>Medidas de empotre: Fondo 40 cm x Frente 69 cm.<\/li>\n<\/ul>\n","protected":false},"excerpt":{"rendered":"<ul style=\"font-weight: 400;\">\n<li>Parrilla el\u00e9ctrica de vitrocer\u00e1mica de 2 quemadores para empotrar con cubierta de cristal templado color negro.<\/li>\n<li>Elegante panel de cristal con botones t\u00e1ctiles (touch control).<\/li>\n<li>9 niveles de potencia.<\/li>\n<li>Temporizador de 1 a 99 minutos.<\/li>\n<li>Cubierta superior en cristal templado.<\/li>\n<li>No incluye clavija (conexi\u00f3n directa a pastilla termomagn\u00e9tica).<\/li>\n<li>Conexi\u00f3n a un recept\u00e1culo (energ\u00eda de 110 V).<\/li>\n<li>Medidas: Altura: 5.5 cm x Frente: 73 cm x Fondo: 43 cm x Peso: 7.97 kg.<\/li>\n<li>Medidas de empotre: Fondo 40 cm x Frente 69 cm.<\/li>\n<\/ul>\n","protected":false},"featured_media":11860,"template":"","meta":{"_joinchat":[]},"product_brand":[],"product_cat":[189],"product_tag":[236],"class_list":{"0":"post-11857","1":"product","2":"type-product","3":"status-publish","4":"has-post-thumbnail","6":"product_cat-parrillas","7":"product_tag-supra","9":"first","10":"instock","11":"shipping-taxable","12":"product-type-simple"},"_links":{"self":[{"href":"https:\/\/eltiosam.com.mx\/index.php\/wp-json\/wp\/v2\/product\/11857","targetHints":{"allow":["GET"]}}],"collection":[{"href":"https:\/\/eltiosam.com.mx\/index.php\/wp-json\/wp\/v2\/product"}],"about":[{"href":"https:\/\/eltiosam.com.mx\/index.php\/wp-json\/wp\/v2\/types\/product"}],"wp:featuredmedia":[{"embeddable":true,"href":"https:\/\/eltiosam.com.mx\/index.php\/wp-json\/wp\/v2\/media\/11860"}],"wp:attachment":[{"href":"https:\/\/eltiosam.com.mx\/index.php\/wp-json\/wp\/v2\/media?parent=11857"}],"wp:term":[{"taxonomy":"product_brand","embeddable":true,"href":"https:\/\/eltiosam.com.mx\/index.php\/wp-json\/wp\/v2\/product_brand?post=11857"},{"taxonomy":"product_cat","embeddable":true,"href":"https:\/\/eltiosam.com.mx\/index.php\/wp-json\/wp\/v2\/product_cat?post=11857"},{"taxonomy":"product_tag","embeddable":true,"href":"https:\/\/eltiosam.com.mx\/index.php\/wp-json\/wp\/v2\/product_tag?post=11857"}],"curies":[{"name":"wp","href":"https:\/\/api.w.org\/{rel}","templated":true}]}}