{"id":11834,"date":"2025-07-17T05:55:53","date_gmt":"2025-07-17T05:55:53","guid":{"rendered":"https:\/\/eltiosam.com.mx\/?post_type=product&#038;p=11834"},"modified":"2025-07-17T05:55:54","modified_gmt":"2025-07-17T05:55:54","slug":"horno-electrico-60cm-io-mabe-io6062hewi1","status":"publish","type":"product","link":"https:\/\/eltiosam.com.mx\/index.php\/product\/horno-electrico-60cm-io-mabe-io6062hewi1\/","title":{"rendered":"HORNO EL\u00c9CTRICO 60CM IO MABE IO6062HEWI1"},"content":{"rendered":"<p>Horno El\u00e9ctrico de 60\u202fcm presenta un elegante acabado en acero inoxidable y vidrio negro, con panel t\u00e1ctil\u00a0<em data-start=\"130\" data-end=\"151\">Display Glass Touch<\/em>\u00a0que facilita el control de todas sus funciones. Incorpora convecci\u00f3n para una cocci\u00f3n uniforme, Air Fry para alimentos saludables y funci\u00f3n Steam Clean para limpieza ligera. Cuenta con encendido electr\u00f3nico Glowbar, temporizador digital, visor de flama y gu\u00edas de cocinado en contrapuerta. Con capacidad de 66\u202fL, luz interior hal\u00f3gena, y 4 niveles de altura en parrillas ajustables para versatilidad.<\/p>\n","protected":false},"excerpt":{"rendered":"<p>Horno El\u00e9ctrico de 60\u202fcm presenta un elegante acabado en acero inoxidable y vidrio negro, con panel t\u00e1ctil\u00a0<em data-start=\"130\" data-end=\"151\">Display Glass Touch<\/em>\u00a0que facilita el control de todas sus funciones. Incorpora convecci\u00f3n para una cocci\u00f3n uniforme, Air Fry para alimentos saludables y funci\u00f3n Steam Clean para limpieza ligera. Cuenta con encendido electr\u00f3nico Glowbar, temporizador digital, visor de flama y gu\u00edas de cocinado en contrapuerta. Con capacidad de 66\u202fL, luz interior hal\u00f3gena, y 4 niveles de altura en parrillas ajustables para versatilidad.<\/p>\n","protected":false},"featured_media":11836,"template":"","meta":{"_joinchat":[]},"product_brand":[],"product_cat":[178],"product_tag":[61],"class_list":{"0":"post-11834","1":"product","2":"type-product","3":"status-publish","4":"has-post-thumbnail","6":"product_cat-hornos-electricos","7":"product_tag-io-mabe","9":"first","10":"instock","11":"shipping-taxable","12":"product-type-simple"},"_links":{"self":[{"href":"https:\/\/eltiosam.com.mx\/index.php\/wp-json\/wp\/v2\/product\/11834","targetHints":{"allow":["GET"]}}],"collection":[{"href":"https:\/\/eltiosam.com.mx\/index.php\/wp-json\/wp\/v2\/product"}],"about":[{"href":"https:\/\/eltiosam.com.mx\/index.php\/wp-json\/wp\/v2\/types\/product"}],"wp:featuredmedia":[{"embeddable":true,"href":"https:\/\/eltiosam.com.mx\/index.php\/wp-json\/wp\/v2\/media\/11836"}],"wp:attachment":[{"href":"https:\/\/eltiosam.com.mx\/index.php\/wp-json\/wp\/v2\/media?parent=11834"}],"wp:term":[{"taxonomy":"product_brand","embeddable":true,"href":"https:\/\/eltiosam.com.mx\/index.php\/wp-json\/wp\/v2\/product_brand?post=11834"},{"taxonomy":"product_cat","embeddable":true,"href":"https:\/\/eltiosam.com.mx\/index.php\/wp-json\/wp\/v2\/product_cat?post=11834"},{"taxonomy":"product_tag","embeddable":true,"href":"https:\/\/eltiosam.com.mx\/index.php\/wp-json\/wp\/v2\/product_tag?post=11834"}],"curies":[{"name":"wp","href":"https:\/\/api.w.org\/{rel}","templated":true}]}}