{"id":11825,"date":"2025-07-17T05:47:47","date_gmt":"2025-07-17T05:47:47","guid":{"rendered":"https:\/\/eltiosam.com.mx\/?post_type=product&#038;p=11825"},"modified":"2025-07-17T05:47:47","modified_gmt":"2025-07-17T05:47:47","slug":"estufa-empotrable-80cmio-mabe-io8061getss","status":"publish","type":"product","link":"https:\/\/eltiosam.com.mx\/index.php\/product\/estufa-empotrable-80cmio-mabe-io8061getss\/","title":{"rendered":"ESTUFA EMPOTRABLE 80CM\tIO MABE IO8061GETSS"},"content":{"rendered":"<p>La Estufa\u00a0IO8061GETSS0\u00a0de Mabe es una estufa empotrable de 80 cm (30 pulgadas) con acabado inoxidable y vidrio negro. Equipada con la tecnolog\u00eda Ultimate, te acompa\u00f1a desde el inicio de la cocci\u00f3n hasta el final de la limpieza.\u00a0Cuenta\u00a0con\u00a0un\u00a0sistema\u00a0de\u00a0convecci\u00f3n\u00a0con\u00a0ventilador\u00a0dentro\u00a0del\u00a0horno,\u00a0asegurando\u00a0una\u00a0distribuci\u00f3n\u00a0uniforme\u00a0del\u00a0calor\u00a0para\u00a0una\u00a0cocci\u00f3n\u00a0perfecta. Su dise\u00f1o moderno y funcional la convierte en una opci\u00f3n ideal para caulquier cocina.<\/p>\n","protected":false},"excerpt":{"rendered":"<p>La Estufa\u00a0IO8061GETSS0\u00a0de Mabe es una estufa empotrable de 80 cm (30 pulgadas) con acabado inoxidable y vidrio negro. Equipada con la tecnolog\u00eda Ultimate, te acompa\u00f1a desde el inicio de la cocci\u00f3n hasta el final de la limpieza.\u00a0Cuenta\u00a0con\u00a0un\u00a0sistema\u00a0de\u00a0convecci\u00f3n\u00a0con\u00a0ventilador\u00a0dentro\u00a0del\u00a0horno,\u00a0asegurando\u00a0una\u00a0distribuci\u00f3n\u00a0uniforme\u00a0del\u00a0calor\u00a0para\u00a0una\u00a0cocci\u00f3n\u00a0perfecta. Su dise\u00f1o moderno y funcional la convierte en una opci\u00f3n ideal para caulquier cocina.<\/p>\n","protected":false},"featured_media":11827,"template":"","meta":{"_joinchat":[]},"product_brand":[],"product_cat":[171],"product_tag":[61],"class_list":{"0":"post-11825","1":"product","2":"type-product","3":"status-publish","4":"has-post-thumbnail","6":"product_cat-estufas-de-empotre","7":"product_tag-io-mabe","9":"first","10":"instock","11":"shipping-taxable","12":"product-type-simple"},"_links":{"self":[{"href":"https:\/\/eltiosam.com.mx\/index.php\/wp-json\/wp\/v2\/product\/11825","targetHints":{"allow":["GET"]}}],"collection":[{"href":"https:\/\/eltiosam.com.mx\/index.php\/wp-json\/wp\/v2\/product"}],"about":[{"href":"https:\/\/eltiosam.com.mx\/index.php\/wp-json\/wp\/v2\/types\/product"}],"wp:featuredmedia":[{"embeddable":true,"href":"https:\/\/eltiosam.com.mx\/index.php\/wp-json\/wp\/v2\/media\/11827"}],"wp:attachment":[{"href":"https:\/\/eltiosam.com.mx\/index.php\/wp-json\/wp\/v2\/media?parent=11825"}],"wp:term":[{"taxonomy":"product_brand","embeddable":true,"href":"https:\/\/eltiosam.com.mx\/index.php\/wp-json\/wp\/v2\/product_brand?post=11825"},{"taxonomy":"product_cat","embeddable":true,"href":"https:\/\/eltiosam.com.mx\/index.php\/wp-json\/wp\/v2\/product_cat?post=11825"},{"taxonomy":"product_tag","embeddable":true,"href":"https:\/\/eltiosam.com.mx\/index.php\/wp-json\/wp\/v2\/product_tag?post=11825"}],"curies":[{"name":"wp","href":"https:\/\/api.w.org\/{rel}","templated":true}]}}