{"id":11819,"date":"2025-07-17T05:38:59","date_gmt":"2025-07-17T05:38:59","guid":{"rendered":"https:\/\/eltiosam.com.mx\/?post_type=product&#038;p=11819"},"modified":"2025-07-17T05:39:00","modified_gmt":"2025-07-17T05:39:00","slug":"microondas-ge-mge14xeji-2","status":"publish","type":"product","link":"https:\/\/eltiosam.com.mx\/index.php\/product\/microondas-ge-mge14xeji-2\/","title":{"rendered":"MICROONDAS GE MGE14XEJI"},"content":{"rendered":"<p>Para cocineros express o amantes del arte del buen comer, un microondas es un aliado indiscutible de la cocina. Ahorra tiempo, lleva los alimentos a su punto de cocci\u00f3n o vuelve a deleitarte con los sabores de los platos que ya preparaste.<\/p>\n<p>Variedad de funciones y programas<br \/>\nPara destacar, este microondas cuenta con 10 diferentes niveles de cocci\u00f3n y programas. Disfruta todas tus comidas con m\u00ednimo esfuerzo y m\u00e1ximo sabor.<\/p>\n<p>Dise\u00f1o innovador y accesorios<br \/>\nLa libertad es absoluta, ya que podr\u00e1s llevarlo adonde desees cuando te mudes.<br \/>\nSu display te permitir\u00e1 ser m\u00e1s preciso al momento de seleccionar el tipo de comida, configurar el tiempo y la funci\u00f3n para cocinar.<\/p>\n","protected":false},"excerpt":{"rendered":"<p>Para cocineros express o amantes del arte del buen comer, un microondas es un aliado indiscutible de la cocina. Ahorra tiempo, lleva los alimentos a su punto de cocci\u00f3n o vuelve a deleitarte con los sabores de los platos que ya preparaste.<\/p>\n<p>Variedad de funciones y programas<br \/>\nPara destacar, este microondas cuenta con 10 diferentes niveles de cocci\u00f3n y programas. Disfruta todas tus comidas con m\u00ednimo esfuerzo y m\u00e1ximo sabor.<\/p>\n","protected":false},"featured_media":11821,"template":"","meta":{"_joinchat":[]},"product_brand":[],"product_cat":[184],"product_tag":[57],"class_list":{"0":"post-11819","1":"product","2":"type-product","3":"status-publish","4":"has-post-thumbnail","6":"product_cat-microondas","7":"product_tag-ge","9":"first","10":"instock","11":"shipping-taxable","12":"product-type-simple"},"_links":{"self":[{"href":"https:\/\/eltiosam.com.mx\/index.php\/wp-json\/wp\/v2\/product\/11819","targetHints":{"allow":["GET"]}}],"collection":[{"href":"https:\/\/eltiosam.com.mx\/index.php\/wp-json\/wp\/v2\/product"}],"about":[{"href":"https:\/\/eltiosam.com.mx\/index.php\/wp-json\/wp\/v2\/types\/product"}],"wp:featuredmedia":[{"embeddable":true,"href":"https:\/\/eltiosam.com.mx\/index.php\/wp-json\/wp\/v2\/media\/11821"}],"wp:attachment":[{"href":"https:\/\/eltiosam.com.mx\/index.php\/wp-json\/wp\/v2\/media?parent=11819"}],"wp:term":[{"taxonomy":"product_brand","embeddable":true,"href":"https:\/\/eltiosam.com.mx\/index.php\/wp-json\/wp\/v2\/product_brand?post=11819"},{"taxonomy":"product_cat","embeddable":true,"href":"https:\/\/eltiosam.com.mx\/index.php\/wp-json\/wp\/v2\/product_cat?post=11819"},{"taxonomy":"product_tag","embeddable":true,"href":"https:\/\/eltiosam.com.mx\/index.php\/wp-json\/wp\/v2\/product_tag?post=11819"}],"curies":[{"name":"wp","href":"https:\/\/api.w.org\/{rel}","templated":true}]}}