{"id":11744,"date":"2025-06-11T18:49:29","date_gmt":"2025-06-11T18:49:29","guid":{"rendered":"https:\/\/eltiosam.com.mx\/?post_type=product&#038;p=11744"},"modified":"2025-06-11T18:49:58","modified_gmt":"2025-06-11T18:49:58","slug":"rejilla-para-tarjaeclipse-r505l","status":"publish","type":"product","link":"https:\/\/eltiosam.com.mx\/index.php\/product\/rejilla-para-tarjaeclipse-r505l\/","title":{"rendered":"REJILLA PARA TARJA\tECLIPSE R505L"},"content":{"rendered":"<p>Descripci\u00f3n:<\/p>\n<p>La rejilla para tarja de cocina-modelos 501\/502\/503s ECLIPSE est\u00e1 fabricada completamente en acero inoxidable, garantizando resistencia, durabilidad y f\u00e1cil limpieza. Es ideal para los modelos de tarja 501, 502, 503s y 1815, proporcionando un ajuste perfecto y una est\u00e9tica elegante en tu cocina.<\/p>\n<div><\/div>\n<div><\/div>\n<p>Caracter\u00edsticas:<\/p>\n<div><\/div>\n<p>&#8211; Fabricada en 100% acero inoxidable de alta calidad.<\/p>\n<div><\/div>\n<p>&#8211; Dise\u00f1ada espec\u00edficamente para los modelos de tarja 501, 502, 503s y 1815.<\/p>\n<div><\/div>\n<p>&#8211; Asegura un drenaje eficiente y mantiene los platos y utensilios elevados para un secado r\u00e1pido.<\/p>\n<div><\/div>\n<div><\/div>\n<p>Medidas:<\/p>\n<div><\/div>\n<p>&#8211; Dimensiones: 50 cm x 30 cm<\/p>\n<div><\/div>\n<div><\/div>\n<p>\u00a1Con la rejilla para tarja de cocina-modelos 501\/502\/503s\/1815 ECLIPSE mant\u00e9n tu cocina organizada y tus utensilios siempre secos y listos para usar!<\/p>\n","protected":false},"excerpt":{"rendered":"<p>La rejilla para tarja de cocina-modelos 501\/502\/503s\u00a0 ECLIPSE est\u00e1 fabricada completamente en acero inoxidable, garantizando resistencia, durabilidad y f\u00e1cil limpieza. Es ideal para los modelos de tarja 501, 502, 503s\u00a0 proporcionando un ajuste perfecto y una est\u00e9tica elegante en tu cocina.<\/p>\n<div><\/div>\n","protected":false},"featured_media":11655,"template":"","meta":{"_joinchat":[]},"product_brand":[],"product_cat":[47],"product_tag":[48],"class_list":{"0":"post-11744","1":"product","2":"type-product","3":"status-publish","4":"has-post-thumbnail","6":"product_cat-tarjas","7":"product_tag-eclipse","9":"first","10":"instock","11":"shipping-taxable","12":"product-type-simple"},"_links":{"self":[{"href":"https:\/\/eltiosam.com.mx\/index.php\/wp-json\/wp\/v2\/product\/11744","targetHints":{"allow":["GET"]}}],"collection":[{"href":"https:\/\/eltiosam.com.mx\/index.php\/wp-json\/wp\/v2\/product"}],"about":[{"href":"https:\/\/eltiosam.com.mx\/index.php\/wp-json\/wp\/v2\/types\/product"}],"wp:featuredmedia":[{"embeddable":true,"href":"https:\/\/eltiosam.com.mx\/index.php\/wp-json\/wp\/v2\/media\/11655"}],"wp:attachment":[{"href":"https:\/\/eltiosam.com.mx\/index.php\/wp-json\/wp\/v2\/media?parent=11744"}],"wp:term":[{"taxonomy":"product_brand","embeddable":true,"href":"https:\/\/eltiosam.com.mx\/index.php\/wp-json\/wp\/v2\/product_brand?post=11744"},{"taxonomy":"product_cat","embeddable":true,"href":"https:\/\/eltiosam.com.mx\/index.php\/wp-json\/wp\/v2\/product_cat?post=11744"},{"taxonomy":"product_tag","embeddable":true,"href":"https:\/\/eltiosam.com.mx\/index.php\/wp-json\/wp\/v2\/product_tag?post=11744"}],"curies":[{"name":"wp","href":"https:\/\/api.w.org\/{rel}","templated":true}]}}