{"id":11735,"date":"2025-06-11T01:04:00","date_gmt":"2025-06-11T01:04:00","guid":{"rendered":"https:\/\/eltiosam.com.mx\/?post_type=product&#038;p=11735"},"modified":"2025-06-11T17:52:58","modified_gmt":"2025-06-11T17:52:58","slug":"lavavajilla-empotrable-16-servicios-negro-mate-cafe-cdt858p3vd1","status":"publish","type":"product","link":"https:\/\/eltiosam.com.mx\/index.php\/product\/lavavajilla-empotrable-16-servicios-negro-mate-cafe-cdt858p3vd1\/","title":{"rendered":"LAVAVAJILLAS 16 SERVICIOS CAF\u00c9 CDT858P3VD1"},"content":{"rendered":"<p>Diplay digital, te permite ver f\u00e1cilmente el status del ciclo, adem\u00e1s de controlar las funciones. Jets de agua que alcanzan zonas dif\u00edciles en objetos alargados para una limpieza impecable. Funci\u00f3n de pre lavado con vapor que desprende hasta las manchas de alimentos m\u00e1s dif\u00edciles. Rack superior ajustable para acomodar cualquier tipo de traste sin importar el tama\u00f1o.<\/p>\n","protected":false},"excerpt":{"rendered":"<p>Diplay digital, te permite ver f\u00e1cilmente el status del ciclo, adem\u00e1s de controlar las funciones. Jets de agua que alcanzan zonas dif\u00edciles en objetos alargados para una limpieza impecable<\/p>\n","protected":false},"featured_media":11737,"template":"","meta":{"_joinchat":[]},"product_brand":[],"product_cat":[43],"product_tag":[231],"class_list":{"0":"post-11735","1":"product","2":"type-product","3":"status-publish","4":"has-post-thumbnail","6":"product_cat-lavavajillas","7":"product_tag-cafe","9":"first","10":"instock","11":"shipping-taxable","12":"product-type-simple"},"_links":{"self":[{"href":"https:\/\/eltiosam.com.mx\/index.php\/wp-json\/wp\/v2\/product\/11735","targetHints":{"allow":["GET"]}}],"collection":[{"href":"https:\/\/eltiosam.com.mx\/index.php\/wp-json\/wp\/v2\/product"}],"about":[{"href":"https:\/\/eltiosam.com.mx\/index.php\/wp-json\/wp\/v2\/types\/product"}],"wp:featuredmedia":[{"embeddable":true,"href":"https:\/\/eltiosam.com.mx\/index.php\/wp-json\/wp\/v2\/media\/11737"}],"wp:attachment":[{"href":"https:\/\/eltiosam.com.mx\/index.php\/wp-json\/wp\/v2\/media?parent=11735"}],"wp:term":[{"taxonomy":"product_brand","embeddable":true,"href":"https:\/\/eltiosam.com.mx\/index.php\/wp-json\/wp\/v2\/product_brand?post=11735"},{"taxonomy":"product_cat","embeddable":true,"href":"https:\/\/eltiosam.com.mx\/index.php\/wp-json\/wp\/v2\/product_cat?post=11735"},{"taxonomy":"product_tag","embeddable":true,"href":"https:\/\/eltiosam.com.mx\/index.php\/wp-json\/wp\/v2\/product_tag?post=11735"}],"curies":[{"name":"wp","href":"https:\/\/api.w.org\/{rel}","templated":true}]}}