{"id":11720,"date":"2025-06-11T00:38:25","date_gmt":"2025-06-11T00:38:25","guid":{"rendered":"https:\/\/eltiosam.com.mx\/?post_type=product&#038;p=11720"},"modified":"2025-10-30T20:28:36","modified_gmt":"2025-10-30T20:28:36","slug":"lavavajillas-24-14-servicios-panelable-signature-sksdw2402p","status":"publish","type":"product","link":"https:\/\/eltiosam.com.mx\/index.php\/product\/lavavajillas-24-14-servicios-panelable-signature-sksdw2402p\/","title":{"rendered":"LAVAVAJILLAS 24&#8243; 14 SERVICIOS PANELABLE SIGNATURE SKSDW2402P"},"content":{"rendered":"<p>A pesar de ser una de las partes m\u00e1s importantes de su cocina, nuestro lavavajillas Panel-Ready desaparece f\u00e1cilmente en el dise\u00f1o de su habitaci\u00f3n. La puerta panelada est\u00e1 brillantemente dise\u00f1ada para deslizarse de forma segura a medida que la abre, lo que le permite montar el lavavajillas a cualquier altura mientras est\u00e1 totalmente oculto detr\u00e1s del panel. Y con 44 dBA es tan silencioso que apenas notar\u00e1 que est\u00e1 encendido.<\/p>\n<p>Caracter\u00edsticas:<\/p>\n<p>Wi-Fi-Enabled para ThinQ\u00ae Control con iPhone \/ Android App: S\u00ed<br \/>\nFuncionamiento a distancia<br \/>\nAnchura total: 23 1\u20442\u2033 (pulgadas)<br \/>\nAltura total (pulgadas): 32 1\u204416\u2033- 34 7\u204416\u2033<br \/>\nProfundidad total (pulgadas): 21 7\u20448\u2033<br \/>\nProfundidad con la puerta abierta: 48<\/p>\n","protected":false},"excerpt":{"rendered":"<p>A pesar de ser una de las partes m\u00e1s importantes de su cocina, nuestro lavavajillas Panel-Ready desaparece f\u00e1cilmente en el dise\u00f1o de su habitaci\u00f3n. La puerta panelada est\u00e1 brillantemente dise\u00f1ada para deslizarse de forma segura a medida que la abre, lo que le permite montar el lavavajillas a cualquier altura mientras est\u00e1 totalmente oculto detr\u00e1s del panel. Y con 44 dBA es tan silencioso que apenas notar\u00e1 que est\u00e1 encendido.<\/p>\n","protected":false},"featured_media":11722,"template":"","meta":{"_joinchat":[]},"product_brand":[],"product_cat":[43],"product_tag":[234],"class_list":{"0":"post-11720","1":"product","2":"type-product","3":"status-publish","4":"has-post-thumbnail","6":"product_cat-lavavajillas","7":"product_tag-signature-kitchen","9":"first","10":"instock","11":"shipping-taxable","12":"product-type-simple"},"_links":{"self":[{"href":"https:\/\/eltiosam.com.mx\/index.php\/wp-json\/wp\/v2\/product\/11720","targetHints":{"allow":["GET"]}}],"collection":[{"href":"https:\/\/eltiosam.com.mx\/index.php\/wp-json\/wp\/v2\/product"}],"about":[{"href":"https:\/\/eltiosam.com.mx\/index.php\/wp-json\/wp\/v2\/types\/product"}],"wp:featuredmedia":[{"embeddable":true,"href":"https:\/\/eltiosam.com.mx\/index.php\/wp-json\/wp\/v2\/media\/11722"}],"wp:attachment":[{"href":"https:\/\/eltiosam.com.mx\/index.php\/wp-json\/wp\/v2\/media?parent=11720"}],"wp:term":[{"taxonomy":"product_brand","embeddable":true,"href":"https:\/\/eltiosam.com.mx\/index.php\/wp-json\/wp\/v2\/product_brand?post=11720"},{"taxonomy":"product_cat","embeddable":true,"href":"https:\/\/eltiosam.com.mx\/index.php\/wp-json\/wp\/v2\/product_cat?post=11720"},{"taxonomy":"product_tag","embeddable":true,"href":"https:\/\/eltiosam.com.mx\/index.php\/wp-json\/wp\/v2\/product_tag?post=11720"}],"curies":[{"name":"wp","href":"https:\/\/api.w.org\/{rel}","templated":true}]}}