{"id":11718,"date":"2025-06-11T00:29:10","date_gmt":"2025-06-11T00:29:10","guid":{"rendered":"https:\/\/eltiosam.com.mx\/?post_type=product&#038;p=11718"},"modified":"2025-06-11T18:17:03","modified_gmt":"2025-06-11T18:17:03","slug":"parrilla-48-4-quemadores-sous-vide-e-induccion-signature-kitchen-sksrt480sis","status":"publish","type":"product","link":"https:\/\/eltiosam.com.mx\/index.php\/product\/parrilla-48-4-quemadores-sous-vide-e-induccion-signature-kitchen-sksrt480sis\/","title":{"rendered":"PARRILLA 48&#8243; 4 QUEMADORES, SOUS VIDE E INDUCCI\u00d3N SIGNATURE SKSRT480SIS"},"content":{"rendered":"<p>Es el \u00fanico rangetop profesional en el mercado que incluye sous vide incorporado, cuatro quemadores de gas, as\u00ed como la inducci\u00f3n de dos zonas \u2013 una primicia en el mercado gracias a la utilizaci\u00f3n de 240 voltios en lugar de 120 voltios.<\/p>\n<p>Caracter\u00edsticas:<\/p>\n<p>Wi-Fi para ThinQ\u00ae Control con iPhone \/ Android App: S\u00ed<br \/>\nOperaciones remotas: S\u00ed<br \/>\nCocci\u00f3n Sous Vide: S\u00ed<br \/>\nAncho total (pulgadas): 47 7\u20448<br \/>\nAltura Total Incluyendo Rejillas (pulgadas): 8 15\u204416<br \/>\nProfundidad Total Incluyendo Pomos (pulgadas): 28 15\u204416<br \/>\nProfundidad total sin pomos (pulgadas): 26 3\u20444<br \/>\nPeso neto (aprox.): 193 lbs.<br \/>\nPeso de env\u00edo (aprox.): 261 lbs.<br \/>\nAccesorios incluidos: Ba\u00f1o Sous Vide<br \/>\nAccesorios incluidos: Rejilla Sous Vide<\/p>\n","protected":false},"excerpt":{"rendered":"<p>Es el \u00fanico rangetop profesional en el mercado que incluye sous vide incorporado, cuatro quemadores de gas, as\u00ed como la inducci\u00f3n de dos zonas \u2013 una primicia en el mercado gracias a la utilizaci\u00f3n de 240 voltios en lugar de 120 voltios.<\/p>\n","protected":false},"featured_media":11719,"template":"","meta":{"_joinchat":[]},"product_brand":[],"product_cat":[189],"product_tag":[234],"class_list":{"0":"post-11718","1":"product","2":"type-product","3":"status-publish","4":"has-post-thumbnail","6":"product_cat-parrillas","7":"product_tag-signature-kitchen","9":"first","10":"instock","11":"shipping-taxable","12":"product-type-simple"},"_links":{"self":[{"href":"https:\/\/eltiosam.com.mx\/index.php\/wp-json\/wp\/v2\/product\/11718","targetHints":{"allow":["GET"]}}],"collection":[{"href":"https:\/\/eltiosam.com.mx\/index.php\/wp-json\/wp\/v2\/product"}],"about":[{"href":"https:\/\/eltiosam.com.mx\/index.php\/wp-json\/wp\/v2\/types\/product"}],"wp:featuredmedia":[{"embeddable":true,"href":"https:\/\/eltiosam.com.mx\/index.php\/wp-json\/wp\/v2\/media\/11719"}],"wp:attachment":[{"href":"https:\/\/eltiosam.com.mx\/index.php\/wp-json\/wp\/v2\/media?parent=11718"}],"wp:term":[{"taxonomy":"product_brand","embeddable":true,"href":"https:\/\/eltiosam.com.mx\/index.php\/wp-json\/wp\/v2\/product_brand?post=11718"},{"taxonomy":"product_cat","embeddable":true,"href":"https:\/\/eltiosam.com.mx\/index.php\/wp-json\/wp\/v2\/product_cat?post=11718"},{"taxonomy":"product_tag","embeddable":true,"href":"https:\/\/eltiosam.com.mx\/index.php\/wp-json\/wp\/v2\/product_tag?post=11718"}],"curies":[{"name":"wp","href":"https:\/\/api.w.org\/{rel}","templated":true}]}}