{"id":11685,"date":"2025-06-10T23:14:23","date_gmt":"2025-06-10T23:14:23","guid":{"rendered":"https:\/\/eltiosam.com.mx\/?post_type=product&#038;p=11685"},"modified":"2025-06-11T18:25:31","modified_gmt":"2025-06-11T18:25:31","slug":"campana-de-pared-40-inoxidable-monogram-zvw1480spss","status":"publish","type":"product","link":"https:\/\/eltiosam.com.mx\/index.php\/product\/campana-de-pared-40-inoxidable-monogram-zvw1480spss\/","title":{"rendered":"CAMPANA DE PARED 48&#8243; MONOGRAM ZVW1480SPSS"},"content":{"rendered":"<ul>\n<li>Las nuevas campanas extractoras de pared Monogram le dar\u00e1n a su cocina la funci\u00f3n y el aspecto profesional perfectos. Con su soplador doble de 1220 CFM con tecnolog\u00eda Quietboost, los humos y olores de la cocina se eliminan r\u00e1pidamente con un ruido de ventilaci\u00f3n m\u00ednimo. Esta campana de montaje en pared profesional tambi\u00e9n cuenta con Wi-Fi incorporado que puede convertir su tel\u00e9fono inteligente en un control remoto con la aplicaci\u00f3n SmartHQ. Con la funci\u00f3n Chef Connect, su campana de pared puede comunicarse con sus otros electrodom\u00e9sticos Monogram a trav\u00e9s de Bluetooth y enciende o apaga autom\u00e1ticamente la ventilaci\u00f3n cuando su electrodom\u00e9stico est\u00e1 encendido o apagado.\n<p>Caracter\u00edsticas:<br \/>\n\u2022 120cm (48\u201d)<br \/>\nMedidas sin empaque:<br \/>\nAlto: 58.16 cm<br \/>\nAncho: 130.81 cm<br \/>\nProfundo: 62.23 cm<br \/>\nPeso: 56.54 kg<br \/>\nMedidas con empaque:<br \/>\nAlto: 45.72 cm<br \/>\nAncho: 121.92 cm<br \/>\nProfundo: 55.88 cm<br \/>\nPeso: 36.46 kg<br \/>\n\u2022 Capacidad de extracci\u00f3n: 2,072.79 m3\/H (1,220 CFM)<br \/>\n\u2022 3 velocidades + Boost<br \/>\n\u2022 4 filtros de acero inoxidable tipo baffle<br \/>\n\u2022 Control Glass Touch Backlit<br \/>\n\u2022 Tecnolog\u00eda Quiet Boost<br \/>\n\u2022 Iluminaci\u00f3n LED<br \/>\n\u2022 4 niveles de iluminaci\u00f3n<br \/>\n\u2022 Construcciones de doble pared<br \/>\n\u2022 Canales atrapa grasa (3)<br \/>\n\u2022 Filtros removibles<br \/>\n\u2022 Alerta de cambio de filtro<br \/>\n\u2022 Encendido autom\u00e1tico por sensor de calor<br \/>\n\u2022 Retrasar apagado<br \/>\n\u2022 Ubicaci\u00f3n del escape: superior \/ posterior<br \/>\n\u2022 Ducto requerido: 10\u201d (25.4 cm)<br \/>\n\u2022 Ducto no incluido<br \/>\n\u2022 110V \/ 6.5 Amp<\/li>\n<\/ul>\n","protected":false},"excerpt":{"rendered":"<p>Las nuevas campanas extractoras de pared Monogram le dar\u00e1n a su cocina la funci\u00f3n y el aspecto profesional perfectos. Con su soplador doble de 1220 CFM con tecnolog\u00eda Quietboost, los humos y olores de la cocina se eliminan r\u00e1pidamente con un ruido de ventilaci\u00f3n m\u00ednimo. Esta campana de montaje en pared profesional tambi\u00e9n cuenta con Wi-Fi incorporado que puede convertir su tel\u00e9fono inteligente en un control remoto con la aplicaci\u00f3n SmartHQ. Con la funci\u00f3n Chef Connect, su campana de pared puede comunicarse con sus otros electrodom\u00e9sticos Monogram a trav\u00e9s de Bluetooth y enciende o apaga autom\u00e1ticamente la ventilaci\u00f3n cuando su electrodom\u00e9stico est\u00e1 encendido o apagado.<\/p>\n","protected":false},"featured_media":11687,"template":"","meta":{"_joinchat":[]},"product_brand":[],"product_cat":[45],"product_tag":[79],"class_list":{"0":"post-11685","1":"product","2":"type-product","3":"status-publish","4":"has-post-thumbnail","6":"product_cat-campanas","7":"product_tag-monogram","9":"first","10":"instock","11":"shipping-taxable","12":"product-type-simple"},"_links":{"self":[{"href":"https:\/\/eltiosam.com.mx\/index.php\/wp-json\/wp\/v2\/product\/11685","targetHints":{"allow":["GET"]}}],"collection":[{"href":"https:\/\/eltiosam.com.mx\/index.php\/wp-json\/wp\/v2\/product"}],"about":[{"href":"https:\/\/eltiosam.com.mx\/index.php\/wp-json\/wp\/v2\/types\/product"}],"wp:featuredmedia":[{"embeddable":true,"href":"https:\/\/eltiosam.com.mx\/index.php\/wp-json\/wp\/v2\/media\/11687"}],"wp:attachment":[{"href":"https:\/\/eltiosam.com.mx\/index.php\/wp-json\/wp\/v2\/media?parent=11685"}],"wp:term":[{"taxonomy":"product_brand","embeddable":true,"href":"https:\/\/eltiosam.com.mx\/index.php\/wp-json\/wp\/v2\/product_brand?post=11685"},{"taxonomy":"product_cat","embeddable":true,"href":"https:\/\/eltiosam.com.mx\/index.php\/wp-json\/wp\/v2\/product_cat?post=11685"},{"taxonomy":"product_tag","embeddable":true,"href":"https:\/\/eltiosam.com.mx\/index.php\/wp-json\/wp\/v2\/product_tag?post=11685"}],"curies":[{"name":"wp","href":"https:\/\/api.w.org\/{rel}","templated":true}]}}