{"id":11680,"date":"2025-06-10T23:13:06","date_gmt":"2025-06-10T23:13:06","guid":{"rendered":"https:\/\/eltiosam.com.mx\/?post_type=product&#038;p=11680"},"modified":"2025-06-11T18:25:56","modified_gmt":"2025-06-11T18:25:56","slug":"campana-de-pared-90-cm-inoxidable-monogram-zvw1360spss","status":"publish","type":"product","link":"https:\/\/eltiosam.com.mx\/index.php\/product\/campana-de-pared-90-cm-inoxidable-monogram-zvw1360spss\/","title":{"rendered":"CAMPANA DE PARED 36&#8243; MONOGRAM ZVW1360SPSS"},"content":{"rendered":"<p>Las nuevas campanas extractoras de pared Monogram le dar\u00e1n a su cocina la funci\u00f3n y el aspecto profesional perfectos. Con sus 610 CFM con tecnolog\u00eda Quietboost, los humos y olores de la cocina se eliminan r\u00e1pidamente con un ruido de ventilaci\u00f3n m\u00ednimo. Esta campana de montaje en pared profesional tambi\u00e9n cuenta con Wi-Fi incorporado que puede convertir su tel\u00e9fono inteligente en un control remoto con la aplicaci\u00f3n SmartHQ. Con la funci\u00f3n Chef Connect, su campana de pared puede comunicarse con sus otros electrodom\u00e9sticos Monogram a trav\u00e9s de Bluetooth y enciende o apaga autom\u00e1ticamente la ventilaci\u00f3n cuando su electrodom\u00e9stico est\u00e1 encendido o apagado.<\/p>\n<p>Estilo: Campana est\u00e1ndar<br \/>\nTipo de ventilaci\u00f3n: con conductos<br \/>\nSoplador Incluido: Si<br \/>\nTipo de soplador: Interno<br \/>\nAncho: 36 pulgadas<br \/>\nProfundidad: 22 pulgadas<br \/>\nAltura: 18 pulgadas<br \/>\nWi-Fi: S\u00ed<br \/>\nMando a distancia: S\u00ed<br \/>\nCFM: 610 CFM<br \/>\nReducci\u00f3n permanente del flujo de aire: S\u00ed<br \/>\nSonios: 8<br \/>\nTama\u00f1o del conducto: 10 pulgadas<br \/>\nN\u00famero de velocidades del ventilador: 4<br \/>\nLuces: LED<br \/>\nApagado retardado: S\u00ed<\/p>\n","protected":false},"excerpt":{"rendered":"<p>Las nuevas campanas extractoras de pared Monogram le dar\u00e1n a su cocina la funci\u00f3n y el aspecto profesional perfectos. Con sus 610 CFM con tecnolog\u00eda Quietboost, los humos y olores de la cocina se eliminan r\u00e1pidamente con un ruido de ventilaci\u00f3n m\u00ednimo. Esta campana de montaje en pared profesional tambi\u00e9n cuenta con Wi-Fi incorporado que puede convertir su tel\u00e9fono inteligente en un control remoto con la aplicaci\u00f3n SmartHQ. Con la funci\u00f3n Chef Connect, su campana de pared puede comunicarse con sus otros electrodom\u00e9sticos Monogram a trav\u00e9s de Bluetooth y enciende o apaga autom\u00e1ticamente la ventilaci\u00f3n cuando su electrodom\u00e9stico est\u00e1 encendido o apagado.<\/p>\n","protected":false},"featured_media":11681,"template":"","meta":{"_joinchat":[]},"product_brand":[],"product_cat":[45],"product_tag":[79],"class_list":{"0":"post-11680","1":"product","2":"type-product","3":"status-publish","4":"has-post-thumbnail","6":"product_cat-campanas","7":"product_tag-monogram","9":"first","10":"instock","11":"shipping-taxable","12":"product-type-simple"},"_links":{"self":[{"href":"https:\/\/eltiosam.com.mx\/index.php\/wp-json\/wp\/v2\/product\/11680","targetHints":{"allow":["GET"]}}],"collection":[{"href":"https:\/\/eltiosam.com.mx\/index.php\/wp-json\/wp\/v2\/product"}],"about":[{"href":"https:\/\/eltiosam.com.mx\/index.php\/wp-json\/wp\/v2\/types\/product"}],"wp:featuredmedia":[{"embeddable":true,"href":"https:\/\/eltiosam.com.mx\/index.php\/wp-json\/wp\/v2\/media\/11681"}],"wp:attachment":[{"href":"https:\/\/eltiosam.com.mx\/index.php\/wp-json\/wp\/v2\/media?parent=11680"}],"wp:term":[{"taxonomy":"product_brand","embeddable":true,"href":"https:\/\/eltiosam.com.mx\/index.php\/wp-json\/wp\/v2\/product_brand?post=11680"},{"taxonomy":"product_cat","embeddable":true,"href":"https:\/\/eltiosam.com.mx\/index.php\/wp-json\/wp\/v2\/product_cat?post=11680"},{"taxonomy":"product_tag","embeddable":true,"href":"https:\/\/eltiosam.com.mx\/index.php\/wp-json\/wp\/v2\/product_tag?post=11680"}],"curies":[{"name":"wp","href":"https:\/\/api.w.org\/{rel}","templated":true}]}}