{"id":11670,"date":"2025-06-10T20:07:45","date_gmt":"2025-06-10T20:07:45","guid":{"rendered":"https:\/\/eltiosam.com.mx\/?post_type=product&#038;p=11670"},"modified":"2025-06-11T18:47:51","modified_gmt":"2025-06-11T18:47:51","slug":"refrigerador-automatico-maytag-25-pies-cubicos-mfi2570fez","status":"publish","type":"product","link":"https:\/\/eltiosam.com.mx\/index.php\/product\/refrigerador-automatico-maytag-25-pies-cubicos-mfi2570fez\/","title":{"rendered":"REFRIGERADOR 25p3 MAYTAG MFI2570FEZ"},"content":{"rendered":"<p>Con opci\u00f3n PowerCold, que enfr\u00eda r\u00e1pidamente tu refrigerador para preservar tus alimentos, cubierta de acero inoxidable resistente a huellas digitales que mantiene el refrigerador luciendo c\u00f3mo nuevo. Conf\u00eda en el poder Maytag.<\/p>\n","protected":false},"excerpt":{"rendered":"<p>Con opci\u00f3n PowerCold, que enfr\u00eda r\u00e1pidamente tu refrigerador para preservar tus alimentos, cubierta de acero inoxidable resistente a huellas digitales que mantiene el refrigerador luciendo c\u00f3mo nuevo. Conf\u00eda en el poder Maytag.<\/p>\n","protected":false},"featured_media":11671,"template":"","meta":{"_joinchat":[]},"product_brand":[],"product_cat":[193],"product_tag":[205],"class_list":{"0":"post-11670","1":"product","2":"type-product","3":"status-publish","4":"has-post-thumbnail","6":"product_cat-refrigerador-congelador-inferior","7":"product_tag-maytag","9":"first","10":"instock","11":"shipping-taxable","12":"product-type-simple"},"_links":{"self":[{"href":"https:\/\/eltiosam.com.mx\/index.php\/wp-json\/wp\/v2\/product\/11670","targetHints":{"allow":["GET"]}}],"collection":[{"href":"https:\/\/eltiosam.com.mx\/index.php\/wp-json\/wp\/v2\/product"}],"about":[{"href":"https:\/\/eltiosam.com.mx\/index.php\/wp-json\/wp\/v2\/types\/product"}],"wp:featuredmedia":[{"embeddable":true,"href":"https:\/\/eltiosam.com.mx\/index.php\/wp-json\/wp\/v2\/media\/11671"}],"wp:attachment":[{"href":"https:\/\/eltiosam.com.mx\/index.php\/wp-json\/wp\/v2\/media?parent=11670"}],"wp:term":[{"taxonomy":"product_brand","embeddable":true,"href":"https:\/\/eltiosam.com.mx\/index.php\/wp-json\/wp\/v2\/product_brand?post=11670"},{"taxonomy":"product_cat","embeddable":true,"href":"https:\/\/eltiosam.com.mx\/index.php\/wp-json\/wp\/v2\/product_cat?post=11670"},{"taxonomy":"product_tag","embeddable":true,"href":"https:\/\/eltiosam.com.mx\/index.php\/wp-json\/wp\/v2\/product_tag?post=11670"}],"curies":[{"name":"wp","href":"https:\/\/api.w.org\/{rel}","templated":true}]}}