{"id":11657,"date":"2025-06-10T19:45:28","date_gmt":"2025-06-10T19:45:28","guid":{"rendered":"https:\/\/eltiosam.com.mx\/?post_type=product&#038;p=11657"},"modified":"2025-06-10T19:45:59","modified_gmt":"2025-06-10T19:45:59","slug":"mezcladora-schock-polaris-extraible-sc540","status":"publish","type":"product","link":"https:\/\/eltiosam.com.mx\/index.php\/product\/mezcladora-schock-polaris-extraible-sc540\/","title":{"rendered":"Mezcladora Schock Polaris Extra\u00edble \u2013 SC540"},"content":{"rendered":"<p>Rango de giro: 120\u00ba Posici\u00f3n maneral: derecha Longitud aprovechable de la manguera: 400 mm<\/p>\n<p>Caracter\u00edsticas:<\/p>\n<p>\u2022 Funci\u00f3n Jet Spray<\/p>\n<p>\u2022 V\u00e1lvula antirretorno Funcionamiento: alta y baja presi\u00f3n Presi\u00f3n m\u00ednima: 700 grs\/m2<\/p>\n","protected":false},"excerpt":{"rendered":"<p>Rango de giro: 120\u00ba Posici\u00f3n maneral: derecha Longitud aprovechable de la manguera: 400 mm<\/p>\n<p>&nbsp;<\/p>\n","protected":false},"featured_media":11659,"template":"","meta":{"_joinchat":[]},"product_brand":[],"product_cat":[183],"product_tag":[128],"class_list":{"0":"post-11657","1":"product","2":"type-product","3":"status-publish","4":"has-post-thumbnail","6":"product_cat-mezcladoras","7":"product_tag-schock","9":"first","10":"instock","11":"shipping-taxable","12":"product-type-simple"},"_links":{"self":[{"href":"https:\/\/eltiosam.com.mx\/index.php\/wp-json\/wp\/v2\/product\/11657","targetHints":{"allow":["GET"]}}],"collection":[{"href":"https:\/\/eltiosam.com.mx\/index.php\/wp-json\/wp\/v2\/product"}],"about":[{"href":"https:\/\/eltiosam.com.mx\/index.php\/wp-json\/wp\/v2\/types\/product"}],"wp:featuredmedia":[{"embeddable":true,"href":"https:\/\/eltiosam.com.mx\/index.php\/wp-json\/wp\/v2\/media\/11659"}],"wp:attachment":[{"href":"https:\/\/eltiosam.com.mx\/index.php\/wp-json\/wp\/v2\/media?parent=11657"}],"wp:term":[{"taxonomy":"product_brand","embeddable":true,"href":"https:\/\/eltiosam.com.mx\/index.php\/wp-json\/wp\/v2\/product_brand?post=11657"},{"taxonomy":"product_cat","embeddable":true,"href":"https:\/\/eltiosam.com.mx\/index.php\/wp-json\/wp\/v2\/product_cat?post=11657"},{"taxonomy":"product_tag","embeddable":true,"href":"https:\/\/eltiosam.com.mx\/index.php\/wp-json\/wp\/v2\/product_tag?post=11657"}],"curies":[{"name":"wp","href":"https:\/\/api.w.org\/{rel}","templated":true}]}}