{"id":11656,"date":"2025-06-10T19:38:24","date_gmt":"2025-06-10T19:38:24","guid":{"rendered":"https:\/\/eltiosam.com.mx\/?post_type=product&#038;p=11656"},"modified":"2025-06-11T18:49:22","modified_gmt":"2025-06-11T18:49:22","slug":"rejilla-para-tarja-de-cocina-modelo-2421","status":"publish","type":"product","link":"https:\/\/eltiosam.com.mx\/index.php\/product\/rejilla-para-tarja-de-cocina-modelo-2421\/","title":{"rendered":"REJILLA PARA TARJA ECLIPSE R2421"},"content":{"rendered":"<p>Rejilla para tarja de cocina fabricada totalmente en acero inoxidable de alta calidad. Compatible con los modelos de tarja\u00a0 2421 de la marca ECLIPSE.<\/p>\n<div><\/div>\n<div><\/div>\n<p>Caracter\u00edsticas:<\/p>\n<div><\/div>\n<p>&#8211; Material: Acero inoxidable.<\/p>\n<div><\/div>\n<p>&#8211; Dise\u00f1o: Rejilla para tarja de cocina.<\/p>\n<div><\/div>\n<p>&#8211; Modelos compatibles:\u00a0 2421<\/p>\n<div><\/div>\n<div><\/div>\n<p>Medidas:<\/p>\n<div><\/div>\n<p>&#8211; Dimensiones: Ajustadas a los modelos mencionados.<\/p>\n<div><\/div>\n<p>&#8211; Peso: Ligero y resistente.<\/p>\n<div><\/div>\n<div><\/div>\n<p>Esta rejilla para tarja de cocina es ideal para mantener tu tarja en perfectas condiciones, evitando rayones y da\u00f1os en la superficie. Con un dise\u00f1o pr\u00e1ctico y resistente, es el complemento perfecto para tu cocina. \u00a1No te quedes sin la tuya!<\/p>\n","protected":false},"excerpt":{"rendered":"<p>Rejilla para tarja de cocina fabricada totalmente en acero inoxidable de alta calidad. Compatible con los modelos de tarja\u00a0 2421 de la marca ECLIPSE.<\/p>\n<div><\/div>\n<div><\/div>\n","protected":false},"featured_media":11655,"template":"","meta":{"_joinchat":[]},"product_brand":[],"product_cat":[47],"product_tag":[48],"class_list":{"0":"post-11656","1":"product","2":"type-product","3":"status-publish","4":"has-post-thumbnail","6":"product_cat-tarjas","7":"product_tag-eclipse","9":"first","10":"instock","11":"shipping-taxable","12":"product-type-simple"},"_links":{"self":[{"href":"https:\/\/eltiosam.com.mx\/index.php\/wp-json\/wp\/v2\/product\/11656","targetHints":{"allow":["GET"]}}],"collection":[{"href":"https:\/\/eltiosam.com.mx\/index.php\/wp-json\/wp\/v2\/product"}],"about":[{"href":"https:\/\/eltiosam.com.mx\/index.php\/wp-json\/wp\/v2\/types\/product"}],"wp:featuredmedia":[{"embeddable":true,"href":"https:\/\/eltiosam.com.mx\/index.php\/wp-json\/wp\/v2\/media\/11655"}],"wp:attachment":[{"href":"https:\/\/eltiosam.com.mx\/index.php\/wp-json\/wp\/v2\/media?parent=11656"}],"wp:term":[{"taxonomy":"product_brand","embeddable":true,"href":"https:\/\/eltiosam.com.mx\/index.php\/wp-json\/wp\/v2\/product_brand?post=11656"},{"taxonomy":"product_cat","embeddable":true,"href":"https:\/\/eltiosam.com.mx\/index.php\/wp-json\/wp\/v2\/product_cat?post=11656"},{"taxonomy":"product_tag","embeddable":true,"href":"https:\/\/eltiosam.com.mx\/index.php\/wp-json\/wp\/v2\/product_tag?post=11656"}],"curies":[{"name":"wp","href":"https:\/\/api.w.org\/{rel}","templated":true}]}}