{"id":11535,"date":"2025-02-12T21:25:29","date_gmt":"2025-02-12T21:25:29","guid":{"rendered":"https:\/\/eltiosam.com.mx\/?post_type=product&#038;p=11535"},"modified":"2025-02-12T21:27:27","modified_gmt":"2025-02-12T21:27:27","slug":"lavavajillas-16-serv-zdt925spnss-monogram","status":"publish","type":"product","link":"https:\/\/eltiosam.com.mx\/index.php\/product\/lavavajillas-16-serv-zdt925spnss-monogram\/","title":{"rendered":"LAVAVAJILLAS 16 SERV. ZDT925SPNSS MONOGRAM"},"content":{"rendered":"<div class=\"flex-1 overflow-hidden\">\n<div class=\"react-scroll-to-bottom--css-clrzf-79elbk h-full\">\n<div class=\"react-scroll-to-bottom--css-clrzf-1n7m0yu\">\n<div class=\"flex flex-col pb-9 text-sm\">\n<div class=\"w-full text-token-text-primary\" data-testid=\"conversation-turn-119\">\n<div class=\"px-4 py-2 justify-center text-base md:gap-6 m-auto\">\n<div class=\"flex flex-1 text-base mx-auto gap-3 md:px-5 lg:px-1 xl:px-5 md:max-w-3xl lg:max-w-[40rem] xl:max-w-[48rem] group final-completion\">\n<div class=\"relative flex w-full flex-col lg:w-[calc(100%-115px)] agent-turn\">\n<div class=\"flex-col gap-1 md:gap-3\">\n<div class=\"flex flex-grow flex-col max-w-full\">\n<div class=\"min-h-[20px] text-message flex flex-col items-start gap-3 whitespace-pre-wrap break-words [.text-message+&amp;]:mt-5 overflow-x-auto\" data-message-author-role=\"assistant\" data-message-id=\"96d88b18-5014-48e5-a9f2-fa525b83881f\">\n<div class=\"markdown prose w-full break-words dark:prose-invert light\">\n<p>Lavavajillas inteligente totalmente integrado de 24 pulgadas con capacidad para 16 cubiertos, 7 ciclos de lavado, triturador de alimentos duros, lavado r\u00e1pido, modo sab\u00e1tico, iluminaci\u00f3n LED, chorros de cubiertos de limpieza profunda, Steam + Sani y sistema de lavado con chorro de agua 90+.<\/p>\n<\/div>\n<\/div>\n<\/div>\n<\/div>\n<\/div>\n<\/div>\n<\/div>\n<\/div>\n<\/div>\n<\/div>\n<\/div>\n<\/div>\n","protected":false},"excerpt":{"rendered":"<p>Lavavajillas inteligente totalmente integrado de 24 pulgadas con capacidad para 16 cubiertos, 7 ciclos de lavado, triturador de alimentos duros, lavado r\u00e1pido, modo sab\u00e1tico, iluminaci\u00f3n LED, chorros de cubiertos de limpieza profunda, Steam + Sani y sistema de lavado con chorro de agua 90+.<\/p>\n","protected":false},"featured_media":11536,"template":"","meta":{"_joinchat":[]},"product_brand":[],"product_cat":[43,42],"product_tag":[79],"class_list":{"0":"post-11535","1":"product","2":"type-product","3":"status-publish","4":"has-post-thumbnail","6":"product_cat-lavavajillas","7":"product_cat-varios","8":"product_tag-monogram","10":"first","11":"instock","12":"shipping-taxable","13":"product-type-simple"},"_links":{"self":[{"href":"https:\/\/eltiosam.com.mx\/index.php\/wp-json\/wp\/v2\/product\/11535","targetHints":{"allow":["GET"]}}],"collection":[{"href":"https:\/\/eltiosam.com.mx\/index.php\/wp-json\/wp\/v2\/product"}],"about":[{"href":"https:\/\/eltiosam.com.mx\/index.php\/wp-json\/wp\/v2\/types\/product"}],"wp:featuredmedia":[{"embeddable":true,"href":"https:\/\/eltiosam.com.mx\/index.php\/wp-json\/wp\/v2\/media\/11536"}],"wp:attachment":[{"href":"https:\/\/eltiosam.com.mx\/index.php\/wp-json\/wp\/v2\/media?parent=11535"}],"wp:term":[{"taxonomy":"product_brand","embeddable":true,"href":"https:\/\/eltiosam.com.mx\/index.php\/wp-json\/wp\/v2\/product_brand?post=11535"},{"taxonomy":"product_cat","embeddable":true,"href":"https:\/\/eltiosam.com.mx\/index.php\/wp-json\/wp\/v2\/product_cat?post=11535"},{"taxonomy":"product_tag","embeddable":true,"href":"https:\/\/eltiosam.com.mx\/index.php\/wp-json\/wp\/v2\/product_tag?post=11535"}],"curies":[{"name":"wp","href":"https:\/\/api.w.org\/{rel}","templated":true}]}}