{"id":11473,"date":"2024-12-18T23:36:30","date_gmt":"2024-12-18T23:36:30","guid":{"rendered":"https:\/\/eltiosam.com.mx\/?post_type=product&#038;p=11473"},"modified":"2024-12-18T23:40:59","modified_gmt":"2024-12-18T23:40:59","slug":"cong-comb-ref-7p3-ngo-mideamdrc280fzm30","status":"publish","type":"product","link":"https:\/\/eltiosam.com.mx\/index.php\/product\/cong-comb-ref-7p3-ngo-mideamdrc280fzm30\/","title":{"rendered":"CONG. COMB\/REF. 7p3 NGO. MIDEA\tMDRC280FZM30"},"content":{"rendered":"<div class=\"flex-1 overflow-hidden\">\n<div class=\"react-scroll-to-bottom--css-uvqbn-79elbk h-full\">\n<div class=\"react-scroll-to-bottom--css-uvqbn-1n7m0yu\">\n<div class=\"flex flex-col pb-9 text-sm\">\n<div class=\"w-full text-token-text-primary\" data-testid=\"conversation-turn-77\">\n<div class=\"px-4 py-2 justify-center text-base md:gap-6 m-auto\">\n<div class=\"flex flex-1 text-base mx-auto gap-3 md:px-5 lg:px-1 xl:px-5 md:max-w-3xl lg:max-w-[40rem] xl:max-w-[48rem] group final-completion\">\n<div class=\"relative flex w-full flex-col lg:w-[calc(100%-115px)] agent-turn\">\n<div class=\"flex-col gap-1 md:gap-3\">\n<div class=\"flex flex-grow flex-col max-w-full\">\n<div class=\"min-h-[20px] text-message flex flex-col items-start gap-3 whitespace-pre-wrap break-words [.text-message+&amp;]:mt-5 overflow-x-auto\" data-message-author-role=\"assistant\" data-message-id=\"e3bb389a-c715-4ca8-a4ce-13b5e9daa196\">\n<div class=\"markdown prose w-full break-words dark:prose-invert light\">\n<p><strong>Descripci\u00f3n:<\/strong><\/p>\n<p><strong>Eficiencia y Capacidad Excepcional<\/strong>: El congelador MIDEA MDRC280FZM30 con tecnolog\u00eda Triple Cooling de 7 pies c\u00fabicos ofrece una soluci\u00f3n avanzada para tus necesidades de almacenamiento en fr\u00edo. Su innovador sistema de enfriamiento independiente por compartimento asegura una temperatura constante y eficiente en cada secci\u00f3n, evitando la transferencia de olores entre los alimentos y garantizando su frescura por m\u00e1s tiempo.<\/p>\n<p>Con un dise\u00f1o espacioso y bien organizado, este congelador te permite almacenar grandes cantidades de alimentos de manera pr\u00e1ctica y ordenada. El sistema de Triple Cooling tambi\u00e9n ayuda a reducir el consumo energ\u00e9tico, haciendo de este congelador una opci\u00f3n econ\u00f3mica y ecol\u00f3gica.<\/p>\n<p>Ideal para hogares, restaurantes o cualquier lugar que requiera almacenamiento congelado adicional, el MIDEA MDRC280FZM30 es sin\u00f3nimo de fiabilidad, eficiencia y rendimiento superior.<\/p>\n<\/div>\n<\/div>\n<\/div>\n<div class=\"mt-1 flex justify-start gap-3 empty:hidden\">\n<div class=\"text-gray-400 flex self-end lg:self-center justify-center lg:justify-start mt-0 -ml-1 visible\">\n<p>&nbsp;<\/p>\n<div class=\"flex\"><\/div>\n<div class=\"flex items-center gap-1.5 text-xs\"><\/div>\n<\/div>\n<\/div>\n<\/div>\n<div class=\"absolute\">\n<div class=\"flex w-full gap-2 items-center justify-center\"><\/div>\n<\/div>\n<\/div>\n<\/div>\n<\/div>\n<\/div>\n<\/div>\n<\/div>\n<\/div>\n<\/div>\n<div class=\"w-full pt-2 md:pt-0 dark:border-white\/20 md:border-transparent md:dark:border-transparent md:w-[calc(100%-.5rem)]\">\n<div class=\"relative flex h-full flex-1 items-stretch md:flex-col\">\n<div class=\"flex w-full items-center\"><\/div>\n<\/div>\n<\/div>\n","protected":false},"excerpt":{"rendered":"<p>Descripci\u00f3n: Eficiencia y Capacidad Excepcional: El congelador MIDEA MDRC280FZM30 con tecnolog\u00eda Triple Cooling de 7 pies c\u00fabicos ofrece una soluci\u00f3n avanzada para tus necesidades de almacenamiento en fr\u00edo. Su innovador sistema de enfriamiento independiente por compartimento asegura una temperatura constante y eficiente en cada secci\u00f3n, evitando la transferencia de olores entre los alimentos y garantizando [&hellip;]<\/p>\n","protected":false},"featured_media":11474,"template":"","meta":{"_joinchat":[]},"product_brand":[],"product_cat":[52,20],"product_tag":[212],"class_list":{"0":"post-11473","1":"product","2":"type-product","3":"status-publish","4":"has-post-thumbnail","6":"product_cat-congeladores","7":"product_cat-refrigeracion","8":"product_tag-midea","10":"first","11":"instock","12":"shipping-taxable","13":"product-type-simple"},"_links":{"self":[{"href":"https:\/\/eltiosam.com.mx\/index.php\/wp-json\/wp\/v2\/product\/11473","targetHints":{"allow":["GET"]}}],"collection":[{"href":"https:\/\/eltiosam.com.mx\/index.php\/wp-json\/wp\/v2\/product"}],"about":[{"href":"https:\/\/eltiosam.com.mx\/index.php\/wp-json\/wp\/v2\/types\/product"}],"wp:featuredmedia":[{"embeddable":true,"href":"https:\/\/eltiosam.com.mx\/index.php\/wp-json\/wp\/v2\/media\/11474"}],"wp:attachment":[{"href":"https:\/\/eltiosam.com.mx\/index.php\/wp-json\/wp\/v2\/media?parent=11473"}],"wp:term":[{"taxonomy":"product_brand","embeddable":true,"href":"https:\/\/eltiosam.com.mx\/index.php\/wp-json\/wp\/v2\/product_brand?post=11473"},{"taxonomy":"product_cat","embeddable":true,"href":"https:\/\/eltiosam.com.mx\/index.php\/wp-json\/wp\/v2\/product_cat?post=11473"},{"taxonomy":"product_tag","embeddable":true,"href":"https:\/\/eltiosam.com.mx\/index.php\/wp-json\/wp\/v2\/product_tag?post=11473"}],"curies":[{"name":"wp","href":"https:\/\/api.w.org\/{rel}","templated":true}]}}