{"id":11446,"date":"2024-12-18T22:55:40","date_gmt":"2024-12-18T22:55:40","guid":{"rendered":"https:\/\/eltiosam.com.mx\/?post_type=product&#038;p=11446"},"modified":"2024-12-18T22:58:10","modified_gmt":"2024-12-18T22:58:10","slug":"refrig-17p3-inox-mideamdrt480wendxw","status":"publish","type":"product","link":"https:\/\/eltiosam.com.mx\/index.php\/product\/refrig-17p3-inox-mideamdrt480wendxw\/","title":{"rendered":"REFRIG. 17p3 INOX. MIDEA\tMDRT480WENDXW"},"content":{"rendered":"<p>Descripci\u00f3n:<\/p>\n<p>El refrigerador MIDEA MDRT480WENDXW de 17 pies c\u00fabicos es la elecci\u00f3n perfecta para hogares que buscan espacio, eficiencia y dise\u00f1o contempor\u00e1neo. Su configuraci\u00f3n <strong>Top Mount<\/strong> (congelador en la parte superior) maximiza la organizaci\u00f3n y accesibilidad tanto en el \u00e1rea de refrigeraci\u00f3n como en el congelador.<\/p>\n<p>Con un elegante acabado en acero inoxidable y tecnolog\u00eda avanzada, este refrigerador mantiene tus alimentos frescos por m\u00e1s tiempo. Su dise\u00f1o espacioso y funcional incluye estantes ajustables y compartimentos amplios, ideales para adaptarse a las necesidades de tu familia.<\/p>\n","protected":false},"excerpt":{"rendered":"<p>Descripci\u00f3n: El refrigerador MIDEA MDRT480WENDXW de 17 pies c\u00fabicos es la elecci\u00f3n perfecta para hogares que buscan espacio, eficiencia y dise\u00f1o contempor\u00e1neo. Su configuraci\u00f3n Top Mount (congelador en la parte superior) maximiza la organizaci\u00f3n y accesibilidad tanto en el \u00e1rea de refrigeraci\u00f3n como en el congelador. Con un elegante acabado en acero inoxidable y tecnolog\u00eda [&hellip;]<\/p>\n","protected":false},"featured_media":11447,"template":"","meta":{"_joinchat":[]},"product_brand":[],"product_cat":[20,41],"product_tag":[212],"class_list":{"0":"post-11446","1":"product","2":"type-product","3":"status-publish","4":"has-post-thumbnail","6":"product_cat-refrigeracion","7":"product_cat-refrigeradores","8":"product_tag-midea","10":"first","11":"instock","12":"shipping-taxable","13":"product-type-simple"},"_links":{"self":[{"href":"https:\/\/eltiosam.com.mx\/index.php\/wp-json\/wp\/v2\/product\/11446","targetHints":{"allow":["GET"]}}],"collection":[{"href":"https:\/\/eltiosam.com.mx\/index.php\/wp-json\/wp\/v2\/product"}],"about":[{"href":"https:\/\/eltiosam.com.mx\/index.php\/wp-json\/wp\/v2\/types\/product"}],"wp:featuredmedia":[{"embeddable":true,"href":"https:\/\/eltiosam.com.mx\/index.php\/wp-json\/wp\/v2\/media\/11447"}],"wp:attachment":[{"href":"https:\/\/eltiosam.com.mx\/index.php\/wp-json\/wp\/v2\/media?parent=11446"}],"wp:term":[{"taxonomy":"product_brand","embeddable":true,"href":"https:\/\/eltiosam.com.mx\/index.php\/wp-json\/wp\/v2\/product_brand?post=11446"},{"taxonomy":"product_cat","embeddable":true,"href":"https:\/\/eltiosam.com.mx\/index.php\/wp-json\/wp\/v2\/product_cat?post=11446"},{"taxonomy":"product_tag","embeddable":true,"href":"https:\/\/eltiosam.com.mx\/index.php\/wp-json\/wp\/v2\/product_tag?post=11446"}],"curies":[{"name":"wp","href":"https:\/\/api.w.org\/{rel}","templated":true}]}}