{"id":11426,"date":"2024-12-17T03:08:26","date_gmt":"2024-12-17T03:08:26","guid":{"rendered":"https:\/\/eltiosam.com.mx\/?post_type=product&#038;p=11426"},"modified":"2026-03-17T23:05:05","modified_gmt":"2026-03-17T23:05:05","slug":"lavadora-25-kg-maytag7mmvw6500rb","status":"publish","type":"product","link":"https:\/\/eltiosam.com.mx\/index.php\/product\/lavadora-25-kg-maytag7mmvw6500rb\/","title":{"rendered":"LAVADORA 25 KG. MAYTAG\t7MMVW6500RB"},"content":{"rendered":"<p><strong>Descripci\u00f3n:<\/strong><\/p>\n<p>Descubre el Poder de ser Pet Friendly con el exclusivo Pet Pro System, el Filtro Pet Pro remueve hasta 5X m\u00e1s pelo de mascotas de tus prendas y Opci\u00f3n Pet Pro le brinda al ciclo de lavado una mayor cantidad de agua y movimientos poderosos del agitador para eliminar m\u00e1s pelo. Resalta el poder de tu espacio con el nuevo y exclusivo color Volcano Black de la lavadora Maytag Pet Pro System. Cuenta con el Ciclo R\u00e1pido Quick Wash, ideal para lavar cargas peque\u00f1as y ligeramente sucias en tan solo 30 minutos. Con el Water Faucet integrado en tina podr\u00e1s prelavar o remojar tus prendas para remover las manchas m\u00e1s dif\u00edciles. Equipada con el sofisticado Advanced Vibration Control para un funcionamiento m\u00e1s silencioso, Tapa de Vidrio con cerrado suave y Opci\u00f3n Llenado Profundo que incrementa el nivel de agua para un remojo total en cargas muy sucias.<\/p>\n<p><syndigo-powerpage pageid=\"5132108\"><\/syndigo-powerpage><\/p>\n","protected":false},"excerpt":{"rendered":"<p>Descripci\u00f3n: Descubre el Poder de ser Pet Friendly con el exclusivo Pet Pro System, el Filtro Pet Pro remueve hasta 5X m\u00e1s pelo de mascotas de tus prendas y Opci\u00f3n Pet Pro le brinda al ciclo de lavado una mayor cantidad de agua y movimientos poderosos del agitador para eliminar m\u00e1s pelo. Resalta el poder [&hellip;]<\/p>\n","protected":false},"featured_media":11427,"template":"","meta":{"_joinchat":[]},"product_brand":[],"product_cat":[179],"product_tag":[205],"class_list":{"0":"post-11426","1":"product","2":"type-product","3":"status-publish","4":"has-post-thumbnail","6":"product_cat-lavadoras","7":"product_tag-maytag","9":"first","10":"instock","11":"shipping-taxable","12":"product-type-simple"},"_links":{"self":[{"href":"https:\/\/eltiosam.com.mx\/index.php\/wp-json\/wp\/v2\/product\/11426","targetHints":{"allow":["GET"]}}],"collection":[{"href":"https:\/\/eltiosam.com.mx\/index.php\/wp-json\/wp\/v2\/product"}],"about":[{"href":"https:\/\/eltiosam.com.mx\/index.php\/wp-json\/wp\/v2\/types\/product"}],"wp:featuredmedia":[{"embeddable":true,"href":"https:\/\/eltiosam.com.mx\/index.php\/wp-json\/wp\/v2\/media\/11427"}],"wp:attachment":[{"href":"https:\/\/eltiosam.com.mx\/index.php\/wp-json\/wp\/v2\/media?parent=11426"}],"wp:term":[{"taxonomy":"product_brand","embeddable":true,"href":"https:\/\/eltiosam.com.mx\/index.php\/wp-json\/wp\/v2\/product_brand?post=11426"},{"taxonomy":"product_cat","embeddable":true,"href":"https:\/\/eltiosam.com.mx\/index.php\/wp-json\/wp\/v2\/product_cat?post=11426"},{"taxonomy":"product_tag","embeddable":true,"href":"https:\/\/eltiosam.com.mx\/index.php\/wp-json\/wp\/v2\/product_tag?post=11426"}],"curies":[{"name":"wp","href":"https:\/\/api.w.org\/{rel}","templated":true}]}}