{"id":11414,"date":"2024-12-17T02:55:35","date_gmt":"2024-12-17T02:55:35","guid":{"rendered":"https:\/\/eltiosam.com.mx\/?post_type=product&#038;p=11414"},"modified":"2024-12-17T02:58:30","modified_gmt":"2024-12-17T02:58:30","slug":"horno-elect-30-220v-maytagmoes6030lz","status":"publish","type":"product","link":"https:\/\/eltiosam.com.mx\/index.php\/product\/horno-elect-30-220v-maytagmoes6030lz\/","title":{"rendered":"HORNO ELECT. 30&#8243; 220V MAYTAG\tMOES6030LZ"},"content":{"rendered":"<p><strong>Descripci\u00f3n:<\/strong><\/p>\n<p>El horno el\u00e9ctrico Maytag MOES6030LZ de 30&#8243; es la elecci\u00f3n perfecta para quienes buscan calidad, potencia y precisi\u00f3n en la cocina. Con su amplio tama\u00f1o de 30&#8243;, ofrece espacio suficiente para preparar desde cenas familiares hasta platos elaborados. Equipado con tecnolog\u00eda avanzada, asegura una distribuci\u00f3n uniforme del calor para que tus alimentos se cocinen de manera perfecta en todo momento.<\/p>\n","protected":false},"excerpt":{"rendered":"<p>Descripci\u00f3n: El horno el\u00e9ctrico Maytag MOES6030LZ de 30&#8243; es la elecci\u00f3n perfecta para quienes buscan calidad, potencia y precisi\u00f3n en la cocina. Con su amplio tama\u00f1o de 30&#8243;, ofrece espacio suficiente para preparar desde cenas familiares hasta platos elaborados. Equipado con tecnolog\u00eda avanzada, asegura una distribuci\u00f3n uniforme del calor para que tus alimentos se cocinen [&hellip;]<\/p>\n","protected":false},"featured_media":11415,"template":"","meta":{"_joinchat":[]},"product_brand":[],"product_cat":[175,178],"product_tag":[205],"class_list":{"0":"post-11414","1":"product","2":"type-product","3":"status-publish","4":"has-post-thumbnail","6":"product_cat-hornos","7":"product_cat-hornos-electricos","8":"product_tag-maytag","10":"first","11":"instock","12":"shipping-taxable","13":"product-type-simple"},"_links":{"self":[{"href":"https:\/\/eltiosam.com.mx\/index.php\/wp-json\/wp\/v2\/product\/11414","targetHints":{"allow":["GET"]}}],"collection":[{"href":"https:\/\/eltiosam.com.mx\/index.php\/wp-json\/wp\/v2\/product"}],"about":[{"href":"https:\/\/eltiosam.com.mx\/index.php\/wp-json\/wp\/v2\/types\/product"}],"wp:featuredmedia":[{"embeddable":true,"href":"https:\/\/eltiosam.com.mx\/index.php\/wp-json\/wp\/v2\/media\/11415"}],"wp:attachment":[{"href":"https:\/\/eltiosam.com.mx\/index.php\/wp-json\/wp\/v2\/media?parent=11414"}],"wp:term":[{"taxonomy":"product_brand","embeddable":true,"href":"https:\/\/eltiosam.com.mx\/index.php\/wp-json\/wp\/v2\/product_brand?post=11414"},{"taxonomy":"product_cat","embeddable":true,"href":"https:\/\/eltiosam.com.mx\/index.php\/wp-json\/wp\/v2\/product_cat?post=11414"},{"taxonomy":"product_tag","embeddable":true,"href":"https:\/\/eltiosam.com.mx\/index.php\/wp-json\/wp\/v2\/product_tag?post=11414"}],"curies":[{"name":"wp","href":"https:\/\/api.w.org\/{rel}","templated":true}]}}