{"id":11392,"date":"2024-12-17T02:29:03","date_gmt":"2024-12-17T02:29:03","guid":{"rendered":"https:\/\/eltiosam.com.mx\/?post_type=product&#038;p=11392"},"modified":"2026-03-17T22:56:51","modified_gmt":"2026-03-17T22:56:51","slug":"sec-elect-19-kg-maytag7mmedc300dw","status":"publish","type":"product","link":"https:\/\/eltiosam.com.mx\/index.php\/product\/sec-elect-19-kg-maytag7mmedc300dw\/","title":{"rendered":"SEC. ELECT. 19 KG. MAYTAG\t7MMEDC300DW"},"content":{"rendered":"<p><b>Descripci\u00f3n:<\/b><\/p>\n<p>La secadora el\u00e9ctrica Maytag 7MMEDC300DW de 19 kg es la soluci\u00f3n perfecta para quienes necesitan una secadora de alto rendimiento y gran capacidad. Con su amplia capacidad de 19 kg, puedes secar grandes cargas de ropa de manera r\u00e1pida y eficiente, ahorrando tiempo en cada ciclo. Su tecnolog\u00eda avanzada garantiza un secado uniforme, protegiendo tus prendas y manteniendo su calidad.<\/p>\n<p><syndigo-powerpage pageid=\"5632021\"><\/syndigo-powerpage><\/p>\n","protected":false},"excerpt":{"rendered":"<p>Descripci\u00f3n: La secadora el\u00e9ctrica Maytag 7MMEDC300DW de 19 kg es la soluci\u00f3n perfecta para quienes necesitan una secadora de alto rendimiento y gran capacidad. Con su amplia capacidad de 19 kg, puedes secar grandes cargas de ropa de manera r\u00e1pida y eficiente, ahorrando tiempo en cada ciclo. Su tecnolog\u00eda avanzada garantiza un secado uniforme, protegiendo [&hellip;]<\/p>\n","protected":false},"featured_media":11393,"template":"","meta":{"_joinchat":[]},"product_brand":[],"product_cat":[32],"product_tag":[205],"class_list":{"0":"post-11392","1":"product","2":"type-product","3":"status-publish","4":"has-post-thumbnail","6":"product_cat-lavanderia","7":"product_tag-maytag","9":"first","10":"instock","11":"shipping-taxable","12":"product-type-simple"},"_links":{"self":[{"href":"https:\/\/eltiosam.com.mx\/index.php\/wp-json\/wp\/v2\/product\/11392","targetHints":{"allow":["GET"]}}],"collection":[{"href":"https:\/\/eltiosam.com.mx\/index.php\/wp-json\/wp\/v2\/product"}],"about":[{"href":"https:\/\/eltiosam.com.mx\/index.php\/wp-json\/wp\/v2\/types\/product"}],"wp:featuredmedia":[{"embeddable":true,"href":"https:\/\/eltiosam.com.mx\/index.php\/wp-json\/wp\/v2\/media\/11393"}],"wp:attachment":[{"href":"https:\/\/eltiosam.com.mx\/index.php\/wp-json\/wp\/v2\/media?parent=11392"}],"wp:term":[{"taxonomy":"product_brand","embeddable":true,"href":"https:\/\/eltiosam.com.mx\/index.php\/wp-json\/wp\/v2\/product_brand?post=11392"},{"taxonomy":"product_cat","embeddable":true,"href":"https:\/\/eltiosam.com.mx\/index.php\/wp-json\/wp\/v2\/product_cat?post=11392"},{"taxonomy":"product_tag","embeddable":true,"href":"https:\/\/eltiosam.com.mx\/index.php\/wp-json\/wp\/v2\/product_tag?post=11392"}],"curies":[{"name":"wp","href":"https:\/\/api.w.org\/{rel}","templated":true}]}}