{"id":11384,"date":"2024-12-17T02:21:59","date_gmt":"2024-12-17T02:21:59","guid":{"rendered":"https:\/\/eltiosam.com.mx\/?post_type=product&#038;p=11384"},"modified":"2024-12-17T02:25:34","modified_gmt":"2024-12-17T02:25:34","slug":"sec-elect-26-kg-maytag7mmed5430pw","status":"publish","type":"product","link":"https:\/\/eltiosam.com.mx\/index.php\/product\/sec-elect-26-kg-maytag7mmed5430pw\/","title":{"rendered":"SEC. ELECT. 26 KG. MAYTAG\t7MMED5430PW"},"content":{"rendered":"<p><b>Descripci\u00f3n:<\/b><\/p>\n<p>\u00a1Descubre la secadora ideal para tus grandes necesidades de lavander\u00eda! Con una capacidad de 28 kg y tecnolog\u00eda de gas, esta secadora te ofrece un secado r\u00e1pido y eficiente, ahorrando tiempo y energ\u00eda. Su gran capacidad permite manejar cargas pesadas, mientras que su sistema econ\u00f3mico te garantiza un rendimiento \u00f3ptimo sin elevar tus costos.<\/p>\n","protected":false},"excerpt":{"rendered":"<p>Descripci\u00f3n: \u00a1Descubre la secadora ideal para tus grandes necesidades de lavander\u00eda! Con una capacidad de 28 kg y tecnolog\u00eda de gas, esta secadora te ofrece un secado r\u00e1pido y eficiente, ahorrando tiempo y energ\u00eda. Su gran capacidad permite manejar cargas pesadas, mientras que su sistema econ\u00f3mico te garantiza un rendimiento \u00f3ptimo sin elevar tus costos.<\/p>\n","protected":false},"featured_media":11385,"template":"","meta":{"_joinchat":[]},"product_brand":[],"product_cat":[32],"product_tag":[205],"class_list":{"0":"post-11384","1":"product","2":"type-product","3":"status-publish","4":"has-post-thumbnail","6":"product_cat-lavanderia","7":"product_tag-maytag","9":"first","10":"instock","11":"shipping-taxable","12":"product-type-simple"},"_links":{"self":[{"href":"https:\/\/eltiosam.com.mx\/index.php\/wp-json\/wp\/v2\/product\/11384","targetHints":{"allow":["GET"]}}],"collection":[{"href":"https:\/\/eltiosam.com.mx\/index.php\/wp-json\/wp\/v2\/product"}],"about":[{"href":"https:\/\/eltiosam.com.mx\/index.php\/wp-json\/wp\/v2\/types\/product"}],"wp:featuredmedia":[{"embeddable":true,"href":"https:\/\/eltiosam.com.mx\/index.php\/wp-json\/wp\/v2\/media\/11385"}],"wp:attachment":[{"href":"https:\/\/eltiosam.com.mx\/index.php\/wp-json\/wp\/v2\/media?parent=11384"}],"wp:term":[{"taxonomy":"product_brand","embeddable":true,"href":"https:\/\/eltiosam.com.mx\/index.php\/wp-json\/wp\/v2\/product_brand?post=11384"},{"taxonomy":"product_cat","embeddable":true,"href":"https:\/\/eltiosam.com.mx\/index.php\/wp-json\/wp\/v2\/product_cat?post=11384"},{"taxonomy":"product_tag","embeddable":true,"href":"https:\/\/eltiosam.com.mx\/index.php\/wp-json\/wp\/v2\/product_tag?post=11384"}],"curies":[{"name":"wp","href":"https:\/\/api.w.org\/{rel}","templated":true}]}}