{"id":11380,"date":"2024-12-17T02:17:55","date_gmt":"2024-12-17T02:17:55","guid":{"rendered":"https:\/\/eltiosam.com.mx\/?post_type=product&#038;p=11380"},"modified":"2026-03-17T23:03:07","modified_gmt":"2026-03-17T23:03:07","slug":"secadora-22-kg-maytag7mmgd6630hc","status":"publish","type":"product","link":"https:\/\/eltiosam.com.mx\/index.php\/product\/secadora-22-kg-maytag7mmgd6630hc\/","title":{"rendered":"SECADORA 22 KG. MAYTAG\t7MMGD6630HC"},"content":{"rendered":"<p><b>Descripci\u00f3n:<\/b><\/p>\n<p>La secadora de 22 kg es la soluci\u00f3n perfecta para quienes buscan eficiencia y capacidad en el secado de grandes cargas de ropa. Con su tecnolog\u00eda de gas, garantiza un secado r\u00e1pido y econ\u00f3mico, ahorrando energ\u00eda y tiempo.<\/p>\n<p><syndigo-powerpage pageid=\"5332089\"><\/syndigo-powerpage><\/p>\n","protected":false},"excerpt":{"rendered":"<p>Descripci\u00f3n: La secadora de 22 kg es la soluci\u00f3n perfecta para quienes buscan eficiencia y capacidad en el secado de grandes cargas de ropa. Con su tecnolog\u00eda de gas, garantiza un secado r\u00e1pido y econ\u00f3mico, ahorrando energ\u00eda y tiempo.<\/p>\n","protected":false},"featured_media":11381,"template":"","meta":{"_joinchat":[]},"product_brand":[],"product_cat":[32],"product_tag":[205],"class_list":{"0":"post-11380","1":"product","2":"type-product","3":"status-publish","4":"has-post-thumbnail","6":"product_cat-lavanderia","7":"product_tag-maytag","9":"first","10":"instock","11":"shipping-taxable","12":"product-type-simple"},"_links":{"self":[{"href":"https:\/\/eltiosam.com.mx\/index.php\/wp-json\/wp\/v2\/product\/11380","targetHints":{"allow":["GET"]}}],"collection":[{"href":"https:\/\/eltiosam.com.mx\/index.php\/wp-json\/wp\/v2\/product"}],"about":[{"href":"https:\/\/eltiosam.com.mx\/index.php\/wp-json\/wp\/v2\/types\/product"}],"wp:featuredmedia":[{"embeddable":true,"href":"https:\/\/eltiosam.com.mx\/index.php\/wp-json\/wp\/v2\/media\/11381"}],"wp:attachment":[{"href":"https:\/\/eltiosam.com.mx\/index.php\/wp-json\/wp\/v2\/media?parent=11380"}],"wp:term":[{"taxonomy":"product_brand","embeddable":true,"href":"https:\/\/eltiosam.com.mx\/index.php\/wp-json\/wp\/v2\/product_brand?post=11380"},{"taxonomy":"product_cat","embeddable":true,"href":"https:\/\/eltiosam.com.mx\/index.php\/wp-json\/wp\/v2\/product_cat?post=11380"},{"taxonomy":"product_tag","embeddable":true,"href":"https:\/\/eltiosam.com.mx\/index.php\/wp-json\/wp\/v2\/product_tag?post=11380"}],"curies":[{"name":"wp","href":"https:\/\/api.w.org\/{rel}","templated":true}]}}