{"id":11371,"date":"2024-12-17T02:10:07","date_gmt":"2024-12-17T02:10:07","guid":{"rendered":"https:\/\/eltiosam.com.mx\/?post_type=product&#038;p=11371"},"modified":"2026-03-17T23:04:36","modified_gmt":"2026-03-17T23:04:36","slug":"lavadora-22-kg-maytag7mmhw6621hc","status":"publish","type":"product","link":"https:\/\/eltiosam.com.mx\/index.php\/product\/lavadora-22-kg-maytag7mmhw6621hc\/","title":{"rendered":"LAVADORA 22 KG. MAYTAG\t7MMHW6621HC"},"content":{"rendered":"<p><strong>Descripci\u00f3n:<\/strong><\/p>\n<p>Esta lavadora es ideal para aquellos que buscan una soluci\u00f3n eficiente y de alta capacidad para manejar grandes cargas de ropa, con caracter\u00edsticas innovadoras como el sistema Load&amp;Go y opciones de lavado personalizables.<\/p>\n<p><syndigo-powerpage pageid=\"5132088\"><\/syndigo-powerpage><\/p>\n","protected":false},"excerpt":{"rendered":"<p>Descripci\u00f3n: Esta lavadora es ideal para aquellos que buscan una soluci\u00f3n eficiente y de alta capacidad para manejar grandes cargas de ropa, con caracter\u00edsticas innovadoras como el sistema Load&amp;Go y opciones de lavado personalizables.<\/p>\n","protected":false},"featured_media":11372,"template":"","meta":{"_joinchat":[]},"product_brand":[],"product_cat":[179],"product_tag":[205],"class_list":{"0":"post-11371","1":"product","2":"type-product","3":"status-publish","4":"has-post-thumbnail","6":"product_cat-lavadoras","7":"product_tag-maytag","9":"first","10":"instock","11":"shipping-taxable","12":"product-type-simple"},"_links":{"self":[{"href":"https:\/\/eltiosam.com.mx\/index.php\/wp-json\/wp\/v2\/product\/11371","targetHints":{"allow":["GET"]}}],"collection":[{"href":"https:\/\/eltiosam.com.mx\/index.php\/wp-json\/wp\/v2\/product"}],"about":[{"href":"https:\/\/eltiosam.com.mx\/index.php\/wp-json\/wp\/v2\/types\/product"}],"wp:featuredmedia":[{"embeddable":true,"href":"https:\/\/eltiosam.com.mx\/index.php\/wp-json\/wp\/v2\/media\/11372"}],"wp:attachment":[{"href":"https:\/\/eltiosam.com.mx\/index.php\/wp-json\/wp\/v2\/media?parent=11371"}],"wp:term":[{"taxonomy":"product_brand","embeddable":true,"href":"https:\/\/eltiosam.com.mx\/index.php\/wp-json\/wp\/v2\/product_brand?post=11371"},{"taxonomy":"product_cat","embeddable":true,"href":"https:\/\/eltiosam.com.mx\/index.php\/wp-json\/wp\/v2\/product_cat?post=11371"},{"taxonomy":"product_tag","embeddable":true,"href":"https:\/\/eltiosam.com.mx\/index.php\/wp-json\/wp\/v2\/product_tag?post=11371"}],"curies":[{"name":"wp","href":"https:\/\/api.w.org\/{rel}","templated":true}]}}