{"id":11351,"date":"2024-12-07T02:54:29","date_gmt":"2024-12-07T02:54:29","guid":{"rendered":"https:\/\/eltiosam.com.mx\/?post_type=product&#038;p=11351"},"modified":"2024-12-07T02:57:50","modified_gmt":"2024-12-07T02:57:50","slug":"minisp-2t-220v-f-y-c-bco-mabemmi24hdbwca32me1","status":"publish","type":"product","link":"https:\/\/eltiosam.com.mx\/index.php\/product\/minisp-2t-220v-f-y-c-bco-mabemmi24hdbwca32me1\/","title":{"rendered":"MINISP 2T. 220V. F Y C BCO. MABE\tMMI24HDBWCA32ME1"},"content":{"rendered":"<p>El Minisplit Mabe MMI24HDBWCA32ME1 de 2 toneladas es la opci\u00f3n ideal para enfriar o calentar espacios grandes de manera eficiente y r\u00e1pida. Con su potente capacidad de 2T, este aire acondicionado ofrece un rendimiento superior para mantener el ambiente confortable durante todo el a\u00f1o. Su dise\u00f1o moderno y funcional se adapta perfectamente a cualquier tipo de habitaci\u00f3n, mientras que su tecnolog\u00eda avanzada garantiza un bajo consumo energ\u00e9tico y un funcionamiento silencioso.<\/p>\n","protected":false},"excerpt":{"rendered":"<p>El Minisplit Mabe MMI24HDBWCA32ME1 de 2 toneladas es la opci\u00f3n ideal para enfriar o calentar espacios grandes de manera eficiente y r\u00e1pida. Con su potente capacidad de 2T, este aire acondicionado ofrece un rendimiento superior para mantener el ambiente confortable durante todo el a\u00f1o. Su dise\u00f1o moderno y funcional se adapta perfectamente a cualquier tipo [&hellip;]<\/p>\n","protected":false},"featured_media":11352,"template":"","meta":{"_joinchat":[]},"product_brand":[],"product_cat":[60],"product_tag":[21],"class_list":{"0":"post-11351","1":"product","2":"type-product","3":"status-publish","4":"has-post-thumbnail","6":"product_cat-minisplit","7":"product_tag-mabe","9":"first","10":"instock","11":"shipping-taxable","12":"product-type-simple"},"_links":{"self":[{"href":"https:\/\/eltiosam.com.mx\/index.php\/wp-json\/wp\/v2\/product\/11351","targetHints":{"allow":["GET"]}}],"collection":[{"href":"https:\/\/eltiosam.com.mx\/index.php\/wp-json\/wp\/v2\/product"}],"about":[{"href":"https:\/\/eltiosam.com.mx\/index.php\/wp-json\/wp\/v2\/types\/product"}],"wp:featuredmedia":[{"embeddable":true,"href":"https:\/\/eltiosam.com.mx\/index.php\/wp-json\/wp\/v2\/media\/11352"}],"wp:attachment":[{"href":"https:\/\/eltiosam.com.mx\/index.php\/wp-json\/wp\/v2\/media?parent=11351"}],"wp:term":[{"taxonomy":"product_brand","embeddable":true,"href":"https:\/\/eltiosam.com.mx\/index.php\/wp-json\/wp\/v2\/product_brand?post=11351"},{"taxonomy":"product_cat","embeddable":true,"href":"https:\/\/eltiosam.com.mx\/index.php\/wp-json\/wp\/v2\/product_cat?post=11351"},{"taxonomy":"product_tag","embeddable":true,"href":"https:\/\/eltiosam.com.mx\/index.php\/wp-json\/wp\/v2\/product_tag?post=11351"}],"curies":[{"name":"wp","href":"https:\/\/api.w.org\/{rel}","templated":true}]}}