{"id":11349,"date":"2024-12-07T02:50:15","date_gmt":"2024-12-07T02:50:15","guid":{"rendered":"https:\/\/eltiosam.com.mx\/?post_type=product&#038;p=11349"},"modified":"2024-12-07T03:00:55","modified_gmt":"2024-12-07T03:00:55","slug":"minisp-1-5t-220v-f-y-c-bco-mabemmi18hdbwca32me1","status":"publish","type":"product","link":"https:\/\/eltiosam.com.mx\/index.php\/product\/minisp-1-5t-220v-f-y-c-bco-mabemmi18hdbwca32me1\/","title":{"rendered":"MINISP 1.5T. 220V. F Y C BCO. MABE\tMMI18HDBWCA32ME1"},"content":{"rendered":"<p>El Minisplit Mabe MMI18HDBWCA32ME1 de 1.5 toneladas es la opci\u00f3n perfecta para disfrutar de un ambiente agradable en espacios medianos. Con su capacidad de enfriamiento y calefacci\u00f3n, este aire acondicionado ofrece comodidad durante todo el a\u00f1o, adapt\u00e1ndose a las necesidades de cada estaci\u00f3n.<\/p>\n","protected":false},"excerpt":{"rendered":"<p>El Minisplit Mabe MMI18HDBWCA32ME1 de 1.5 toneladas es la opci\u00f3n perfecta para disfrutar de un ambiente agradable en espacios medianos. Con su capacidad de enfriamiento y calefacci\u00f3n, este aire acondicionado ofrece comodidad durante todo el a\u00f1o, adapt\u00e1ndose a las necesidades de cada estaci\u00f3n.<\/p>\n","protected":false},"featured_media":11350,"template":"","meta":{"_joinchat":[]},"product_brand":[],"product_cat":[60],"product_tag":[21],"class_list":{"0":"post-11349","1":"product","2":"type-product","3":"status-publish","4":"has-post-thumbnail","6":"product_cat-minisplit","7":"product_tag-mabe","9":"first","10":"instock","11":"shipping-taxable","12":"product-type-simple"},"_links":{"self":[{"href":"https:\/\/eltiosam.com.mx\/index.php\/wp-json\/wp\/v2\/product\/11349","targetHints":{"allow":["GET"]}}],"collection":[{"href":"https:\/\/eltiosam.com.mx\/index.php\/wp-json\/wp\/v2\/product"}],"about":[{"href":"https:\/\/eltiosam.com.mx\/index.php\/wp-json\/wp\/v2\/types\/product"}],"wp:featuredmedia":[{"embeddable":true,"href":"https:\/\/eltiosam.com.mx\/index.php\/wp-json\/wp\/v2\/media\/11350"}],"wp:attachment":[{"href":"https:\/\/eltiosam.com.mx\/index.php\/wp-json\/wp\/v2\/media?parent=11349"}],"wp:term":[{"taxonomy":"product_brand","embeddable":true,"href":"https:\/\/eltiosam.com.mx\/index.php\/wp-json\/wp\/v2\/product_brand?post=11349"},{"taxonomy":"product_cat","embeddable":true,"href":"https:\/\/eltiosam.com.mx\/index.php\/wp-json\/wp\/v2\/product_cat?post=11349"},{"taxonomy":"product_tag","embeddable":true,"href":"https:\/\/eltiosam.com.mx\/index.php\/wp-json\/wp\/v2\/product_tag?post=11349"}],"curies":[{"name":"wp","href":"https:\/\/api.w.org\/{rel}","templated":true}]}}