{"id":11345,"date":"2024-12-07T02:46:09","date_gmt":"2024-12-07T02:46:09","guid":{"rendered":"https:\/\/eltiosam.com.mx\/?post_type=product&#038;p=11345"},"modified":"2024-12-07T02:48:28","modified_gmt":"2024-12-07T02:48:28","slug":"minisp-1t-220v-f-y-c-bco-mabemmi12hdbwca32me1","status":"publish","type":"product","link":"https:\/\/eltiosam.com.mx\/index.php\/product\/minisp-1t-220v-f-y-c-bco-mabemmi12hdbwca32me1\/","title":{"rendered":"MINISP 1T. 220V. F Y C BCO. MABE\tMMI12HDBWCA32ME1"},"content":{"rendered":"<p>El Minisplit Mabe MMI12HDBWCA32ME1 de 1 tonelada (220V) es la soluci\u00f3n perfecta para mantener tu hogar fresco en los d\u00edas calurosos y c\u00e1lido en invierno. Con su sistema de calefacci\u00f3n y enfriamiento, este equipo ofrece un rendimiento vers\u00e1til durante todo el a\u00f1o. Su dise\u00f1o compacto y moderno, en color blanco, se adapta f\u00e1cilmente a cualquier espacio, mientras que su eficiencia energ\u00e9tica garantiza un funcionamiento econ\u00f3mico. Ideal para habitaciones de tama\u00f1o medio, el Minisplit Mabe asegura un ambiente c\u00f3modo y controlado con tecnolog\u00eda de vanguardia.<\/p>\n","protected":false},"excerpt":{"rendered":"<p>El Minisplit Mabe MMI12HDBWCA32ME1 de 1 tonelada (220V) es la soluci\u00f3n perfecta para mantener tu hogar fresco en los d\u00edas calurosos y c\u00e1lido en invierno. Con su sistema de calefacci\u00f3n y enfriamiento, este equipo ofrece un rendimiento vers\u00e1til durante todo el a\u00f1o. Su dise\u00f1o compacto y moderno, en color blanco, se adapta f\u00e1cilmente a cualquier [&hellip;]<\/p>\n","protected":false},"featured_media":11346,"template":"","meta":{"_joinchat":[]},"product_brand":[],"product_cat":[60],"product_tag":[21],"class_list":{"0":"post-11345","1":"product","2":"type-product","3":"status-publish","4":"has-post-thumbnail","6":"product_cat-minisplit","7":"product_tag-mabe","9":"first","10":"instock","11":"shipping-taxable","12":"product-type-simple"},"_links":{"self":[{"href":"https:\/\/eltiosam.com.mx\/index.php\/wp-json\/wp\/v2\/product\/11345","targetHints":{"allow":["GET"]}}],"collection":[{"href":"https:\/\/eltiosam.com.mx\/index.php\/wp-json\/wp\/v2\/product"}],"about":[{"href":"https:\/\/eltiosam.com.mx\/index.php\/wp-json\/wp\/v2\/types\/product"}],"wp:featuredmedia":[{"embeddable":true,"href":"https:\/\/eltiosam.com.mx\/index.php\/wp-json\/wp\/v2\/media\/11346"}],"wp:attachment":[{"href":"https:\/\/eltiosam.com.mx\/index.php\/wp-json\/wp\/v2\/media?parent=11345"}],"wp:term":[{"taxonomy":"product_brand","embeddable":true,"href":"https:\/\/eltiosam.com.mx\/index.php\/wp-json\/wp\/v2\/product_brand?post=11345"},{"taxonomy":"product_cat","embeddable":true,"href":"https:\/\/eltiosam.com.mx\/index.php\/wp-json\/wp\/v2\/product_cat?post=11345"},{"taxonomy":"product_tag","embeddable":true,"href":"https:\/\/eltiosam.com.mx\/index.php\/wp-json\/wp\/v2\/product_tag?post=11345"}],"curies":[{"name":"wp","href":"https:\/\/api.w.org\/{rel}","templated":true}]}}