{"id":11342,"date":"2024-12-07T02:40:26","date_gmt":"2024-12-07T02:40:26","guid":{"rendered":"https:\/\/eltiosam.com.mx\/?post_type=product&#038;p=11342"},"modified":"2024-12-07T02:45:20","modified_gmt":"2024-12-07T02:45:20","slug":"minisplit-3t-220v-f-y-c-bco-mabemmi36hdbwcaaxme8","status":"publish","type":"product","link":"https:\/\/eltiosam.com.mx\/index.php\/product\/minisplit-3t-220v-f-y-c-bco-mabemmi36hdbwcaaxme8\/","title":{"rendered":"MINISPLIT 3T. 220V. F Y C BCO. MABE\tMMI36HDBWCAAXME8"},"content":{"rendered":"<p>El Minisplit Mabe MMI36HDBWCAAXME8 de 3 toneladas es la opci\u00f3n ideal para mantener tus espacios frescos y c\u00f3modos durante todo el a\u00f1o. Con tecnolog\u00eda de \u00faltima generaci\u00f3n, este aire acondicionado ofrece un rendimiento eficiente y silencioso, permiti\u00e9ndote disfrutar de un ambiente agradable sin preocuparte por el consumo energ\u00e9tico. Su dise\u00f1o moderno se adapta perfectamente a cualquier habitaci\u00f3n, mientras que su capacidad de 3 toneladas lo hace ideal para espacios grandes o \u00e1reas con alta demanda de enfriamiento.<\/p>\n","protected":false},"excerpt":{"rendered":"<p>El Minisplit Mabe MMI36HDBWCAAXME8 de 3 toneladas es la opci\u00f3n ideal para mantener tus espacios frescos y c\u00f3modos durante todo el a\u00f1o. Con tecnolog\u00eda de \u00faltima generaci\u00f3n, este aire acondicionado ofrece un rendimiento eficiente y silencioso, permiti\u00e9ndote disfrutar de un ambiente agradable sin preocuparte por el consumo energ\u00e9tico. Su dise\u00f1o moderno se adapta perfectamente a [&hellip;]<\/p>\n","protected":false},"featured_media":11343,"template":"","meta":{"_joinchat":[]},"product_brand":[],"product_cat":[60],"product_tag":[21],"class_list":{"0":"post-11342","1":"product","2":"type-product","3":"status-publish","4":"has-post-thumbnail","6":"product_cat-minisplit","7":"product_tag-mabe","9":"first","10":"instock","11":"shipping-taxable","12":"product-type-simple"},"_links":{"self":[{"href":"https:\/\/eltiosam.com.mx\/index.php\/wp-json\/wp\/v2\/product\/11342","targetHints":{"allow":["GET"]}}],"collection":[{"href":"https:\/\/eltiosam.com.mx\/index.php\/wp-json\/wp\/v2\/product"}],"about":[{"href":"https:\/\/eltiosam.com.mx\/index.php\/wp-json\/wp\/v2\/types\/product"}],"wp:featuredmedia":[{"embeddable":true,"href":"https:\/\/eltiosam.com.mx\/index.php\/wp-json\/wp\/v2\/media\/11343"}],"wp:attachment":[{"href":"https:\/\/eltiosam.com.mx\/index.php\/wp-json\/wp\/v2\/media?parent=11342"}],"wp:term":[{"taxonomy":"product_brand","embeddable":true,"href":"https:\/\/eltiosam.com.mx\/index.php\/wp-json\/wp\/v2\/product_brand?post=11342"},{"taxonomy":"product_cat","embeddable":true,"href":"https:\/\/eltiosam.com.mx\/index.php\/wp-json\/wp\/v2\/product_cat?post=11342"},{"taxonomy":"product_tag","embeddable":true,"href":"https:\/\/eltiosam.com.mx\/index.php\/wp-json\/wp\/v2\/product_tag?post=11342"}],"curies":[{"name":"wp","href":"https:\/\/api.w.org\/{rel}","templated":true}]}}