{"id":11326,"date":"2024-12-07T02:12:59","date_gmt":"2024-12-07T02:12:59","guid":{"rendered":"https:\/\/eltiosam.com.mx\/?post_type=product&#038;p=11326"},"modified":"2024-12-07T02:15:01","modified_gmt":"2024-12-07T02:15:01","slug":"dispensador-de-agua-mabeembl1tn","status":"publish","type":"product","link":"https:\/\/eltiosam.com.mx\/index.php\/product\/dispensador-de-agua-mabeembl1tn\/","title":{"rendered":"DISPENSADOR DE AGUA MABE\tEMBL1TN"},"content":{"rendered":"<p><strong>Descripci\u00f3n:<\/strong> El <strong>dispensador de agua Mabe EMBL1TN<\/strong> ofrece un dise\u00f1o compacto y moderno, ideal para mantenerte hidratado en casa o en la oficina. Con funciones de agua fr\u00eda y caliente, es perfecto para preparar bebidas o comidas instant\u00e1neas al instante. Su eficiencia y calidad aseguran un desempe\u00f1o confiable, mientras que su estilo minimalista se adapta f\u00e1cilmente a cualquier espacio.<\/p>\n","protected":false},"excerpt":{"rendered":"<p>Descripci\u00f3n: El dispensador de agua Mabe EMBL1TN ofrece un dise\u00f1o compacto y moderno, ideal para mantenerte hidratado en casa o en la oficina. Con funciones de agua fr\u00eda y caliente, es perfecto para preparar bebidas o comidas instant\u00e1neas al instante. Su eficiencia y calidad aseguran un desempe\u00f1o confiable, mientras que su estilo minimalista se adapta [&hellip;]<\/p>\n","protected":false},"featured_media":11327,"template":"","meta":{"_joinchat":[]},"product_brand":[],"product_cat":[169],"product_tag":[21],"class_list":{"0":"post-11326","1":"product","2":"type-product","3":"status-publish","4":"has-post-thumbnail","6":"product_cat-despachadores-de-agua","7":"product_tag-mabe","9":"first","10":"instock","11":"shipping-taxable","12":"product-type-simple"},"_links":{"self":[{"href":"https:\/\/eltiosam.com.mx\/index.php\/wp-json\/wp\/v2\/product\/11326","targetHints":{"allow":["GET"]}}],"collection":[{"href":"https:\/\/eltiosam.com.mx\/index.php\/wp-json\/wp\/v2\/product"}],"about":[{"href":"https:\/\/eltiosam.com.mx\/index.php\/wp-json\/wp\/v2\/types\/product"}],"wp:featuredmedia":[{"embeddable":true,"href":"https:\/\/eltiosam.com.mx\/index.php\/wp-json\/wp\/v2\/media\/11327"}],"wp:attachment":[{"href":"https:\/\/eltiosam.com.mx\/index.php\/wp-json\/wp\/v2\/media?parent=11326"}],"wp:term":[{"taxonomy":"product_brand","embeddable":true,"href":"https:\/\/eltiosam.com.mx\/index.php\/wp-json\/wp\/v2\/product_brand?post=11326"},{"taxonomy":"product_cat","embeddable":true,"href":"https:\/\/eltiosam.com.mx\/index.php\/wp-json\/wp\/v2\/product_cat?post=11326"},{"taxonomy":"product_tag","embeddable":true,"href":"https:\/\/eltiosam.com.mx\/index.php\/wp-json\/wp\/v2\/product_tag?post=11326"}],"curies":[{"name":"wp","href":"https:\/\/api.w.org\/{rel}","templated":true}]}}