{"id":11273,"date":"2024-12-06T02:06:20","date_gmt":"2024-12-06T02:06:20","guid":{"rendered":"https:\/\/eltiosam.com.mx\/?post_type=product&#038;p=11273"},"modified":"2024-12-06T02:09:46","modified_gmt":"2024-12-06T02:09:46","slug":"parrilla-elect-220v-mabepm6040evn","status":"publish","type":"product","link":"https:\/\/eltiosam.com.mx\/index.php\/product\/parrilla-elect-220v-mabepm6040evn\/","title":{"rendered":"PARRILLA ELECT. 220V. MABE\tPM6040EVN"},"content":{"rendered":"<p><strong>Descripci\u00f3n:<\/strong><\/p>\n<p>La parrilla el\u00e9ctrica MABE PM6040EVN de 220V es la opci\u00f3n ideal para quienes buscan un rendimiento excepcional y un dise\u00f1o moderno. Con 4 zonas de cocci\u00f3n el\u00e9ctricas, esta parrilla ofrece una distribuci\u00f3n uniforme del calor para una cocci\u00f3n eficiente y r\u00e1pida. Su elegante acabado en cristal negro no solo le da un toque de sofisticaci\u00f3n, sino que tambi\u00e9n facilita su limpieza, manteni\u00e9ndola siempre impecable. Con controles t\u00e1ctiles intuitivos, ajustar la temperatura y los tiempos de cocci\u00f3n es muy sencillo.<\/p>\n","protected":false},"excerpt":{"rendered":"<p>Descripci\u00f3n: La parrilla el\u00e9ctrica MABE PM6040EVN de 220V es la opci\u00f3n ideal para quienes buscan un rendimiento excepcional y un dise\u00f1o moderno. Con 4 zonas de cocci\u00f3n el\u00e9ctricas, esta parrilla ofrece una distribuci\u00f3n uniforme del calor para una cocci\u00f3n eficiente y r\u00e1pida. Su elegante acabado en cristal negro no solo le da un toque de [&hellip;]<\/p>\n","protected":false},"featured_media":11274,"template":"","meta":{"_joinchat":[]},"product_brand":[],"product_cat":[29,46],"product_tag":[21],"class_list":{"0":"post-11273","1":"product","2":"type-product","3":"status-publish","4":"has-post-thumbnail","6":"product_cat-coccion","7":"product_cat-parrilla","8":"product_tag-mabe","10":"first","11":"instock","12":"shipping-taxable","13":"product-type-simple"},"_links":{"self":[{"href":"https:\/\/eltiosam.com.mx\/index.php\/wp-json\/wp\/v2\/product\/11273","targetHints":{"allow":["GET"]}}],"collection":[{"href":"https:\/\/eltiosam.com.mx\/index.php\/wp-json\/wp\/v2\/product"}],"about":[{"href":"https:\/\/eltiosam.com.mx\/index.php\/wp-json\/wp\/v2\/types\/product"}],"wp:featuredmedia":[{"embeddable":true,"href":"https:\/\/eltiosam.com.mx\/index.php\/wp-json\/wp\/v2\/media\/11274"}],"wp:attachment":[{"href":"https:\/\/eltiosam.com.mx\/index.php\/wp-json\/wp\/v2\/media?parent=11273"}],"wp:term":[{"taxonomy":"product_brand","embeddable":true,"href":"https:\/\/eltiosam.com.mx\/index.php\/wp-json\/wp\/v2\/product_brand?post=11273"},{"taxonomy":"product_cat","embeddable":true,"href":"https:\/\/eltiosam.com.mx\/index.php\/wp-json\/wp\/v2\/product_cat?post=11273"},{"taxonomy":"product_tag","embeddable":true,"href":"https:\/\/eltiosam.com.mx\/index.php\/wp-json\/wp\/v2\/product_tag?post=11273"}],"curies":[{"name":"wp","href":"https:\/\/api.w.org\/{rel}","templated":true}]}}