{"id":11256,"date":"2024-12-06T01:44:35","date_gmt":"2024-12-06T01:44:35","guid":{"rendered":"https:\/\/eltiosam.com.mx\/?post_type=product&#038;p=11256"},"modified":"2024-12-06T01:48:34","modified_gmt":"2024-12-06T01:48:34","slug":"microondas-1-5p3-lgms1596dir","status":"publish","type":"product","link":"https:\/\/eltiosam.com.mx\/index.php\/product\/microondas-1-5p3-lgms1596dir\/","title":{"rendered":"MICROONDAS 1.5P3 LG\tMS1596DIR"},"content":{"rendered":"<p><strong>Descripci\u00f3n<\/strong>:<\/p>\n<div class=\"flex-shrink-0 flex flex-col relative items-end\">\n<div class=\"pt-0\">\n<div class=\"gizmo-bot-avatar flex h-8 w-8 items-center justify-center overflow-hidden rounded-full\">El horno de microondas LG MS1596DIR de 1.5 pies c\u00fabicos es la combinaci\u00f3n perfecta de capacidad y tecnolog\u00eda avanzada para tu cocina. Con un dise\u00f1o moderno y elegante en color negro, este microondas ofrece un amplio espacio para cocinar o calentar tus alimentos de manera r\u00e1pida y uniforme. Equipado con potentes funciones de cocci\u00f3n y descongelado, as\u00ed como un panel intuitivo de f\u00e1cil uso, proporciona comodidad y eficiencia en cada preparaci\u00f3n. Su tecnolog\u00eda de ahorro energ\u00e9tico tambi\u00e9n garantiza un bajo consumo, mientras mantiene el rendimiento al m\u00e1s alto nivel.<\/div>\n<\/div>\n<\/div>\n","protected":false},"excerpt":{"rendered":"<p>Descripci\u00f3n: El horno de microondas LG MS1596DIR de 1.5 pies c\u00fabicos es la combinaci\u00f3n perfecta de capacidad y tecnolog\u00eda avanzada para tu cocina. Con un dise\u00f1o moderno y elegante en color negro, este microondas ofrece un amplio espacio para cocinar o calentar tus alimentos de manera r\u00e1pida y uniforme. Equipado con potentes funciones de cocci\u00f3n [&hellip;]<\/p>\n","protected":false},"featured_media":11257,"template":"","meta":{"_joinchat":[]},"product_brand":[],"product_cat":[184],"product_tag":[208],"class_list":{"0":"post-11256","1":"product","2":"type-product","3":"status-publish","4":"has-post-thumbnail","6":"product_cat-microondas","7":"product_tag-lg","9":"first","10":"instock","11":"shipping-taxable","12":"product-type-simple"},"_links":{"self":[{"href":"https:\/\/eltiosam.com.mx\/index.php\/wp-json\/wp\/v2\/product\/11256","targetHints":{"allow":["GET"]}}],"collection":[{"href":"https:\/\/eltiosam.com.mx\/index.php\/wp-json\/wp\/v2\/product"}],"about":[{"href":"https:\/\/eltiosam.com.mx\/index.php\/wp-json\/wp\/v2\/types\/product"}],"wp:featuredmedia":[{"embeddable":true,"href":"https:\/\/eltiosam.com.mx\/index.php\/wp-json\/wp\/v2\/media\/11257"}],"wp:attachment":[{"href":"https:\/\/eltiosam.com.mx\/index.php\/wp-json\/wp\/v2\/media?parent=11256"}],"wp:term":[{"taxonomy":"product_brand","embeddable":true,"href":"https:\/\/eltiosam.com.mx\/index.php\/wp-json\/wp\/v2\/product_brand?post=11256"},{"taxonomy":"product_cat","embeddable":true,"href":"https:\/\/eltiosam.com.mx\/index.php\/wp-json\/wp\/v2\/product_cat?post=11256"},{"taxonomy":"product_tag","embeddable":true,"href":"https:\/\/eltiosam.com.mx\/index.php\/wp-json\/wp\/v2\/product_tag?post=11256"}],"curies":[{"name":"wp","href":"https:\/\/api.w.org\/{rel}","templated":true}]}}