{"id":11248,"date":"2024-12-06T01:37:23","date_gmt":"2024-12-06T01:37:23","guid":{"rendered":"https:\/\/eltiosam.com.mx\/?post_type=product&#038;p=11248"},"modified":"2024-12-06T01:38:49","modified_gmt":"2024-12-06T01:38:49","slug":"pedestal-silver-lgwdp6v","status":"publish","type":"product","link":"https:\/\/eltiosam.com.mx\/index.php\/product\/pedestal-silver-lgwdp6v\/","title":{"rendered":"PEDESTAL SILVER LG\tWDP6V"},"content":{"rendered":"<p>El pedestal LG WDP6V en color silver es el complemento perfecto para elevar y optimizar el uso de tu lavadora o secadora LG. Dise\u00f1ado para mayor comodidad, este pedestal permite cargar y descargar la ropa sin esfuerzo al colocar los electrodom\u00e9sticos a una altura ergon\u00f3mica. Adem\u00e1s, ofrece un pr\u00e1ctico espacio de almacenamiento con caj\u00f3n integrado, ideal para guardar detergentes, suavizantes y otros accesorios.<\/p>\n","protected":false},"excerpt":{"rendered":"<p>El pedestal LG WDP6V en color silver es el complemento perfecto para elevar y optimizar el uso de tu lavadora o secadora LG. Dise\u00f1ado para mayor comodidad, este pedestal permite cargar y descargar la ropa sin esfuerzo al colocar los electrodom\u00e9sticos a una altura ergon\u00f3mica. Adem\u00e1s, ofrece un pr\u00e1ctico espacio de almacenamiento con caj\u00f3n integrado, [&hellip;]<\/p>\n","protected":false},"featured_media":11249,"template":"","meta":{"_joinchat":[]},"product_brand":[],"product_cat":[225,42],"product_tag":[208],"class_list":{"0":"post-11248","1":"product","2":"type-product","3":"status-publish","4":"has-post-thumbnail","6":"product_cat-bases","7":"product_cat-varios","8":"product_tag-lg","10":"first","11":"instock","12":"shipping-taxable","13":"product-type-simple"},"_links":{"self":[{"href":"https:\/\/eltiosam.com.mx\/index.php\/wp-json\/wp\/v2\/product\/11248","targetHints":{"allow":["GET"]}}],"collection":[{"href":"https:\/\/eltiosam.com.mx\/index.php\/wp-json\/wp\/v2\/product"}],"about":[{"href":"https:\/\/eltiosam.com.mx\/index.php\/wp-json\/wp\/v2\/types\/product"}],"wp:featuredmedia":[{"embeddable":true,"href":"https:\/\/eltiosam.com.mx\/index.php\/wp-json\/wp\/v2\/media\/11249"}],"wp:attachment":[{"href":"https:\/\/eltiosam.com.mx\/index.php\/wp-json\/wp\/v2\/media?parent=11248"}],"wp:term":[{"taxonomy":"product_brand","embeddable":true,"href":"https:\/\/eltiosam.com.mx\/index.php\/wp-json\/wp\/v2\/product_brand?post=11248"},{"taxonomy":"product_cat","embeddable":true,"href":"https:\/\/eltiosam.com.mx\/index.php\/wp-json\/wp\/v2\/product_cat?post=11248"},{"taxonomy":"product_tag","embeddable":true,"href":"https:\/\/eltiosam.com.mx\/index.php\/wp-json\/wp\/v2\/product_tag?post=11248"}],"curies":[{"name":"wp","href":"https:\/\/api.w.org\/{rel}","templated":true}]}}