{"id":11232,"date":"2024-12-06T01:22:55","date_gmt":"2024-12-06T01:22:55","guid":{"rendered":"https:\/\/eltiosam.com.mx\/?post_type=product&#038;p=11232"},"modified":"2024-12-06T01:26:19","modified_gmt":"2024-12-06T01:26:19","slug":"congelador-6p3-lggf21bpp","status":"publish","type":"product","link":"https:\/\/eltiosam.com.mx\/index.php\/product\/congelador-6p3-lggf21bpp\/","title":{"rendered":"CONGELADOR 6p3 LG\tGF21BPP"},"content":{"rendered":"<div class=\"flex-1 overflow-hidden\">\n<div class=\"react-scroll-to-bottom--css-uvqbn-79elbk h-full\">\n<div class=\"react-scroll-to-bottom--css-uvqbn-1n7m0yu\">\n<div class=\"flex flex-col pb-9 text-sm\">\n<div class=\"w-full text-token-text-primary\" data-testid=\"conversation-turn-77\">\n<div class=\"px-4 py-2 justify-center text-base md:gap-6 m-auto\">\n<div class=\"flex flex-1 text-base mx-auto gap-3 md:px-5 lg:px-1 xl:px-5 md:max-w-3xl lg:max-w-[40rem] xl:max-w-[48rem] group final-completion\">\n<div class=\"relative flex w-full flex-col lg:w-[calc(100%-115px)] agent-turn\">\n<div class=\"flex-col gap-1 md:gap-3\">\n<div class=\"flex flex-grow flex-col max-w-full\">\n<div class=\"min-h-[20px] text-message flex flex-col items-start gap-3 whitespace-pre-wrap break-words [.text-message+&amp;]:mt-5 overflow-x-auto\" data-message-author-role=\"assistant\" data-message-id=\"e3bb389a-c715-4ca8-a4ce-13b5e9daa196\">\n<div class=\"markdown prose w-full break-words dark:prose-invert light\">\n<p><strong>Descripci\u00f3n:<\/strong> El <strong>congelador LG GF21BPP<\/strong> es la soluci\u00f3n perfecta para quienes necesitan almacenamiento adicional y eficiente para congelar alimentos. Con una capacidad de 6.3 pies c\u00fabicos, ofrece un dise\u00f1o compacto pero espacioso, ideal para cualquier rinc\u00f3n de tu hogar. Su acabado en color blanco aporta un toque limpio y moderno que se adapta a cualquier espacio. Equipado con tecnolog\u00eda avanzada, garantiza un enfriamiento uniforme y un consumo energ\u00e9tico eficiente.<\/p>\n<\/div>\n<\/div>\n<\/div>\n<div class=\"mt-1 flex justify-start gap-3 empty:hidden\">\n<div class=\"text-gray-400 flex self-end lg:self-center justify-center lg:justify-start mt-0 -ml-1 visible\">\n<p>&nbsp;<\/p>\n<div class=\"flex\"><\/div>\n<div class=\"flex items-center gap-1.5 text-xs\"><\/div>\n<\/div>\n<\/div>\n<\/div>\n<div class=\"absolute\">\n<div class=\"flex w-full gap-2 items-center justify-center\"><\/div>\n<\/div>\n<\/div>\n<\/div>\n<\/div>\n<\/div>\n<\/div>\n<\/div>\n<\/div>\n<\/div>\n<div class=\"w-full pt-2 md:pt-0 dark:border-white\/20 md:border-transparent md:dark:border-transparent md:w-[calc(100%-.5rem)]\">\n<div class=\"relative flex h-full flex-1 items-stretch md:flex-col\">\n<div class=\"flex w-full items-center\"><\/div>\n<\/div>\n<\/div>\n","protected":false},"excerpt":{"rendered":"<p>Descripci\u00f3n: El congelador LG GF21BPP es la soluci\u00f3n perfecta para quienes necesitan almacenamiento adicional y eficiente para congelar alimentos. Con una capacidad de 6.3 pies c\u00fabicos, ofrece un dise\u00f1o compacto pero espacioso, ideal para cualquier rinc\u00f3n de tu hogar. Su acabado en color blanco aporta un toque limpio y moderno que se adapta a cualquier [&hellip;]<\/p>\n","protected":false},"featured_media":11233,"template":"","meta":{"_joinchat":[]},"product_brand":[],"product_cat":[52,20],"product_tag":[208],"class_list":{"0":"post-11232","1":"product","2":"type-product","3":"status-publish","4":"has-post-thumbnail","6":"product_cat-congeladores","7":"product_cat-refrigeracion","8":"product_tag-lg","10":"first","11":"instock","12":"shipping-taxable","13":"product-type-simple"},"_links":{"self":[{"href":"https:\/\/eltiosam.com.mx\/index.php\/wp-json\/wp\/v2\/product\/11232","targetHints":{"allow":["GET"]}}],"collection":[{"href":"https:\/\/eltiosam.com.mx\/index.php\/wp-json\/wp\/v2\/product"}],"about":[{"href":"https:\/\/eltiosam.com.mx\/index.php\/wp-json\/wp\/v2\/types\/product"}],"wp:featuredmedia":[{"embeddable":true,"href":"https:\/\/eltiosam.com.mx\/index.php\/wp-json\/wp\/v2\/media\/11233"}],"wp:attachment":[{"href":"https:\/\/eltiosam.com.mx\/index.php\/wp-json\/wp\/v2\/media?parent=11232"}],"wp:term":[{"taxonomy":"product_brand","embeddable":true,"href":"https:\/\/eltiosam.com.mx\/index.php\/wp-json\/wp\/v2\/product_brand?post=11232"},{"taxonomy":"product_cat","embeddable":true,"href":"https:\/\/eltiosam.com.mx\/index.php\/wp-json\/wp\/v2\/product_cat?post=11232"},{"taxonomy":"product_tag","embeddable":true,"href":"https:\/\/eltiosam.com.mx\/index.php\/wp-json\/wp\/v2\/product_tag?post=11232"}],"curies":[{"name":"wp","href":"https:\/\/api.w.org\/{rel}","templated":true}]}}