{"id":11228,"date":"2024-12-06T01:19:50","date_gmt":"2024-12-06T01:19:50","guid":{"rendered":"https:\/\/eltiosam.com.mx\/?post_type=product&#038;p=11228"},"modified":"2024-12-06T01:22:28","modified_gmt":"2024-12-06T01:22:28","slug":"ref-6p3-silver-lggr21wpp","status":"publish","type":"product","link":"https:\/\/eltiosam.com.mx\/index.php\/product\/ref-6p3-silver-lggr21wpp\/","title":{"rendered":"REF. 6P3 SILVER LG\tGR21WPP"},"content":{"rendered":"<div class=\"flex-1 overflow-hidden\">\n<div class=\"react-scroll-to-bottom--css-clrzf-79elbk h-full\">\n<div class=\"react-scroll-to-bottom--css-clrzf-1n7m0yu\">\n<div class=\"flex flex-col pb-9 text-sm\">\n<div class=\"w-full text-token-text-primary\" data-testid=\"conversation-turn-119\">\n<div class=\"px-4 py-2 justify-center text-base md:gap-6 m-auto\">\n<div class=\"flex flex-1 text-base mx-auto gap-3 md:px-5 lg:px-1 xl:px-5 md:max-w-3xl lg:max-w-[40rem] xl:max-w-[48rem] group final-completion\">\n<div class=\"relative flex w-full flex-col lg:w-[calc(100%-115px)] agent-turn\">\n<div class=\"flex-col gap-1 md:gap-3\">\n<div class=\"flex flex-grow flex-col max-w-full\">\n<div class=\"min-h-[20px] text-message flex flex-col items-start gap-3 whitespace-pre-wrap break-words [.text-message+&amp;]:mt-5 overflow-x-auto\" data-message-author-role=\"assistant\" data-message-id=\"96d88b18-5014-48e5-a9f2-fa525b83881f\">\n<div class=\"markdown prose w-full break-words dark:prose-invert light\">\n<p>Descripci\u00f3n:<\/p>\n<p>El <strong>refrigerador LG GR21WPP<\/strong> es la combinaci\u00f3n ideal de dise\u00f1o compacto y funcionalidad, perfecto para optimizar el espacio en tu cocina. Con una capacidad de 6.3 pies c\u00fabicos, ofrece un almacenamiento pr\u00e1ctico y organizado para mantener tus alimentos frescos y a la temperatura perfecta. Su dise\u00f1o limpio y moderno, en elegante color blanco, se adapta a cualquier estilo de decoraci\u00f3n. Equipado con tecnolog\u00eda eficiente, asegura un bajo consumo energ\u00e9tico mientras conserva la frescura de tus productos.<\/p>\n<\/div>\n<\/div>\n<\/div>\n<div class=\"mt-1 flex justify-start gap-3 empty:hidden\">\n<div class=\"text-gray-400 flex self-end lg:self-center justify-center lg:justify-start mt-0 -ml-1 visible\">\n<div class=\"flex items-center gap-1.5 text-xs\"><\/div>\n<\/div>\n<\/div>\n<\/div>\n<\/div>\n<\/div>\n<\/div>\n<\/div>\n<\/div>\n<\/div>\n<\/div>\n<\/div>\n","protected":false},"excerpt":{"rendered":"<p>Descripci\u00f3n: El refrigerador LG GR21WPP es la combinaci\u00f3n ideal de dise\u00f1o compacto y funcionalidad, perfecto para optimizar el espacio en tu cocina. Con una capacidad de 6.3 pies c\u00fabicos, ofrece un almacenamiento pr\u00e1ctico y organizado para mantener tus alimentos frescos y a la temperatura perfecta. Su dise\u00f1o limpio y moderno, en elegante color blanco, se [&hellip;]<\/p>\n","protected":false},"featured_media":11229,"template":"","meta":{"_joinchat":[]},"product_brand":[],"product_cat":[20,41],"product_tag":[208],"class_list":{"0":"post-11228","1":"product","2":"type-product","3":"status-publish","4":"has-post-thumbnail","6":"product_cat-refrigeracion","7":"product_cat-refrigeradores","8":"product_tag-lg","10":"first","11":"instock","12":"shipping-taxable","13":"product-type-simple"},"_links":{"self":[{"href":"https:\/\/eltiosam.com.mx\/index.php\/wp-json\/wp\/v2\/product\/11228","targetHints":{"allow":["GET"]}}],"collection":[{"href":"https:\/\/eltiosam.com.mx\/index.php\/wp-json\/wp\/v2\/product"}],"about":[{"href":"https:\/\/eltiosam.com.mx\/index.php\/wp-json\/wp\/v2\/types\/product"}],"wp:featuredmedia":[{"embeddable":true,"href":"https:\/\/eltiosam.com.mx\/index.php\/wp-json\/wp\/v2\/media\/11229"}],"wp:attachment":[{"href":"https:\/\/eltiosam.com.mx\/index.php\/wp-json\/wp\/v2\/media?parent=11228"}],"wp:term":[{"taxonomy":"product_brand","embeddable":true,"href":"https:\/\/eltiosam.com.mx\/index.php\/wp-json\/wp\/v2\/product_brand?post=11228"},{"taxonomy":"product_cat","embeddable":true,"href":"https:\/\/eltiosam.com.mx\/index.php\/wp-json\/wp\/v2\/product_cat?post=11228"},{"taxonomy":"product_tag","embeddable":true,"href":"https:\/\/eltiosam.com.mx\/index.php\/wp-json\/wp\/v2\/product_tag?post=11228"}],"curies":[{"name":"wp","href":"https:\/\/api.w.org\/{rel}","templated":true}]}}