{"id":11216,"date":"2024-12-06T01:05:26","date_gmt":"2024-12-06T01:05:26","guid":{"rendered":"https:\/\/eltiosam.com.mx\/?post_type=product&#038;p=11216"},"modified":"2024-12-06T01:10:42","modified_gmt":"2024-12-06T01:10:42","slug":"lavasecadora-16-kg-silver-lgwd16sg2s6","status":"publish","type":"product","link":"https:\/\/eltiosam.com.mx\/index.php\/product\/lavasecadora-16-kg-silver-lgwd16sg2s6\/","title":{"rendered":"LAVASECADORA 16 KG SILVER LG\tWD16SG2S6"},"content":{"rendered":"<p><strong>Descripci\u00f3n:<\/strong><\/p>\n<p>La <strong>lavasecadora LG WD16SG2S6<\/strong> es la soluci\u00f3n perfecta para quienes buscan comodidad y eficiencia en el cuidado de su ropa. Con una capacidad de lavado de 16 kg, combina en un solo equipo las funciones de lavado y secado, ahorrando espacio y tiempo. Su dise\u00f1o sofisticado y moderno, en elegante acabado met\u00e1lico, aporta un toque premium a cualquier lavander\u00eda. Equipado con tecnolog\u00eda avanzada, ofrece un rendimiento \u00f3ptimo, cuidando tus prendas con ciclos personalizables que se adaptan a tus necesidades.<\/p>\n","protected":false},"excerpt":{"rendered":"<p>Descripci\u00f3n: La lavasecadora LG WD16SG2S6 es la soluci\u00f3n perfecta para quienes buscan comodidad y eficiencia en el cuidado de su ropa. Con una capacidad de lavado de 16 kg, combina en un solo equipo las funciones de lavado y secado, ahorrando espacio y tiempo. Su dise\u00f1o sofisticado y moderno, en elegante acabado met\u00e1lico, aporta un [&hellip;]<\/p>\n","protected":false},"featured_media":11217,"template":"","meta":{"_joinchat":[]},"product_brand":[],"product_cat":[58],"product_tag":[208],"class_list":{"0":"post-11216","1":"product","2":"type-product","3":"status-publish","4":"has-post-thumbnail","6":"product_cat-lavasecadoras","7":"product_tag-lg","9":"first","10":"instock","11":"shipping-taxable","12":"product-type-simple"},"_links":{"self":[{"href":"https:\/\/eltiosam.com.mx\/index.php\/wp-json\/wp\/v2\/product\/11216","targetHints":{"allow":["GET"]}}],"collection":[{"href":"https:\/\/eltiosam.com.mx\/index.php\/wp-json\/wp\/v2\/product"}],"about":[{"href":"https:\/\/eltiosam.com.mx\/index.php\/wp-json\/wp\/v2\/types\/product"}],"wp:featuredmedia":[{"embeddable":true,"href":"https:\/\/eltiosam.com.mx\/index.php\/wp-json\/wp\/v2\/media\/11217"}],"wp:attachment":[{"href":"https:\/\/eltiosam.com.mx\/index.php\/wp-json\/wp\/v2\/media?parent=11216"}],"wp:term":[{"taxonomy":"product_brand","embeddable":true,"href":"https:\/\/eltiosam.com.mx\/index.php\/wp-json\/wp\/v2\/product_brand?post=11216"},{"taxonomy":"product_cat","embeddable":true,"href":"https:\/\/eltiosam.com.mx\/index.php\/wp-json\/wp\/v2\/product_cat?post=11216"},{"taxonomy":"product_tag","embeddable":true,"href":"https:\/\/eltiosam.com.mx\/index.php\/wp-json\/wp\/v2\/product_tag?post=11216"}],"curies":[{"name":"wp","href":"https:\/\/api.w.org\/{rel}","templated":true}]}}