{"id":11186,"date":"2024-12-04T23:40:03","date_gmt":"2024-12-04T23:40:03","guid":{"rendered":"https:\/\/eltiosam.com.mx\/?post_type=product&#038;p=11186"},"modified":"2024-12-04T23:43:20","modified_gmt":"2024-12-04T23:43:20","slug":"parrilla-induc-36-5q-kitchen-aidkcig556jss","status":"publish","type":"product","link":"https:\/\/eltiosam.com.mx\/index.php\/product\/parrilla-induc-36-5q-kitchen-aidkcig556jss\/","title":{"rendered":"PARRILLA INDUC. 36&#8243; 5Q KITCHEN AID\tKCIG556JSS"},"content":{"rendered":"<p><b>Descripci\u00f3n:<\/b><\/p>\n<p>La parrilla de inducci\u00f3n KitchenAid KCIG556JSS de 5 quemadores y 36 pulgadas combina tecnolog\u00eda avanzada y dise\u00f1o elegante para revolucionar tu experiencia en la cocina. Su superficie de vidrio templado en color negro con bordes en acero inoxidable ofrece un aspecto moderno y f\u00e1cil de limpiar, mientras que sus cinco zonas de inducci\u00f3n brindan potencia y precisi\u00f3n para todo tipo de recetas.<\/p>\n","protected":false},"excerpt":{"rendered":"<p>Descripci\u00f3n: La parrilla de inducci\u00f3n KitchenAid KCIG556JSS de 5 quemadores y 36 pulgadas combina tecnolog\u00eda avanzada y dise\u00f1o elegante para revolucionar tu experiencia en la cocina. Su superficie de vidrio templado en color negro con bordes en acero inoxidable ofrece un aspecto moderno y f\u00e1cil de limpiar, mientras que sus cinco zonas de inducci\u00f3n brindan [&hellip;]<\/p>\n","protected":false},"featured_media":11187,"template":"","meta":{"_joinchat":[]},"product_brand":[],"product_cat":[29,189,191],"product_tag":[39],"class_list":{"0":"post-11186","1":"product","2":"type-product","3":"status-publish","4":"has-post-thumbnail","6":"product_cat-coccion","7":"product_cat-parrillas","8":"product_cat-parrillas-de-induccion","9":"product_tag-kitchen-aid","11":"first","12":"outofstock","13":"shipping-taxable","14":"purchasable","15":"product-type-simple"},"_links":{"self":[{"href":"https:\/\/eltiosam.com.mx\/index.php\/wp-json\/wp\/v2\/product\/11186","targetHints":{"allow":["GET"]}}],"collection":[{"href":"https:\/\/eltiosam.com.mx\/index.php\/wp-json\/wp\/v2\/product"}],"about":[{"href":"https:\/\/eltiosam.com.mx\/index.php\/wp-json\/wp\/v2\/types\/product"}],"wp:featuredmedia":[{"embeddable":true,"href":"https:\/\/eltiosam.com.mx\/index.php\/wp-json\/wp\/v2\/media\/11187"}],"wp:attachment":[{"href":"https:\/\/eltiosam.com.mx\/index.php\/wp-json\/wp\/v2\/media?parent=11186"}],"wp:term":[{"taxonomy":"product_brand","embeddable":true,"href":"https:\/\/eltiosam.com.mx\/index.php\/wp-json\/wp\/v2\/product_brand?post=11186"},{"taxonomy":"product_cat","embeddable":true,"href":"https:\/\/eltiosam.com.mx\/index.php\/wp-json\/wp\/v2\/product_cat?post=11186"},{"taxonomy":"product_tag","embeddable":true,"href":"https:\/\/eltiosam.com.mx\/index.php\/wp-json\/wp\/v2\/product_tag?post=11186"}],"curies":[{"name":"wp","href":"https:\/\/api.w.org\/{rel}","templated":true}]}}